{"id":1575,"date":"2017-05-04T12:02:39","date_gmt":"2017-05-04T12:02:39","guid":{"rendered":"http:\/\/43.242.212.212\/~atulco\/?page_id=1575"},"modified":"2020-06-11T13:09:09","modified_gmt":"2020-06-11T07:39:09","slug":"florasabout","status":"publish","type":"page","link":"https:\/\/www.atul.co.in\/spanish\/floras\/about","title":{"rendered":"About  Floras"},"content":{"rendered":"<div class=\"container\">\n<div class=\"about-text\">\n<p align=\"justify\">La Empresa Floras se estableci\u00f3 en el 2002 en un esfuerzo por llevar a cabo iniciativas ecol\u00f3gicas. La Empresa ofrece palmeras desarrolladas a partir de cultivos de tejido, bananos, una variedad de productos derivados de los d\u00e1tiles tales como chips, prensados y mermeladas, aceites esenciales naturales destilados al vapor y de extracci\u00f3n supercr\u00edtica y frutos de la palma. Tiene la distinci\u00f3n de ser el \u00fanico productor de la India de palmeras datileras desarrolladas a partir de cultivos de tejido.<\/p>\n<p align=\"justify\">Con una variedad de 33 productos de primera clase, Floras atiende a unos 100 clientes en 4 pa\u00edses.\u00a0 <\/p>\n<p align=\"justify\">El centro de investigaci\u00f3n se encuentra en Atul. Los centros de producci\u00f3n se encuentran en Atul y Panoli, Gujarat, y en Jodhpur, Rajasthan.<\/p>\n<p align=\"justify\">El equipo est\u00e1 formado por unos 20 miembros.<\/p>\n<p><span class=\"teal\">Atul Rajasthan Date Palms Ltd (ARDP)<\/span><\/p>\n<p>ARDP es promovido por Atul en asociaci\u00f3n con la Sociedad de Desarrollo de la Horticultura de Rajasthan (Gobierno de Rajasthan) en base al modelo de Asociaci\u00f3n P\u00fablico-Privada. La Empresa se encuentra comprometida con la producci\u00f3n y la comercializaci\u00f3n de las palmeras datileras desarrolladas a partir de cultivos de tejido, con el objetivo de mejorar la ecolog\u00eda y la econom\u00eda de las regiones \u00e1ridas de la India.<\/p>\n<p>Con la formaci\u00f3n del ARDP se espera que la India, que es el mayor importador de d\u00e1tiles del mundo, sea autosuficiente en sus requerimientos, adem\u00e1s de convertirse en un exportador de d\u00e1tiles de primera clase en todo el mundo.<\/p>\n<p>Para m\u00e1s detalles, por favor visite el siguiente enlace:<\/p>\n<p><a href=\"http:\/\/www.ardp.co.in\/index.html\" target=\"_blank\">www.ardp.co.in<\/a><\/p>\n<\/div>\n<\/div>\n","protected":false},"excerpt":{"rendered":"<p>La Empresa Floras se estableci\u00f3 en el 2002 en un esfuerzo por llevar a cabo iniciativas ecol\u00f3gicas. La Empresa ofrece palmeras desarrolladas a partir de cultivos de tejido, bananos, una variedad de productos derivados de los d\u00e1tiles tales como chips,<span class=\"ellipsis\">&hellip;<\/span><\/p>\n<div class=\"read-more\"><a href=\"https:\/\/www.atul.co.in\/spanish\/floras\/about\">Read more &#8250;<\/a><\/div>\n<p><!-- end of .read-more --><\/p>\n","protected":false},"author":1,"featured_media":960,"parent":878,"menu_order":0,"comment_status":"closed","ping_status":"closed","template":"floras-microsite-pages.php","meta":{"_acf_changed":false,"footnotes":"","_links_to":"","_links_to_target":""},"class_list":["post-1575","page","type-page","status-publish","has-post-thumbnail","hentry"],"acf":[],"yoast_head":"<!-- This site is optimized with the Yoast SEO plugin v26.8 - https:\/\/yoast.com\/product\/yoast-seo-wordpress\/ -->\n<title>Acerca de Flora | Atul<\/title>\n<meta name=\"robots\" content=\"index, follow, max-snippet:-1, max-image-preview:large, max-video-preview:-1\" \/>\n<link rel=\"canonical\" href=\"http:\/\/13.127.36.189\/spanish\/floras\/about\/\" \/>\n<meta property=\"og:locale\" content=\"en_US\" \/>\n<meta property=\"og:type\" content=\"article\" \/>\n<meta property=\"og:title\" content=\"Acerca de Flora | Atul\" \/>\n<meta property=\"og:description\" content=\"La Empresa Floras se estableci\u00f3 en el 2002 en un esfuerzo por llevar a cabo iniciativas ecol\u00f3gicas. La Empresa ofrece palmeras desarrolladas a partir de cultivos de tejido, bananos, una variedad de productos derivados de los d\u00e1tiles tales como chips,&hellip;Read more &#8250;\" \/>\n<meta property=\"og:url\" content=\"http:\/\/13.127.36.189\/spanish\/floras\/about\/\" \/>\n<meta property=\"og:site_name\" content=\"Atul Ltd\" \/>\n<meta property=\"article:modified_time\" content=\"2020-06-11T07:39:09+00:00\" \/>\n<meta property=\"og:image\" content=\"http:\/\/13.127.36.189\/spanish\/wp-content\/uploads\/floras-banner.png\" \/>\n\t<meta property=\"og:image:width\" content=\"1246\" \/>\n\t<meta property=\"og:image:height\" content=\"400\" \/>\n\t<meta property=\"og:image:type\" content=\"image\/png\" \/>\n<meta name=\"twitter:card\" content=\"summary_large_image\" \/>\n<meta name=\"twitter:label1\" content=\"Est. reading time\" \/>\n\t<meta name=\"twitter:data1\" content=\"1 minute\" \/>\n<script type=\"application\/ld+json\" class=\"yoast-schema-graph\">{\"@context\":\"https:\/\/schema.org\",\"@graph\":[{\"@type\":\"WebPage\",\"@id\":\"http:\/\/13.127.36.189\/spanish\/floras\/about\/\",\"url\":\"http:\/\/13.127.36.189\/spanish\/floras\/about\/\",\"name\":\"Acerca de Flora | Atul\",\"isPartOf\":{\"@id\":\"http:\/\/13.127.36.189\/spanish\/#website\"},\"primaryImageOfPage\":{\"@id\":\"http:\/\/13.127.36.189\/spanish\/floras\/about\/#primaryimage\"},\"image\":{\"@id\":\"http:\/\/13.127.36.189\/spanish\/floras\/about\/#primaryimage\"},\"thumbnailUrl\":\"https:\/\/www.atul.co.in\/spanish\/wp-content\/uploads\/floras-banner.png\",\"datePublished\":\"2017-05-04T12:02:39+00:00\",\"dateModified\":\"2020-06-11T07:39:09+00:00\",\"breadcrumb\":{\"@id\":\"http:\/\/13.127.36.189\/spanish\/floras\/about\/#breadcrumb\"},\"inLanguage\":\"en-US\",\"potentialAction\":[{\"@type\":\"ReadAction\",\"target\":[\"http:\/\/13.127.36.189\/spanish\/floras\/about\/\"]}]},{\"@type\":\"ImageObject\",\"inLanguage\":\"en-US\",\"@id\":\"http:\/\/13.127.36.189\/spanish\/floras\/about\/#primaryimage\",\"url\":\"https:\/\/www.atul.co.in\/spanish\/wp-content\/uploads\/floras-banner.png\",\"contentUrl\":\"https:\/\/www.atul.co.in\/spanish\/wp-content\/uploads\/floras-banner.png\",\"width\":1246,\"height\":400},{\"@type\":\"BreadcrumbList\",\"@id\":\"http:\/\/13.127.36.189\/spanish\/floras\/about\/#breadcrumb\",\"itemListElement\":[{\"@type\":\"ListItem\",\"position\":1,\"name\":\"Home\",\"item\":\"https:\/\/www.atul.co.in\/spanish\/\"},{\"@type\":\"ListItem\",\"position\":2,\"name\":\"Floras\",\"item\":\"\/\"},{\"@type\":\"ListItem\",\"position\":3,\"name\":\"About Floras\"}]},{\"@type\":\"WebSite\",\"@id\":\"http:\/\/13.127.36.189\/spanish\/#website\",\"url\":\"http:\/\/13.127.36.189\/spanish\/\",\"name\":\"Atul Ltd\",\"description\":\"\",\"potentialAction\":[{\"@type\":\"SearchAction\",\"target\":{\"@type\":\"EntryPoint\",\"urlTemplate\":\"http:\/\/13.127.36.189\/spanish\/?s={search_term_string}\"},\"query-input\":{\"@type\":\"PropertyValueSpecification\",\"valueRequired\":true,\"valueName\":\"search_term_string\"}}],\"inLanguage\":\"en-US\"}]}<\/script>\n<!-- \/ Yoast SEO plugin. -->","yoast_head_json":{"title":"Acerca de Flora | Atul","robots":{"index":"index","follow":"follow","max-snippet":"max-snippet:-1","max-image-preview":"max-image-preview:large","max-video-preview":"max-video-preview:-1"},"canonical":"http:\/\/13.127.36.189\/spanish\/floras\/about\/","og_locale":"en_US","og_type":"article","og_title":"Acerca de Flora | Atul","og_description":"La Empresa Floras se estableci\u00f3 en el 2002 en un esfuerzo por llevar a cabo iniciativas ecol\u00f3gicas. La Empresa ofrece palmeras desarrolladas a partir de cultivos de tejido, bananos, una variedad de productos derivados de los d\u00e1tiles tales como chips,&hellip;Read more &#8250;","og_url":"http:\/\/13.127.36.189\/spanish\/floras\/about\/","og_site_name":"Atul Ltd","article_modified_time":"2020-06-11T07:39:09+00:00","og_image":[{"width":1246,"height":400,"url":"http:\/\/13.127.36.189\/spanish\/wp-content\/uploads\/floras-banner.png","type":"image\/png"}],"twitter_card":"summary_large_image","twitter_misc":{"Est. reading time":"1 minute"},"schema":{"@context":"https:\/\/schema.org","@graph":[{"@type":"WebPage","@id":"http:\/\/13.127.36.189\/spanish\/floras\/about\/","url":"http:\/\/13.127.36.189\/spanish\/floras\/about\/","name":"Acerca de Flora | Atul","isPartOf":{"@id":"http:\/\/13.127.36.189\/spanish\/#website"},"primaryImageOfPage":{"@id":"http:\/\/13.127.36.189\/spanish\/floras\/about\/#primaryimage"},"image":{"@id":"http:\/\/13.127.36.189\/spanish\/floras\/about\/#primaryimage"},"thumbnailUrl":"https:\/\/www.atul.co.in\/spanish\/wp-content\/uploads\/floras-banner.png","datePublished":"2017-05-04T12:02:39+00:00","dateModified":"2020-06-11T07:39:09+00:00","breadcrumb":{"@id":"http:\/\/13.127.36.189\/spanish\/floras\/about\/#breadcrumb"},"inLanguage":"en-US","potentialAction":[{"@type":"ReadAction","target":["http:\/\/13.127.36.189\/spanish\/floras\/about\/"]}]},{"@type":"ImageObject","inLanguage":"en-US","@id":"http:\/\/13.127.36.189\/spanish\/floras\/about\/#primaryimage","url":"https:\/\/www.atul.co.in\/spanish\/wp-content\/uploads\/floras-banner.png","contentUrl":"https:\/\/www.atul.co.in\/spanish\/wp-content\/uploads\/floras-banner.png","width":1246,"height":400},{"@type":"BreadcrumbList","@id":"http:\/\/13.127.36.189\/spanish\/floras\/about\/#breadcrumb","itemListElement":[{"@type":"ListItem","position":1,"name":"Home","item":"https:\/\/www.atul.co.in\/spanish\/"},{"@type":"ListItem","position":2,"name":"Floras","item":"\/"},{"@type":"ListItem","position":3,"name":"About Floras"}]},{"@type":"WebSite","@id":"http:\/\/13.127.36.189\/spanish\/#website","url":"http:\/\/13.127.36.189\/spanish\/","name":"Atul Ltd","description":"","potentialAction":[{"@type":"SearchAction","target":{"@type":"EntryPoint","urlTemplate":"http:\/\/13.127.36.189\/spanish\/?s={search_term_string}"},"query-input":{"@type":"PropertyValueSpecification","valueRequired":true,"valueName":"search_term_string"}}],"inLanguage":"en-US"}]}},"_links":{"self":[{"href":"https:\/\/www.atul.co.in\/spanish\/wp-json\/wp\/v2\/pages\/1575","targetHints":{"allow":["GET"]}}],"collection":[{"href":"https:\/\/www.atul.co.in\/spanish\/wp-json\/wp\/v2\/pages"}],"about":[{"href":"https:\/\/www.atul.co.in\/spanish\/wp-json\/wp\/v2\/types\/page"}],"author":[{"embeddable":true,"href":"https:\/\/www.atul.co.in\/spanish\/wp-json\/wp\/v2\/users\/1"}],"replies":[{"embeddable":true,"href":"https:\/\/www.atul.co.in\/spanish\/wp-json\/wp\/v2\/comments?post=1575"}],"version-history":[{"count":0,"href":"https:\/\/www.atul.co.in\/spanish\/wp-json\/wp\/v2\/pages\/1575\/revisions"}],"up":[{"embeddable":true,"href":"https:\/\/www.atul.co.in\/spanish\/wp-json\/wp\/v2\/pages\/878"}],"wp:featuredmedia":[{"embeddable":true,"href":"https:\/\/www.atul.co.in\/spanish\/wp-json\/wp\/v2\/media\/960"}],"wp:attachment":[{"href":"https:\/\/www.atul.co.in\/spanish\/wp-json\/wp\/v2\/media?parent=1575"}],"curies":[{"name":"wp","href":"https:\/\/api.w.org\/{rel}","templated":true}]}}