{"id":1579,"date":"2017-05-04T12:14:08","date_gmt":"2017-05-04T12:14:08","guid":{"rendered":"http:\/\/43.242.212.212\/~atulco\/?page_id=1579"},"modified":"2020-05-30T09:12:20","modified_gmt":"2020-05-30T03:42:20","slug":"polymersabout","status":"publish","type":"page","link":"https:\/\/www.atul.co.in\/spanish\/polymers\/about","title":{"rendered":"Acerca de Polimeros (Material de Alto REndimiento)"},"content":{"rendered":"<div class=\"container\">\n<div class=\"about-text\">\n<p align=\"justify\">El negocio de pol\u00edmeros de Atul se estableci\u00f3 en 1999 con la fusi\u00f3n de Cibatul con Atul; Cibatul era una empresa conjunta al 50% entre las antiguas Ciba Geigy y Atul, establecida en 1960 para fabricar sistemas epox\u00eddicos. La empresa fabrica una gama de resinas epox\u00eddicas, agentes de curado, diluyentes reactivos, caucho de cloropreno y adhesivos a base de poliuretano. Tiene la distinci\u00f3n de fabricar resinas epox\u00eddicas y agentes de curado por primera vez en la India.<\/p>\n<p align=\"justify\">Las instalaciones de fabricaci\u00f3n e investigaci\u00f3n se encuentran en Atul, Gujarat.<\/p>\n<p align=\"justify\">Con una cartera de 450 productos de clase mundial, Polymers atiende a 1.180 clientes en 21 pa\u00edses. Estos productos son utilizados principalmente por clientes pertenecientes a las industrias de adhesivos, compuestos, construcci\u00f3n, electricidad y electr\u00f3nica y pintura y revestimientos.<\/p>\n<p align=\"justify\">La empresa tiene la certificaci\u00f3n ISO 9001 e ISO 14001 y tambi\u00e9n tiene la certificaci\u00f3n GL.<\/p>\n<p align=\"justify\">El equipo consiste de cerca de 470 personas.<\/p>\n<\/div>\n<\/div>\n","protected":false},"excerpt":{"rendered":"<p>El negocio de pol\u00edmeros de Atul se estableci\u00f3 en 1999 con la fusi\u00f3n de Cibatul con Atul; Cibatul era una empresa conjunta al 50% entre las antiguas Ciba Geigy y Atul, establecida en 1960 para fabricar sistemas epox\u00eddicos. La empresa<span class=\"ellipsis\">&hellip;<\/span><\/p>\n<div class=\"read-more\"><a href=\"https:\/\/www.atul.co.in\/spanish\/polymers\/about\">Read more &#8250;<\/a><\/div>\n<p><!-- end of .read-more --><\/p>\n","protected":false},"author":1,"featured_media":962,"parent":890,"menu_order":0,"comment_status":"closed","ping_status":"closed","template":"polymers-performance-materials-microsite-pages.php","meta":{"_acf_changed":false,"footnotes":"","_links_to":"","_links_to_target":""},"class_list":["post-1579","page","type-page","status-publish","has-post-thumbnail","hentry"],"acf":[],"yoast_head":"<!-- This site is optimized with the Yoast SEO plugin v26.8 - https:\/\/yoast.com\/product\/yoast-seo-wordpress\/ -->\n<title>Acerca de Polimeros (Material de Alto REndimiento) | Atul<\/title>\n<meta name=\"robots\" content=\"index, follow, max-snippet:-1, max-image-preview:large, max-video-preview:-1\" \/>\n<link rel=\"canonical\" href=\"https:\/\/www.atul.co.in\/spanish\/polymers\/about\/\" \/>\n<meta property=\"og:locale\" content=\"en_US\" \/>\n<meta property=\"og:type\" content=\"article\" \/>\n<meta property=\"og:title\" content=\"Acerca de Polimeros (Material de Alto REndimiento) | Atul\" \/>\n<meta property=\"og:description\" content=\"El negocio de pol\u00edmeros de Atul se estableci\u00f3 en 1999 con la fusi\u00f3n de Cibatul con Atul; Cibatul era una empresa conjunta al 50% entre las antiguas Ciba Geigy y Atul, establecida en 1960 para fabricar sistemas epox\u00eddicos. La empresa&hellip;Read more &#8250;\" \/>\n<meta property=\"og:url\" content=\"https:\/\/www.atul.co.in\/spanish\/polymers\/about\/\" \/>\n<meta property=\"og:site_name\" content=\"Atul Ltd\" \/>\n<meta property=\"article:modified_time\" content=\"2020-05-30T03:42:20+00:00\" \/>\n<meta property=\"og:image\" content=\"https:\/\/www.atul.co.in\/spanish\/wp-content\/uploads\/polymers-performance-materials.png\" \/>\n\t<meta property=\"og:image:width\" content=\"1246\" \/>\n\t<meta property=\"og:image:height\" content=\"400\" \/>\n\t<meta property=\"og:image:type\" content=\"image\/png\" \/>\n<meta name=\"twitter:card\" content=\"summary_large_image\" \/>\n<meta name=\"twitter:label1\" content=\"Est. reading time\" \/>\n\t<meta name=\"twitter:data1\" content=\"1 minute\" \/>\n<script type=\"application\/ld+json\" class=\"yoast-schema-graph\">{\"@context\":\"https:\/\/schema.org\",\"@graph\":[{\"@type\":\"WebPage\",\"@id\":\"https:\/\/www.atul.co.in\/spanish\/polymers\/about\/\",\"url\":\"https:\/\/www.atul.co.in\/spanish\/polymers\/about\/\",\"name\":\"Acerca de Polimeros (Material de Alto REndimiento) | Atul\",\"isPartOf\":{\"@id\":\"http:\/\/13.127.36.189\/spanish\/#website\"},\"primaryImageOfPage\":{\"@id\":\"https:\/\/www.atul.co.in\/spanish\/polymers\/about\/#primaryimage\"},\"image\":{\"@id\":\"https:\/\/www.atul.co.in\/spanish\/polymers\/about\/#primaryimage\"},\"thumbnailUrl\":\"https:\/\/www.atul.co.in\/spanish\/wp-content\/uploads\/polymers-performance-materials.png\",\"datePublished\":\"2017-05-04T12:14:08+00:00\",\"dateModified\":\"2020-05-30T03:42:20+00:00\",\"breadcrumb\":{\"@id\":\"https:\/\/www.atul.co.in\/spanish\/polymers\/about\/#breadcrumb\"},\"inLanguage\":\"en-US\",\"potentialAction\":[{\"@type\":\"ReadAction\",\"target\":[\"https:\/\/www.atul.co.in\/spanish\/polymers\/about\/\"]}]},{\"@type\":\"ImageObject\",\"inLanguage\":\"en-US\",\"@id\":\"https:\/\/www.atul.co.in\/spanish\/polymers\/about\/#primaryimage\",\"url\":\"https:\/\/www.atul.co.in\/spanish\/wp-content\/uploads\/polymers-performance-materials.png\",\"contentUrl\":\"https:\/\/www.atul.co.in\/spanish\/wp-content\/uploads\/polymers-performance-materials.png\",\"width\":1246,\"height\":400},{\"@type\":\"BreadcrumbList\",\"@id\":\"https:\/\/www.atul.co.in\/spanish\/polymers\/about\/#breadcrumb\",\"itemListElement\":[{\"@type\":\"ListItem\",\"position\":1,\"name\":\"Home\",\"item\":\"https:\/\/www.atul.co.in\/spanish\/\"},{\"@type\":\"ListItem\",\"position\":2,\"name\":\"Polymers Performance Materials\",\"item\":\"\/\"},{\"@type\":\"ListItem\",\"position\":3,\"name\":\"Acerca de Polimeros (Material de Alto REndimiento)\"}]},{\"@type\":\"WebSite\",\"@id\":\"http:\/\/13.127.36.189\/spanish\/#website\",\"url\":\"http:\/\/13.127.36.189\/spanish\/\",\"name\":\"Atul Ltd\",\"description\":\"\",\"potentialAction\":[{\"@type\":\"SearchAction\",\"target\":{\"@type\":\"EntryPoint\",\"urlTemplate\":\"http:\/\/13.127.36.189\/spanish\/?s={search_term_string}\"},\"query-input\":{\"@type\":\"PropertyValueSpecification\",\"valueRequired\":true,\"valueName\":\"search_term_string\"}}],\"inLanguage\":\"en-US\"}]}<\/script>\n<!-- \/ Yoast SEO plugin. -->","yoast_head_json":{"title":"Acerca de Polimeros (Material de Alto REndimiento) | Atul","robots":{"index":"index","follow":"follow","max-snippet":"max-snippet:-1","max-image-preview":"max-image-preview:large","max-video-preview":"max-video-preview:-1"},"canonical":"https:\/\/www.atul.co.in\/spanish\/polymers\/about\/","og_locale":"en_US","og_type":"article","og_title":"Acerca de Polimeros (Material de Alto REndimiento) | Atul","og_description":"El negocio de pol\u00edmeros de Atul se estableci\u00f3 en 1999 con la fusi\u00f3n de Cibatul con Atul; Cibatul era una empresa conjunta al 50% entre las antiguas Ciba Geigy y Atul, establecida en 1960 para fabricar sistemas epox\u00eddicos. La empresa&hellip;Read more &#8250;","og_url":"https:\/\/www.atul.co.in\/spanish\/polymers\/about\/","og_site_name":"Atul Ltd","article_modified_time":"2020-05-30T03:42:20+00:00","og_image":[{"width":1246,"height":400,"url":"https:\/\/www.atul.co.in\/spanish\/wp-content\/uploads\/polymers-performance-materials.png","type":"image\/png"}],"twitter_card":"summary_large_image","twitter_misc":{"Est. reading time":"1 minute"},"schema":{"@context":"https:\/\/schema.org","@graph":[{"@type":"WebPage","@id":"https:\/\/www.atul.co.in\/spanish\/polymers\/about\/","url":"https:\/\/www.atul.co.in\/spanish\/polymers\/about\/","name":"Acerca de Polimeros (Material de Alto REndimiento) | Atul","isPartOf":{"@id":"http:\/\/13.127.36.189\/spanish\/#website"},"primaryImageOfPage":{"@id":"https:\/\/www.atul.co.in\/spanish\/polymers\/about\/#primaryimage"},"image":{"@id":"https:\/\/www.atul.co.in\/spanish\/polymers\/about\/#primaryimage"},"thumbnailUrl":"https:\/\/www.atul.co.in\/spanish\/wp-content\/uploads\/polymers-performance-materials.png","datePublished":"2017-05-04T12:14:08+00:00","dateModified":"2020-05-30T03:42:20+00:00","breadcrumb":{"@id":"https:\/\/www.atul.co.in\/spanish\/polymers\/about\/#breadcrumb"},"inLanguage":"en-US","potentialAction":[{"@type":"ReadAction","target":["https:\/\/www.atul.co.in\/spanish\/polymers\/about\/"]}]},{"@type":"ImageObject","inLanguage":"en-US","@id":"https:\/\/www.atul.co.in\/spanish\/polymers\/about\/#primaryimage","url":"https:\/\/www.atul.co.in\/spanish\/wp-content\/uploads\/polymers-performance-materials.png","contentUrl":"https:\/\/www.atul.co.in\/spanish\/wp-content\/uploads\/polymers-performance-materials.png","width":1246,"height":400},{"@type":"BreadcrumbList","@id":"https:\/\/www.atul.co.in\/spanish\/polymers\/about\/#breadcrumb","itemListElement":[{"@type":"ListItem","position":1,"name":"Home","item":"https:\/\/www.atul.co.in\/spanish\/"},{"@type":"ListItem","position":2,"name":"Polymers Performance Materials","item":"\/"},{"@type":"ListItem","position":3,"name":"Acerca de Polimeros (Material de Alto REndimiento)"}]},{"@type":"WebSite","@id":"http:\/\/13.127.36.189\/spanish\/#website","url":"http:\/\/13.127.36.189\/spanish\/","name":"Atul Ltd","description":"","potentialAction":[{"@type":"SearchAction","target":{"@type":"EntryPoint","urlTemplate":"http:\/\/13.127.36.189\/spanish\/?s={search_term_string}"},"query-input":{"@type":"PropertyValueSpecification","valueRequired":true,"valueName":"search_term_string"}}],"inLanguage":"en-US"}]}},"_links":{"self":[{"href":"https:\/\/www.atul.co.in\/spanish\/wp-json\/wp\/v2\/pages\/1579","targetHints":{"allow":["GET"]}}],"collection":[{"href":"https:\/\/www.atul.co.in\/spanish\/wp-json\/wp\/v2\/pages"}],"about":[{"href":"https:\/\/www.atul.co.in\/spanish\/wp-json\/wp\/v2\/types\/page"}],"author":[{"embeddable":true,"href":"https:\/\/www.atul.co.in\/spanish\/wp-json\/wp\/v2\/users\/1"}],"replies":[{"embeddable":true,"href":"https:\/\/www.atul.co.in\/spanish\/wp-json\/wp\/v2\/comments?post=1579"}],"version-history":[{"count":0,"href":"https:\/\/www.atul.co.in\/spanish\/wp-json\/wp\/v2\/pages\/1579\/revisions"}],"up":[{"embeddable":true,"href":"https:\/\/www.atul.co.in\/spanish\/wp-json\/wp\/v2\/pages\/890"}],"wp:featuredmedia":[{"embeddable":true,"href":"https:\/\/www.atul.co.in\/spanish\/wp-json\/wp\/v2\/media\/962"}],"wp:attachment":[{"href":"https:\/\/www.atul.co.in\/spanish\/wp-json\/wp\/v2\/media?parent=1579"}],"curies":[{"name":"wp","href":"https:\/\/api.w.org\/{rel}","templated":true}]}}