{"id":1581,"date":"2017-05-04T12:21:19","date_gmt":"2017-05-04T12:21:19","guid":{"rendered":"http:\/\/43.242.212.212\/~atulco\/?page_id=1581"},"modified":"2020-06-11T13:28:51","modified_gmt":"2020-06-11T07:58:51","slug":"polymers-retailabout","status":"publish","type":"page","link":"https:\/\/www.atul.co.in\/spanish\/polymers-retail\/about","title":{"rendered":"About Polymers Retail"},"content":{"rendered":"<div class=\"container\">\n<div class=\"about-text\">\n<p align=\"justify\">El negocio de venta al por menor de pol\u00edmeros se estableci\u00f3 en 2008; es el segmento de venta al por menor del negocio de pol\u00edmeros. La empresa comercializa y vende sus productos bajo la marca Lapox\u00ae. La marca tiene una presencia en India y est\u00e1 disponible en la mayor\u00eda de los puntos de venta: ferreter\u00eda, pintura y herramientas el\u00e9ctricas, sanitarios y azulejos.<\/p>\n<p align=\"justify\">En 2010, Atul adquiri\u00f3 una marca llamada Polygrip\u00ae, para comercializar en la India adhesivos de caucho sint\u00e9tico y de caucho a base de poliuretano.<\/p>\n<p>La marca Lacare\u00ae fue lanzada en 2017 con una gama de nuevos productos de mantenimiento para aplicaciones automovil\u00edsticas, industriales y dom\u00e9sticas.<\/p>\n<p align=\"justify\">Las instalaciones de fabricaci\u00f3n e investigaci\u00f3n se encuentran en Atul, Gujarat.<\/p>\n<p align=\"justify\">Con una cartera de 50 productos, Polymers Retail sirve a m\u00e1s de 15.000 minoristas a trav\u00e9s de m\u00e1s de 500 distribuidores en toda la India. Estos productos son utilizados principalmente por los clientes para aplicaciones tales como autom\u00f3viles, fabricaci\u00f3n de brazaletes, productos qu\u00edmicos para la construcci\u00f3n, fabricaci\u00f3n de artesan\u00edas, art\u00edculos deportivos y procesamiento de piedra.<\/p>\n<p align=\"justify\">La Empresa est\u00e1 certificada por la ISO 9001 e ISO 14001.<\/p>\n<p align=\"justify\">El equipo consiste de cerca de 194 personas.<\/p>\n<\/div>\n<\/div>\n","protected":false},"excerpt":{"rendered":"<p>El negocio de venta al por menor de pol\u00edmeros se estableci\u00f3 en 2008; es el segmento de venta al por menor del negocio de pol\u00edmeros. La empresa comercializa y vende sus productos bajo la marca Lapox\u00ae. La marca tiene una<span class=\"ellipsis\">&hellip;<\/span><\/p>\n<div class=\"read-more\"><a href=\"https:\/\/www.atul.co.in\/spanish\/polymers-retail\/about\">Read more &#8250;<\/a><\/div>\n<p><!-- end of .read-more --><\/p>\n","protected":false},"author":1,"featured_media":963,"parent":896,"menu_order":0,"comment_status":"closed","ping_status":"closed","template":"polymers-retail-microsite-pages.php","meta":{"_acf_changed":false,"footnotes":"","_links_to":"","_links_to_target":""},"class_list":["post-1581","page","type-page","status-publish","has-post-thumbnail","hentry"],"acf":[],"yoast_head":"<!-- This site is optimized with the Yoast SEO plugin v26.8 - https:\/\/yoast.com\/product\/yoast-seo-wordpress\/ -->\n<title>Acerca de Polymers Venta al por menor | Atul<\/title>\n<meta name=\"robots\" content=\"index, follow, max-snippet:-1, max-image-preview:large, max-video-preview:-1\" \/>\n<link rel=\"canonical\" href=\"https:\/\/www.atul.co.in\/spanish\/polymers-retail\/about\/\" \/>\n<meta property=\"og:locale\" content=\"en_US\" \/>\n<meta property=\"og:type\" content=\"article\" \/>\n<meta property=\"og:title\" content=\"Acerca de Polymers Venta al por menor | Atul\" \/>\n<meta property=\"og:description\" content=\"El negocio de venta al por menor de pol\u00edmeros se estableci\u00f3 en 2008; es el segmento de venta al por menor del negocio de pol\u00edmeros. La empresa comercializa y vende sus productos bajo la marca Lapox\u00ae. La marca tiene una&hellip;Read more &#8250;\" \/>\n<meta property=\"og:url\" content=\"https:\/\/www.atul.co.in\/spanish\/polymers-retail\/about\/\" \/>\n<meta property=\"og:site_name\" content=\"Atul Ltd\" \/>\n<meta property=\"article:modified_time\" content=\"2020-06-11T07:58:51+00:00\" \/>\n<meta property=\"og:image\" content=\"https:\/\/www.atul.co.in\/spanish\/wp-content\/uploads\/polymers-retail-banner.png\" \/>\n\t<meta property=\"og:image:width\" content=\"1246\" \/>\n\t<meta property=\"og:image:height\" content=\"400\" \/>\n\t<meta property=\"og:image:type\" content=\"image\/png\" \/>\n<meta name=\"twitter:card\" content=\"summary_large_image\" \/>\n<meta name=\"twitter:label1\" content=\"Est. reading time\" \/>\n\t<meta name=\"twitter:data1\" content=\"1 minute\" \/>\n<script type=\"application\/ld+json\" class=\"yoast-schema-graph\">{\"@context\":\"https:\/\/schema.org\",\"@graph\":[{\"@type\":\"WebPage\",\"@id\":\"https:\/\/www.atul.co.in\/spanish\/polymers-retail\/about\/\",\"url\":\"https:\/\/www.atul.co.in\/spanish\/polymers-retail\/about\/\",\"name\":\"Acerca de Polymers Venta al por menor | Atul\",\"isPartOf\":{\"@id\":\"http:\/\/13.127.36.189\/spanish\/#website\"},\"primaryImageOfPage\":{\"@id\":\"https:\/\/www.atul.co.in\/spanish\/polymers-retail\/about\/#primaryimage\"},\"image\":{\"@id\":\"https:\/\/www.atul.co.in\/spanish\/polymers-retail\/about\/#primaryimage\"},\"thumbnailUrl\":\"https:\/\/www.atul.co.in\/spanish\/wp-content\/uploads\/polymers-retail-banner.png\",\"datePublished\":\"2017-05-04T12:21:19+00:00\",\"dateModified\":\"2020-06-11T07:58:51+00:00\",\"breadcrumb\":{\"@id\":\"https:\/\/www.atul.co.in\/spanish\/polymers-retail\/about\/#breadcrumb\"},\"inLanguage\":\"en-US\",\"potentialAction\":[{\"@type\":\"ReadAction\",\"target\":[\"https:\/\/www.atul.co.in\/spanish\/polymers-retail\/about\/\"]}]},{\"@type\":\"ImageObject\",\"inLanguage\":\"en-US\",\"@id\":\"https:\/\/www.atul.co.in\/spanish\/polymers-retail\/about\/#primaryimage\",\"url\":\"https:\/\/www.atul.co.in\/spanish\/wp-content\/uploads\/polymers-retail-banner.png\",\"contentUrl\":\"https:\/\/www.atul.co.in\/spanish\/wp-content\/uploads\/polymers-retail-banner.png\",\"width\":1246,\"height\":400},{\"@type\":\"BreadcrumbList\",\"@id\":\"https:\/\/www.atul.co.in\/spanish\/polymers-retail\/about\/#breadcrumb\",\"itemListElement\":[{\"@type\":\"ListItem\",\"position\":1,\"name\":\"Home\",\"item\":\"https:\/\/www.atul.co.in\/spanish\/\"},{\"@type\":\"ListItem\",\"position\":2,\"name\":\"Polymers Retail\",\"item\":\"\/\"},{\"@type\":\"ListItem\",\"position\":3,\"name\":\"About Polymers Retail\"}]},{\"@type\":\"WebSite\",\"@id\":\"http:\/\/13.127.36.189\/spanish\/#website\",\"url\":\"http:\/\/13.127.36.189\/spanish\/\",\"name\":\"Atul Ltd\",\"description\":\"\",\"potentialAction\":[{\"@type\":\"SearchAction\",\"target\":{\"@type\":\"EntryPoint\",\"urlTemplate\":\"http:\/\/13.127.36.189\/spanish\/?s={search_term_string}\"},\"query-input\":{\"@type\":\"PropertyValueSpecification\",\"valueRequired\":true,\"valueName\":\"search_term_string\"}}],\"inLanguage\":\"en-US\"}]}<\/script>\n<!-- \/ Yoast SEO plugin. -->","yoast_head_json":{"title":"Acerca de Polymers Venta al por menor | Atul","robots":{"index":"index","follow":"follow","max-snippet":"max-snippet:-1","max-image-preview":"max-image-preview:large","max-video-preview":"max-video-preview:-1"},"canonical":"https:\/\/www.atul.co.in\/spanish\/polymers-retail\/about\/","og_locale":"en_US","og_type":"article","og_title":"Acerca de Polymers Venta al por menor | Atul","og_description":"El negocio de venta al por menor de pol\u00edmeros se estableci\u00f3 en 2008; es el segmento de venta al por menor del negocio de pol\u00edmeros. La empresa comercializa y vende sus productos bajo la marca Lapox\u00ae. La marca tiene una&hellip;Read more &#8250;","og_url":"https:\/\/www.atul.co.in\/spanish\/polymers-retail\/about\/","og_site_name":"Atul Ltd","article_modified_time":"2020-06-11T07:58:51+00:00","og_image":[{"width":1246,"height":400,"url":"https:\/\/www.atul.co.in\/spanish\/wp-content\/uploads\/polymers-retail-banner.png","type":"image\/png"}],"twitter_card":"summary_large_image","twitter_misc":{"Est. reading time":"1 minute"},"schema":{"@context":"https:\/\/schema.org","@graph":[{"@type":"WebPage","@id":"https:\/\/www.atul.co.in\/spanish\/polymers-retail\/about\/","url":"https:\/\/www.atul.co.in\/spanish\/polymers-retail\/about\/","name":"Acerca de Polymers Venta al por menor | Atul","isPartOf":{"@id":"http:\/\/13.127.36.189\/spanish\/#website"},"primaryImageOfPage":{"@id":"https:\/\/www.atul.co.in\/spanish\/polymers-retail\/about\/#primaryimage"},"image":{"@id":"https:\/\/www.atul.co.in\/spanish\/polymers-retail\/about\/#primaryimage"},"thumbnailUrl":"https:\/\/www.atul.co.in\/spanish\/wp-content\/uploads\/polymers-retail-banner.png","datePublished":"2017-05-04T12:21:19+00:00","dateModified":"2020-06-11T07:58:51+00:00","breadcrumb":{"@id":"https:\/\/www.atul.co.in\/spanish\/polymers-retail\/about\/#breadcrumb"},"inLanguage":"en-US","potentialAction":[{"@type":"ReadAction","target":["https:\/\/www.atul.co.in\/spanish\/polymers-retail\/about\/"]}]},{"@type":"ImageObject","inLanguage":"en-US","@id":"https:\/\/www.atul.co.in\/spanish\/polymers-retail\/about\/#primaryimage","url":"https:\/\/www.atul.co.in\/spanish\/wp-content\/uploads\/polymers-retail-banner.png","contentUrl":"https:\/\/www.atul.co.in\/spanish\/wp-content\/uploads\/polymers-retail-banner.png","width":1246,"height":400},{"@type":"BreadcrumbList","@id":"https:\/\/www.atul.co.in\/spanish\/polymers-retail\/about\/#breadcrumb","itemListElement":[{"@type":"ListItem","position":1,"name":"Home","item":"https:\/\/www.atul.co.in\/spanish\/"},{"@type":"ListItem","position":2,"name":"Polymers Retail","item":"\/"},{"@type":"ListItem","position":3,"name":"About Polymers Retail"}]},{"@type":"WebSite","@id":"http:\/\/13.127.36.189\/spanish\/#website","url":"http:\/\/13.127.36.189\/spanish\/","name":"Atul Ltd","description":"","potentialAction":[{"@type":"SearchAction","target":{"@type":"EntryPoint","urlTemplate":"http:\/\/13.127.36.189\/spanish\/?s={search_term_string}"},"query-input":{"@type":"PropertyValueSpecification","valueRequired":true,"valueName":"search_term_string"}}],"inLanguage":"en-US"}]}},"_links":{"self":[{"href":"https:\/\/www.atul.co.in\/spanish\/wp-json\/wp\/v2\/pages\/1581","targetHints":{"allow":["GET"]}}],"collection":[{"href":"https:\/\/www.atul.co.in\/spanish\/wp-json\/wp\/v2\/pages"}],"about":[{"href":"https:\/\/www.atul.co.in\/spanish\/wp-json\/wp\/v2\/types\/page"}],"author":[{"embeddable":true,"href":"https:\/\/www.atul.co.in\/spanish\/wp-json\/wp\/v2\/users\/1"}],"replies":[{"embeddable":true,"href":"https:\/\/www.atul.co.in\/spanish\/wp-json\/wp\/v2\/comments?post=1581"}],"version-history":[{"count":0,"href":"https:\/\/www.atul.co.in\/spanish\/wp-json\/wp\/v2\/pages\/1581\/revisions"}],"up":[{"embeddable":true,"href":"https:\/\/www.atul.co.in\/spanish\/wp-json\/wp\/v2\/pages\/896"}],"wp:featuredmedia":[{"embeddable":true,"href":"https:\/\/www.atul.co.in\/spanish\/wp-json\/wp\/v2\/media\/963"}],"wp:attachment":[{"href":"https:\/\/www.atul.co.in\/spanish\/wp-json\/wp\/v2\/media?parent=1581"}],"curies":[{"name":"wp","href":"https:\/\/api.w.org\/{rel}","templated":true}]}}