{"id":178,"date":"2017-01-23T08:53:04","date_gmt":"2017-01-23T08:53:04","guid":{"rendered":"http:\/\/43.242.212.212\/~atulco\/?page_id=178"},"modified":"2020-06-02T21:57:57","modified_gmt":"2020-06-02T16:27:57","slug":"sustainabilityenvironmental-sustainability","status":"publish","type":"page","link":"https:\/\/www.atul.co.in\/spanish\/sustainability\/environmental-sustainability","title":{"rendered":"Sostenibilidad Ambiental"},"content":{"rendered":"<div class=\"about-text\">La sostenibilidad ambiental se refiere al impacto de una compa\u00f1ia en los sistemas naturales vivos y no vivos, incluyendo la tierra, agua, aire y ecosistemas. Se refiere tambi\u00e9n al impacto relacionado con los insumos (como la energ\u00eda y el agua) y los productos (como las emisiones, aguas residuales y los desechos). Adem\u00e1s, abarca el impacto sobre la biodiversidad, el transporte, el impacto relacionado con los productos y servicios, el cumplimiento de las normas ambientales y los gastos.<\/p>\n<p>Atul se esfuerza en cubrir los siguientes aspectos de la sostenibilidad ambiental:<\/p>\n<ul class=\"arrow-list\">\n<li>Materiales<\/li>\n<li>Energ\u00eda<\/li>\n<li>Agua<\/li>\n<li>Biodiversidad<\/li>\n<li>Emisiones, aguas residuales y desechos<\/li>\n<li>Productos y servicios<\/li>\n<li>Cumplimiento\n<ul>\n<li><a href=\"https:\/\/www.atul.co.in\/spanish\/pdf\/Atul EC compliance report-July 23, 2019.pdf\" target=\"_blank\">Atul EC compliance Report &#8211; July 23, 2019<\/a><\/li>\n<li><a href=\"https:\/\/www.atul.co.in\/spanish\/pdf\/Fly Ash Stock Report.pdf\" target=\"_blank\">Reporte de las Acciones Fly Ash<\/a><\/li>\n<li><a href=\"https:\/\/www.atul.co.in\/spanish\/pdf\/Atul environmental clearance for expansion 2019.pdf\" target=\"_blank\">Autorizaci\u00f3n ambiental de Atul para la expansi\u00f3n 2019<\/a><\/li>\n<li><a href=\"https:\/\/www.atul.co.in\/spanish\/pdf\/Atul EC Compliance Report - December 31, 2018.pdf\" target=\"_blank\">Reporte de Cumplimiento de Autorizaci\u00f3n Ambiental de Atul &#8211; Diciembre 31, 2018<\/a><\/li>\n<li><a href=\"https:\/\/www.atul.co.in\/spanish\/pdf\/Atul_EC_compliance_report _June 30-2018.pdf\" target=\"_blank\">Reporte de Cumplimiento de Autorizaci\u00f3n Ambiental de Atul &#8211; Junio 30, 2018<\/a><\/li>\n<li><a href=\"https:\/\/www.atul.co.in\/spanish\/wp-content\/uploads\/Atul EC compliance report - November 30, 2017.pdf\" target=\"_blank\">Reporte de Cumplimiento de Autorizaci\u00f3n Ambiental de Atul &#8211; Noviembre 30, 2017<br \/>\n<\/a><\/li>\n<li><a href=\"https:\/\/www.atul.co.in\/spanish\/wp-content\/uploads\/Atul EC compliance report-July 2017.pdf\" target=\"_blank\">Reporte de Cumplimiento de Autorizaci\u00f3n Ambiental de Atul &#8211; Julio 17, 2017<\/a><\/li>\n<li><a href=\"https:\/\/www.atul.co.in\/spanish\/wp-content\/uploads\/Atul EC compliance report-January 2017.pdf\" target=\"_blank\">Reporte de Cumplimiento de Autorizaci\u00f3n Ambiental de Atul &#8211; Enero 27, 2017<\/a><\/li>\n<li><a href=\"https:\/\/www.atul.co.in\/spanish\/wp-content\/uploads\/2017\/08\/Atul-Environmental-Clearance-for-expansion-2004.pdf\" target=\"_blank\">Autorizaci\u00f3n ambiental de Atul para la expansi\u00f3n 2004<\/a><\/li>\n<li><a href=\"https:\/\/www.atul.co.in\/spanish\/wp-content\/uploads\/2017\/08\/Atul-Environmental-Clearance-for-22-MW-power-plant-2016.pdf\" target=\"_blank\">Autorizaci\u00f3n ambiental de Atul para la planta de energ\u00eda 22 MW 2016<\/a><\/li>\n<li><a href=\"https:\/\/www.atul.co.in\/spanish\/wp-content\/uploads\/2017\/08\/Atul-Environmental-Clearance-for-expansion-2009.pdf\" target=\"_blank\">Autorizaci\u00f3n ambiental de Atul para la expansi\u00f3n 2009<\/a><\/li>\n<li><a href=\"https:\/\/www.atul.co.in\/spanish\/wp-content\/uploads\/2017\/01\/Atul-CRZ-permission-for-4-Km-Effluent-discharge-line-1998.pdf\" target=\"_blank\">Permiso de 4 km de linea para descarga de aguas residuales CRZ de Atul 1998<\/a><\/li>\n<\/ul>\n<\/li>\n<li>Transporte<\/li>\n<li>Evaluaci\u00f3n ambiental del proveedor<\/li>\n<li>Mecanismos de reclamaci\u00f3n del medio ambiente<\/li>\n<\/ul>\n","protected":false},"excerpt":{"rendered":"<p>La sostenibilidad ambiental se refiere al impacto de una compa\u00f1ia en los sistemas naturales vivos y no vivos, incluyendo la tierra, agua, aire y ecosistemas. Se refiere tambi\u00e9n al impacto relacionado con los insumos (como la energ\u00eda y el agua)<span class=\"ellipsis\">&hellip;<\/span><\/p>\n<div class=\"read-more\"><a href=\"https:\/\/www.atul.co.in\/spanish\/sustainability\/environmental-sustainability\">Read more &#8250;<\/a><\/div>\n<p><!-- end of .read-more --><\/p>\n","protected":false},"author":1,"featured_media":5592,"parent":0,"menu_order":0,"comment_status":"closed","ping_status":"closed","template":"","meta":{"_acf_changed":false,"footnotes":"","_links_to":"","_links_to_target":""},"class_list":["post-178","page","type-page","status-publish","has-post-thumbnail","hentry"],"acf":[],"yoast_head":"<!-- This site is optimized with the Yoast SEO plugin v26.8 - https:\/\/yoast.com\/product\/yoast-seo-wordpress\/ -->\n<title>Sostenibilidad Ambiental | Atul<\/title>\n<meta name=\"robots\" content=\"index, follow, max-snippet:-1, max-image-preview:large, max-video-preview:-1\" \/>\n<link rel=\"canonical\" href=\"https:\/\/www.atul.co.in\/spanish\/sustainability\/environmental-sustainability\/\" \/>\n<meta property=\"og:locale\" content=\"en_US\" \/>\n<meta property=\"og:type\" content=\"article\" \/>\n<meta property=\"og:title\" content=\"Sostenibilidad Ambiental | Atul\" \/>\n<meta property=\"og:description\" content=\"La sostenibilidad ambiental se refiere al impacto de una compa\u00f1ia en los sistemas naturales vivos y no vivos, incluyendo la tierra, agua, aire y ecosistemas. Se refiere tambi\u00e9n al impacto relacionado con los insumos (como la energ\u00eda y el agua)&hellip;Read more &#8250;\" \/>\n<meta property=\"og:url\" content=\"https:\/\/www.atul.co.in\/spanish\/sustainability\/environmental-sustainability\/\" \/>\n<meta property=\"og:site_name\" content=\"Atul Ltd\" \/>\n<meta property=\"article:modified_time\" content=\"2020-06-02T16:27:57+00:00\" \/>\n<meta property=\"og:image\" content=\"https:\/\/www.atul.co.in\/spanish\/wp-content\/uploads\/2017\/01\/sustainability-environmental-dimension.jpg\" \/>\n\t<meta property=\"og:image:width\" content=\"1250\" \/>\n\t<meta property=\"og:image:height\" content=\"335\" \/>\n\t<meta property=\"og:image:type\" content=\"image\/jpeg\" \/>\n<meta name=\"twitter:card\" content=\"summary_large_image\" \/>\n<meta name=\"twitter:label1\" content=\"Est. reading time\" \/>\n\t<meta name=\"twitter:data1\" content=\"1 minute\" \/>\n<script type=\"application\/ld+json\" class=\"yoast-schema-graph\">{\"@context\":\"https:\/\/schema.org\",\"@graph\":[{\"@type\":\"WebPage\",\"@id\":\"https:\/\/www.atul.co.in\/spanish\/sustainability\/environmental-sustainability\/\",\"url\":\"https:\/\/www.atul.co.in\/spanish\/sustainability\/environmental-sustainability\/\",\"name\":\"Sostenibilidad Ambiental | Atul\",\"isPartOf\":{\"@id\":\"http:\/\/13.127.36.189\/spanish\/#website\"},\"primaryImageOfPage\":{\"@id\":\"https:\/\/www.atul.co.in\/spanish\/sustainability\/environmental-sustainability\/#primaryimage\"},\"image\":{\"@id\":\"https:\/\/www.atul.co.in\/spanish\/sustainability\/environmental-sustainability\/#primaryimage\"},\"thumbnailUrl\":\"https:\/\/www.atul.co.in\/spanish\/wp-content\/uploads\/2017\/01\/sustainability-environmental-dimension.jpg\",\"datePublished\":\"2017-01-23T08:53:04+00:00\",\"dateModified\":\"2020-06-02T16:27:57+00:00\",\"breadcrumb\":{\"@id\":\"https:\/\/www.atul.co.in\/spanish\/sustainability\/environmental-sustainability\/#breadcrumb\"},\"inLanguage\":\"en-US\",\"potentialAction\":[{\"@type\":\"ReadAction\",\"target\":[\"https:\/\/www.atul.co.in\/spanish\/sustainability\/environmental-sustainability\/\"]}]},{\"@type\":\"ImageObject\",\"inLanguage\":\"en-US\",\"@id\":\"https:\/\/www.atul.co.in\/spanish\/sustainability\/environmental-sustainability\/#primaryimage\",\"url\":\"https:\/\/www.atul.co.in\/spanish\/wp-content\/uploads\/2017\/01\/sustainability-environmental-dimension.jpg\",\"contentUrl\":\"https:\/\/www.atul.co.in\/spanish\/wp-content\/uploads\/2017\/01\/sustainability-environmental-dimension.jpg\",\"width\":1250,\"height\":335},{\"@type\":\"BreadcrumbList\",\"@id\":\"https:\/\/www.atul.co.in\/spanish\/sustainability\/environmental-sustainability\/#breadcrumb\",\"itemListElement\":[{\"@type\":\"ListItem\",\"position\":1,\"name\":\"Home\",\"item\":\"https:\/\/www.atul.co.in\/spanish\/\"},{\"@type\":\"ListItem\",\"position\":2,\"name\":\"Sostenibilidad Ambiental\"}]},{\"@type\":\"WebSite\",\"@id\":\"http:\/\/13.127.36.189\/spanish\/#website\",\"url\":\"http:\/\/13.127.36.189\/spanish\/\",\"name\":\"Atul Ltd\",\"description\":\"\",\"potentialAction\":[{\"@type\":\"SearchAction\",\"target\":{\"@type\":\"EntryPoint\",\"urlTemplate\":\"http:\/\/13.127.36.189\/spanish\/?s={search_term_string}\"},\"query-input\":{\"@type\":\"PropertyValueSpecification\",\"valueRequired\":true,\"valueName\":\"search_term_string\"}}],\"inLanguage\":\"en-US\"}]}<\/script>\n<!-- \/ Yoast SEO plugin. -->","yoast_head_json":{"title":"Sostenibilidad Ambiental | Atul","robots":{"index":"index","follow":"follow","max-snippet":"max-snippet:-1","max-image-preview":"max-image-preview:large","max-video-preview":"max-video-preview:-1"},"canonical":"https:\/\/www.atul.co.in\/spanish\/sustainability\/environmental-sustainability\/","og_locale":"en_US","og_type":"article","og_title":"Sostenibilidad Ambiental | Atul","og_description":"La sostenibilidad ambiental se refiere al impacto de una compa\u00f1ia en los sistemas naturales vivos y no vivos, incluyendo la tierra, agua, aire y ecosistemas. Se refiere tambi\u00e9n al impacto relacionado con los insumos (como la energ\u00eda y el agua)&hellip;Read more &#8250;","og_url":"https:\/\/www.atul.co.in\/spanish\/sustainability\/environmental-sustainability\/","og_site_name":"Atul Ltd","article_modified_time":"2020-06-02T16:27:57+00:00","og_image":[{"width":1250,"height":335,"url":"https:\/\/www.atul.co.in\/spanish\/wp-content\/uploads\/2017\/01\/sustainability-environmental-dimension.jpg","type":"image\/jpeg"}],"twitter_card":"summary_large_image","twitter_misc":{"Est. reading time":"1 minute"},"schema":{"@context":"https:\/\/schema.org","@graph":[{"@type":"WebPage","@id":"https:\/\/www.atul.co.in\/spanish\/sustainability\/environmental-sustainability\/","url":"https:\/\/www.atul.co.in\/spanish\/sustainability\/environmental-sustainability\/","name":"Sostenibilidad Ambiental | Atul","isPartOf":{"@id":"http:\/\/13.127.36.189\/spanish\/#website"},"primaryImageOfPage":{"@id":"https:\/\/www.atul.co.in\/spanish\/sustainability\/environmental-sustainability\/#primaryimage"},"image":{"@id":"https:\/\/www.atul.co.in\/spanish\/sustainability\/environmental-sustainability\/#primaryimage"},"thumbnailUrl":"https:\/\/www.atul.co.in\/spanish\/wp-content\/uploads\/2017\/01\/sustainability-environmental-dimension.jpg","datePublished":"2017-01-23T08:53:04+00:00","dateModified":"2020-06-02T16:27:57+00:00","breadcrumb":{"@id":"https:\/\/www.atul.co.in\/spanish\/sustainability\/environmental-sustainability\/#breadcrumb"},"inLanguage":"en-US","potentialAction":[{"@type":"ReadAction","target":["https:\/\/www.atul.co.in\/spanish\/sustainability\/environmental-sustainability\/"]}]},{"@type":"ImageObject","inLanguage":"en-US","@id":"https:\/\/www.atul.co.in\/spanish\/sustainability\/environmental-sustainability\/#primaryimage","url":"https:\/\/www.atul.co.in\/spanish\/wp-content\/uploads\/2017\/01\/sustainability-environmental-dimension.jpg","contentUrl":"https:\/\/www.atul.co.in\/spanish\/wp-content\/uploads\/2017\/01\/sustainability-environmental-dimension.jpg","width":1250,"height":335},{"@type":"BreadcrumbList","@id":"https:\/\/www.atul.co.in\/spanish\/sustainability\/environmental-sustainability\/#breadcrumb","itemListElement":[{"@type":"ListItem","position":1,"name":"Home","item":"https:\/\/www.atul.co.in\/spanish\/"},{"@type":"ListItem","position":2,"name":"Sostenibilidad Ambiental"}]},{"@type":"WebSite","@id":"http:\/\/13.127.36.189\/spanish\/#website","url":"http:\/\/13.127.36.189\/spanish\/","name":"Atul Ltd","description":"","potentialAction":[{"@type":"SearchAction","target":{"@type":"EntryPoint","urlTemplate":"http:\/\/13.127.36.189\/spanish\/?s={search_term_string}"},"query-input":{"@type":"PropertyValueSpecification","valueRequired":true,"valueName":"search_term_string"}}],"inLanguage":"en-US"}]}},"_links":{"self":[{"href":"https:\/\/www.atul.co.in\/spanish\/wp-json\/wp\/v2\/pages\/178","targetHints":{"allow":["GET"]}}],"collection":[{"href":"https:\/\/www.atul.co.in\/spanish\/wp-json\/wp\/v2\/pages"}],"about":[{"href":"https:\/\/www.atul.co.in\/spanish\/wp-json\/wp\/v2\/types\/page"}],"author":[{"embeddable":true,"href":"https:\/\/www.atul.co.in\/spanish\/wp-json\/wp\/v2\/users\/1"}],"replies":[{"embeddable":true,"href":"https:\/\/www.atul.co.in\/spanish\/wp-json\/wp\/v2\/comments?post=178"}],"version-history":[{"count":0,"href":"https:\/\/www.atul.co.in\/spanish\/wp-json\/wp\/v2\/pages\/178\/revisions"}],"wp:featuredmedia":[{"embeddable":true,"href":"https:\/\/www.atul.co.in\/spanish\/wp-json\/wp\/v2\/media\/5592"}],"wp:attachment":[{"href":"https:\/\/www.atul.co.in\/spanish\/wp-json\/wp\/v2\/media?parent=178"}],"curies":[{"name":"wp","href":"https:\/\/api.w.org\/{rel}","templated":true}]}}