{"id":5355,"date":"2017-10-18T14:45:24","date_gmt":"2017-10-18T09:15:24","guid":{"rendered":"https:\/\/www.atul.co.in\/spanish\/?page_id=5355"},"modified":"2020-06-15T09:11:08","modified_gmt":"2020-06-15T03:41:08","slug":"lifewithatulpanoli","status":"publish","type":"page","link":"https:\/\/www.atul.co.in\/spanish\/lifewithatul\/panoli\/","title":{"rendered":"Panoli"},"content":{"rendered":"<div class=\"about-text\">\n<p align=\"justify\">Al rededor de 15 personas trabajan en la sede de Panoli (Gujarat). Extendida a lo largo de 40 acres, esta unidad de producci\u00f3n fue establecida por Atul en 2013. Dedicada a la produccion de plantas de cultivo de tejidos como el pl\u00e1tano, la palmera datilera, etc. Este esfuerzo ecol\u00f3gico en un establecimiento de fabricaci\u00f3n es probable que beneficie a los agricultores de las zonas cercanas.<\/p>\n<p align=\"justify\">La sede esta localizada cerca de la colonia residencial que Atul ha establecido en Ankleshwar.<\/p>\n","protected":false},"excerpt":{"rendered":"<p>Al rededor de 15 personas trabajan en la sede de Panoli (Gujarat). Extendida a lo largo de 40 acres, esta unidad de producci\u00f3n fue establecida por Atul en 2013. Dedicada a la produccion de plantas de cultivo de tejidos como<span class=\"ellipsis\">&hellip;<\/span><\/p>\n<div class=\"read-more\"><a href=\"https:\/\/www.atul.co.in\/spanish\/lifewithatul\/panoli\/\">Read more &#8250;<\/a><\/div>\n<p><!-- end of .read-more --><\/p>\n","protected":false},"author":1,"featured_media":5598,"parent":830,"menu_order":0,"comment_status":"closed","ping_status":"closed","template":"","meta":{"_acf_changed":false,"footnotes":"","_links_to":"","_links_to_target":""},"class_list":["post-5355","page","type-page","status-publish","has-post-thumbnail","hentry"],"acf":[],"yoast_head":"<!-- This site is optimized with the Yoast SEO plugin v26.8 - https:\/\/yoast.com\/product\/yoast-seo-wordpress\/ -->\n<title>La vida con Atul | Panoli<\/title>\n<meta name=\"robots\" content=\"index, follow, max-snippet:-1, max-image-preview:large, max-video-preview:-1\" \/>\n<link rel=\"canonical\" href=\"https:\/\/www.atul.co.in\/spanish\/lifewithatul\/panoli\/\" \/>\n<meta property=\"og:locale\" content=\"en_US\" \/>\n<meta property=\"og:type\" content=\"article\" \/>\n<meta property=\"og:title\" content=\"La vida con Atul | Panoli\" \/>\n<meta property=\"og:description\" content=\"Al rededor de 15 personas trabajan en la sede de Panoli (Gujarat). Extendida a lo largo de 40 acres, esta unidad de producci\u00f3n fue establecida por Atul en 2013. Dedicada a la produccion de plantas de cultivo de tejidos como&hellip;Read more &#8250;\" \/>\n<meta property=\"og:url\" content=\"https:\/\/www.atul.co.in\/spanish\/lifewithatul\/panoli\/\" \/>\n<meta property=\"og:site_name\" content=\"Atul Ltd\" \/>\n<meta property=\"article:modified_time\" content=\"2020-06-15T03:41:08+00:00\" \/>\n<meta property=\"og:image\" content=\"https:\/\/www.atul.co.in\/spanish\/wp-content\/uploads\/2017\/10\/life-with-atul-panoli-1.jpg\" \/>\n\t<meta property=\"og:image:width\" content=\"1250\" \/>\n\t<meta property=\"og:image:height\" content=\"335\" \/>\n\t<meta property=\"og:image:type\" content=\"image\/jpeg\" \/>\n<meta name=\"twitter:card\" content=\"summary_large_image\" \/>\n<script type=\"application\/ld+json\" class=\"yoast-schema-graph\">{\"@context\":\"https:\/\/schema.org\",\"@graph\":[{\"@type\":\"WebPage\",\"@id\":\"https:\/\/www.atul.co.in\/spanish\/lifewithatul\/panoli\/\",\"url\":\"https:\/\/www.atul.co.in\/spanish\/lifewithatul\/panoli\/\",\"name\":\"La vida con Atul | Panoli\",\"isPartOf\":{\"@id\":\"http:\/\/13.127.36.189\/spanish\/#website\"},\"primaryImageOfPage\":{\"@id\":\"https:\/\/www.atul.co.in\/spanish\/lifewithatul\/panoli\/#primaryimage\"},\"image\":{\"@id\":\"https:\/\/www.atul.co.in\/spanish\/lifewithatul\/panoli\/#primaryimage\"},\"thumbnailUrl\":\"https:\/\/www.atul.co.in\/spanish\/wp-content\/uploads\/2017\/10\/life-with-atul-panoli-1.jpg\",\"datePublished\":\"2017-10-18T09:15:24+00:00\",\"dateModified\":\"2020-06-15T03:41:08+00:00\",\"breadcrumb\":{\"@id\":\"https:\/\/www.atul.co.in\/spanish\/lifewithatul\/panoli\/#breadcrumb\"},\"inLanguage\":\"en-US\",\"potentialAction\":[{\"@type\":\"ReadAction\",\"target\":[\"https:\/\/www.atul.co.in\/spanish\/lifewithatul\/panoli\/\"]}]},{\"@type\":\"ImageObject\",\"inLanguage\":\"en-US\",\"@id\":\"https:\/\/www.atul.co.in\/spanish\/lifewithatul\/panoli\/#primaryimage\",\"url\":\"https:\/\/www.atul.co.in\/spanish\/wp-content\/uploads\/2017\/10\/life-with-atul-panoli-1.jpg\",\"contentUrl\":\"https:\/\/www.atul.co.in\/spanish\/wp-content\/uploads\/2017\/10\/life-with-atul-panoli-1.jpg\",\"width\":1250,\"height\":335},{\"@type\":\"BreadcrumbList\",\"@id\":\"https:\/\/www.atul.co.in\/spanish\/lifewithatul\/panoli\/#breadcrumb\",\"itemListElement\":[{\"@type\":\"ListItem\",\"position\":1,\"name\":\"Home\",\"item\":\"https:\/\/www.atul.co.in\/spanish\/\"},{\"@type\":\"ListItem\",\"position\":2,\"name\":\"La vida con Atul\",\"item\":\"http:\/\/13.127.36.189\/spanish\/lifewithatul\/\"},{\"@type\":\"ListItem\",\"position\":3,\"name\":\"Panoli\"}]},{\"@type\":\"WebSite\",\"@id\":\"http:\/\/13.127.36.189\/spanish\/#website\",\"url\":\"http:\/\/13.127.36.189\/spanish\/\",\"name\":\"Atul Ltd\",\"description\":\"\",\"potentialAction\":[{\"@type\":\"SearchAction\",\"target\":{\"@type\":\"EntryPoint\",\"urlTemplate\":\"http:\/\/13.127.36.189\/spanish\/?s={search_term_string}\"},\"query-input\":{\"@type\":\"PropertyValueSpecification\",\"valueRequired\":true,\"valueName\":\"search_term_string\"}}],\"inLanguage\":\"en-US\"}]}<\/script>\n<!-- \/ Yoast SEO plugin. -->","yoast_head_json":{"title":"La vida con Atul | Panoli","robots":{"index":"index","follow":"follow","max-snippet":"max-snippet:-1","max-image-preview":"max-image-preview:large","max-video-preview":"max-video-preview:-1"},"canonical":"https:\/\/www.atul.co.in\/spanish\/lifewithatul\/panoli\/","og_locale":"en_US","og_type":"article","og_title":"La vida con Atul | Panoli","og_description":"Al rededor de 15 personas trabajan en la sede de Panoli (Gujarat). Extendida a lo largo de 40 acres, esta unidad de producci\u00f3n fue establecida por Atul en 2013. Dedicada a la produccion de plantas de cultivo de tejidos como&hellip;Read more &#8250;","og_url":"https:\/\/www.atul.co.in\/spanish\/lifewithatul\/panoli\/","og_site_name":"Atul Ltd","article_modified_time":"2020-06-15T03:41:08+00:00","og_image":[{"width":1250,"height":335,"url":"https:\/\/www.atul.co.in\/spanish\/wp-content\/uploads\/2017\/10\/life-with-atul-panoli-1.jpg","type":"image\/jpeg"}],"twitter_card":"summary_large_image","schema":{"@context":"https:\/\/schema.org","@graph":[{"@type":"WebPage","@id":"https:\/\/www.atul.co.in\/spanish\/lifewithatul\/panoli\/","url":"https:\/\/www.atul.co.in\/spanish\/lifewithatul\/panoli\/","name":"La vida con Atul | Panoli","isPartOf":{"@id":"http:\/\/13.127.36.189\/spanish\/#website"},"primaryImageOfPage":{"@id":"https:\/\/www.atul.co.in\/spanish\/lifewithatul\/panoli\/#primaryimage"},"image":{"@id":"https:\/\/www.atul.co.in\/spanish\/lifewithatul\/panoli\/#primaryimage"},"thumbnailUrl":"https:\/\/www.atul.co.in\/spanish\/wp-content\/uploads\/2017\/10\/life-with-atul-panoli-1.jpg","datePublished":"2017-10-18T09:15:24+00:00","dateModified":"2020-06-15T03:41:08+00:00","breadcrumb":{"@id":"https:\/\/www.atul.co.in\/spanish\/lifewithatul\/panoli\/#breadcrumb"},"inLanguage":"en-US","potentialAction":[{"@type":"ReadAction","target":["https:\/\/www.atul.co.in\/spanish\/lifewithatul\/panoli\/"]}]},{"@type":"ImageObject","inLanguage":"en-US","@id":"https:\/\/www.atul.co.in\/spanish\/lifewithatul\/panoli\/#primaryimage","url":"https:\/\/www.atul.co.in\/spanish\/wp-content\/uploads\/2017\/10\/life-with-atul-panoli-1.jpg","contentUrl":"https:\/\/www.atul.co.in\/spanish\/wp-content\/uploads\/2017\/10\/life-with-atul-panoli-1.jpg","width":1250,"height":335},{"@type":"BreadcrumbList","@id":"https:\/\/www.atul.co.in\/spanish\/lifewithatul\/panoli\/#breadcrumb","itemListElement":[{"@type":"ListItem","position":1,"name":"Home","item":"https:\/\/www.atul.co.in\/spanish\/"},{"@type":"ListItem","position":2,"name":"La vida con Atul","item":"http:\/\/13.127.36.189\/spanish\/lifewithatul\/"},{"@type":"ListItem","position":3,"name":"Panoli"}]},{"@type":"WebSite","@id":"http:\/\/13.127.36.189\/spanish\/#website","url":"http:\/\/13.127.36.189\/spanish\/","name":"Atul Ltd","description":"","potentialAction":[{"@type":"SearchAction","target":{"@type":"EntryPoint","urlTemplate":"http:\/\/13.127.36.189\/spanish\/?s={search_term_string}"},"query-input":{"@type":"PropertyValueSpecification","valueRequired":true,"valueName":"search_term_string"}}],"inLanguage":"en-US"}]}},"_links":{"self":[{"href":"https:\/\/www.atul.co.in\/spanish\/wp-json\/wp\/v2\/pages\/5355","targetHints":{"allow":["GET"]}}],"collection":[{"href":"https:\/\/www.atul.co.in\/spanish\/wp-json\/wp\/v2\/pages"}],"about":[{"href":"https:\/\/www.atul.co.in\/spanish\/wp-json\/wp\/v2\/types\/page"}],"author":[{"embeddable":true,"href":"https:\/\/www.atul.co.in\/spanish\/wp-json\/wp\/v2\/users\/1"}],"replies":[{"embeddable":true,"href":"https:\/\/www.atul.co.in\/spanish\/wp-json\/wp\/v2\/comments?post=5355"}],"version-history":[{"count":0,"href":"https:\/\/www.atul.co.in\/spanish\/wp-json\/wp\/v2\/pages\/5355\/revisions"}],"up":[{"embeddable":true,"href":"https:\/\/www.atul.co.in\/spanish\/wp-json\/wp\/v2\/pages\/830"}],"wp:featuredmedia":[{"embeddable":true,"href":"https:\/\/www.atul.co.in\/spanish\/wp-json\/wp\/v2\/media\/5598"}],"wp:attachment":[{"href":"https:\/\/www.atul.co.in\/spanish\/wp-json\/wp\/v2\/media?parent=5355"}],"curies":[{"name":"wp","href":"https:\/\/api.w.org\/{rel}","templated":true}]}}