{"id":5887,"date":"2018-03-06T13:39:20","date_gmt":"2018-03-06T08:09:20","guid":{"rendered":"https:\/\/www.atul.co.in\/spanish\/?page_id=5887"},"modified":"2020-05-30T09:23:33","modified_gmt":"2020-05-30T03:53:33","slug":"polymerslibrary","status":"publish","type":"page","link":"https:\/\/www.atul.co.in\/spanish\/polymers\/library","title":{"rendered":"Library PO PM"},"content":{"rendered":"<div class=\"container\"><div class='content-column one_fourth'><center><a href=\"https:\/\/www.atul.co.in\/spanish\/wp-content\/uploads\/polymer-performance-material-liabrary\/Composites catalogue_Atul Ltd.pdf\" target=\"_blank\"><img decoding=\"async\" class=\"aligncenter size-full wp-image-50\" src=\"https:\/\/www.atul.co.in\/spanish\/wp-content\/uploads\/2018\/03\/Composites-catalogue_Atul-Ltd.jpg\" alt=\"\"  \/><\/p>\n<div class=\"space5\"><\/div>\n<p>Cat\u00e1logo de materiales compuestos<\/a><\/center><br \/><\/div>\n<div class='content-column one_fourth'><center><a href=\"https:\/\/www.atul.co.in\/spanish\/wp-content\/uploads\/polymer-performance-material-liabrary\/Construction catalogue_Atul Ltd.pdf\" target=\"_blank\"><img decoding=\"async\" class=\"aligncenter size-full wp-image-50\" src=\"https:\/\/www.atul.co.in\/spanish\/wp-content\/uploads\/2018\/03\/Construction-catalogue_Atul-Ltd.jpg\" alt=\"\"  \/><\/p>\n<div class=\"space5\"><\/div>\n<p>Cat\u00e1logo de construcci\u00f3n<\/a><\/center><br \/><\/div>\n<div class='content-column one_fourth'><center><a href=\"https:\/\/www.atul.co.in\/spanish\/wp-content\/uploads\/polymer-performance-material-liabrary\/Electrical and Electronics catalogue_ Atul Ltd.pdf\" target=\"_blank\"><img decoding=\"async\" class=\"aligncenter size-full wp-image-50\" src=\"https:\/\/www.atul.co.in\/spanish\/wp-content\/uploads\/2018\/03\/Electrical-and-Electronics-catalogue_Atul-Ltd.jpg\" alt=\"\"  \/><\/p>\n<div class=\"space5\"><\/div>\n<p>Cat\u00e1logo de el\u00e9ctricos y electr\u00f3nicos<\/a><\/center><br \/><\/div>\n<div class='content-column one_fourth'><center><a href=\"https:\/\/www.atul.co.in\/spanish\/wp-content\/uploads\/polymer-performance-material-liabrary\/Sulfones catalogue_Atul Ltd.pdf\" target=\"_blank\"><img decoding=\"async\" class=\"aligncenter size-full wp-image-50\" src=\"https:\/\/www.atul.co.in\/spanish\/wp-content\/uploads\/2018\/03\/Sulfones-catalogue_Atul-Ltd.jpg\" alt=\"\"  \/><\/p>\n<div class=\"space5\"><\/div>\n<p>Cat\u00e1logo de sulfonas<\/a><\/center><br \/><\/div>\n<div class='content-column one_fourth'><center><a href=\"https:\/\/www.atul.co.in\/spanish\/wp-content\/uploads\/polymer-performance-material-liabrary\/Aerospace catalogue_Atul Ltd.pdf\" target=\"_blank\"><img decoding=\"async\" class=\"aligncenter size-full wp-image-50\" src=\"https:\/\/www.atul.co.in\/spanish\/wp-content\/uploads\/2018\/03\/Aerospace.jpg\" alt=\"\"  \/><\/p>\n<div class=\"space5\"><\/div>\n<p>Cat\u00e1logo aeroespacial<\/a><\/center><br \/><\/div>\n<div class='content-column one_fourth'><center><a href=\"https:\/\/www.atul.co.in\/spanish\/wp-content\/uploads\/2020\/02\/Product-guide_Atul-Ltd.pdf\" target=\"_blank\"><img decoding=\"async\" class=\"aligncenter size-full wp-image-50\" src=\"https:\/\/www.atul.co.in\/spanish\/wp-content\/uploads\/2020\/02\/New-Project-2020-02-29T083255.800.png\" alt=\"\" \/><\/p>\n<div class=\"space5\"><\/div>\n<p>Gu\u00eda de productos<\/a><\/center><br \/><\/div>\n<\/div>\n","protected":false},"excerpt":{"rendered":"","protected":false},"author":1,"featured_media":0,"parent":0,"menu_order":0,"comment_status":"closed","ping_status":"closed","template":"polymers-performance-materials-microsite-pages.php","meta":{"_acf_changed":false,"footnotes":"","_links_to":"","_links_to_target":""},"class_list":["post-5887","page","type-page","status-publish","hentry"],"acf":[],"yoast_head":"<!-- This site is optimized with the Yoast SEO plugin v26.8 - https:\/\/yoast.com\/product\/yoast-seo-wordpress\/ -->\n<title>Biblioteca Polimeros (Material de Alto REndimiento) | Atul Ltd<\/title>\n<meta name=\"robots\" content=\"index, follow, max-snippet:-1, max-image-preview:large, max-video-preview:-1\" \/>\n<link rel=\"canonical\" href=\"https:\/\/www.atul.co.in\/spanish\/polymers\/library\/\" \/>\n<meta property=\"og:locale\" content=\"en_US\" \/>\n<meta property=\"og:type\" content=\"article\" \/>\n<meta property=\"og:title\" content=\"Biblioteca Polimeros (Material de Alto REndimiento) | Atul Ltd\" \/>\n<meta property=\"og:url\" content=\"https:\/\/www.atul.co.in\/spanish\/polymers\/library\/\" \/>\n<meta property=\"og:site_name\" content=\"Atul Ltd\" \/>\n<meta property=\"article:modified_time\" content=\"2020-05-30T03:53:33+00:00\" \/>\n<meta property=\"og:image\" content=\"https:\/\/www.atul.co.in\/spanish\/wp-content\/uploads\/2018\/03\/Composites-catalogue_Atul-Ltd.jpg\" \/>\n<meta name=\"twitter:card\" content=\"summary_large_image\" \/>\n<script type=\"application\/ld+json\" class=\"yoast-schema-graph\">{\"@context\":\"https:\/\/schema.org\",\"@graph\":[{\"@type\":\"WebPage\",\"@id\":\"https:\/\/www.atul.co.in\/spanish\/polymers\/library\/\",\"url\":\"https:\/\/www.atul.co.in\/spanish\/polymers\/library\/\",\"name\":\"Biblioteca Polimeros (Material de Alto REndimiento) | Atul Ltd\",\"isPartOf\":{\"@id\":\"http:\/\/13.127.36.189\/spanish\/#website\"},\"primaryImageOfPage\":{\"@id\":\"https:\/\/www.atul.co.in\/spanish\/polymers\/library\/#primaryimage\"},\"image\":{\"@id\":\"https:\/\/www.atul.co.in\/spanish\/polymers\/library\/#primaryimage\"},\"thumbnailUrl\":\"https:\/\/www.atul.co.in\/spanish\/wp-content\/uploads\/2018\/03\/Composites-catalogue_Atul-Ltd.jpg\",\"datePublished\":\"2018-03-06T08:09:20+00:00\",\"dateModified\":\"2020-05-30T03:53:33+00:00\",\"breadcrumb\":{\"@id\":\"https:\/\/www.atul.co.in\/spanish\/polymers\/library\/#breadcrumb\"},\"inLanguage\":\"en-US\",\"potentialAction\":[{\"@type\":\"ReadAction\",\"target\":[\"https:\/\/www.atul.co.in\/spanish\/polymers\/library\/\"]}]},{\"@type\":\"ImageObject\",\"inLanguage\":\"en-US\",\"@id\":\"https:\/\/www.atul.co.in\/spanish\/polymers\/library\/#primaryimage\",\"url\":\"https:\/\/www.atul.co.in\/spanish\/wp-content\/uploads\/2018\/03\/Composites-catalogue_Atul-Ltd.jpg\",\"contentUrl\":\"https:\/\/www.atul.co.in\/spanish\/wp-content\/uploads\/2018\/03\/Composites-catalogue_Atul-Ltd.jpg\"},{\"@type\":\"BreadcrumbList\",\"@id\":\"https:\/\/www.atul.co.in\/spanish\/polymers\/library\/#breadcrumb\",\"itemListElement\":[{\"@type\":\"ListItem\",\"position\":1,\"name\":\"Home\",\"item\":\"https:\/\/www.atul.co.in\/spanish\/\"},{\"@type\":\"ListItem\",\"position\":2,\"name\":\"Library PO PM\"}]},{\"@type\":\"WebSite\",\"@id\":\"http:\/\/13.127.36.189\/spanish\/#website\",\"url\":\"http:\/\/13.127.36.189\/spanish\/\",\"name\":\"Atul Ltd\",\"description\":\"\",\"potentialAction\":[{\"@type\":\"SearchAction\",\"target\":{\"@type\":\"EntryPoint\",\"urlTemplate\":\"http:\/\/13.127.36.189\/spanish\/?s={search_term_string}\"},\"query-input\":{\"@type\":\"PropertyValueSpecification\",\"valueRequired\":true,\"valueName\":\"search_term_string\"}}],\"inLanguage\":\"en-US\"}]}<\/script>\n<!-- \/ Yoast SEO plugin. -->","yoast_head_json":{"title":"Biblioteca Polimeros (Material de Alto REndimiento) | Atul Ltd","robots":{"index":"index","follow":"follow","max-snippet":"max-snippet:-1","max-image-preview":"max-image-preview:large","max-video-preview":"max-video-preview:-1"},"canonical":"https:\/\/www.atul.co.in\/spanish\/polymers\/library\/","og_locale":"en_US","og_type":"article","og_title":"Biblioteca Polimeros (Material de Alto REndimiento) | Atul Ltd","og_url":"https:\/\/www.atul.co.in\/spanish\/polymers\/library\/","og_site_name":"Atul Ltd","article_modified_time":"2020-05-30T03:53:33+00:00","og_image":[{"url":"https:\/\/www.atul.co.in\/spanish\/wp-content\/uploads\/2018\/03\/Composites-catalogue_Atul-Ltd.jpg","type":"","width":"","height":""}],"twitter_card":"summary_large_image","schema":{"@context":"https:\/\/schema.org","@graph":[{"@type":"WebPage","@id":"https:\/\/www.atul.co.in\/spanish\/polymers\/library\/","url":"https:\/\/www.atul.co.in\/spanish\/polymers\/library\/","name":"Biblioteca Polimeros (Material de Alto REndimiento) | Atul Ltd","isPartOf":{"@id":"http:\/\/13.127.36.189\/spanish\/#website"},"primaryImageOfPage":{"@id":"https:\/\/www.atul.co.in\/spanish\/polymers\/library\/#primaryimage"},"image":{"@id":"https:\/\/www.atul.co.in\/spanish\/polymers\/library\/#primaryimage"},"thumbnailUrl":"https:\/\/www.atul.co.in\/spanish\/wp-content\/uploads\/2018\/03\/Composites-catalogue_Atul-Ltd.jpg","datePublished":"2018-03-06T08:09:20+00:00","dateModified":"2020-05-30T03:53:33+00:00","breadcrumb":{"@id":"https:\/\/www.atul.co.in\/spanish\/polymers\/library\/#breadcrumb"},"inLanguage":"en-US","potentialAction":[{"@type":"ReadAction","target":["https:\/\/www.atul.co.in\/spanish\/polymers\/library\/"]}]},{"@type":"ImageObject","inLanguage":"en-US","@id":"https:\/\/www.atul.co.in\/spanish\/polymers\/library\/#primaryimage","url":"https:\/\/www.atul.co.in\/spanish\/wp-content\/uploads\/2018\/03\/Composites-catalogue_Atul-Ltd.jpg","contentUrl":"https:\/\/www.atul.co.in\/spanish\/wp-content\/uploads\/2018\/03\/Composites-catalogue_Atul-Ltd.jpg"},{"@type":"BreadcrumbList","@id":"https:\/\/www.atul.co.in\/spanish\/polymers\/library\/#breadcrumb","itemListElement":[{"@type":"ListItem","position":1,"name":"Home","item":"https:\/\/www.atul.co.in\/spanish\/"},{"@type":"ListItem","position":2,"name":"Library PO PM"}]},{"@type":"WebSite","@id":"http:\/\/13.127.36.189\/spanish\/#website","url":"http:\/\/13.127.36.189\/spanish\/","name":"Atul Ltd","description":"","potentialAction":[{"@type":"SearchAction","target":{"@type":"EntryPoint","urlTemplate":"http:\/\/13.127.36.189\/spanish\/?s={search_term_string}"},"query-input":{"@type":"PropertyValueSpecification","valueRequired":true,"valueName":"search_term_string"}}],"inLanguage":"en-US"}]}},"_links":{"self":[{"href":"https:\/\/www.atul.co.in\/spanish\/wp-json\/wp\/v2\/pages\/5887","targetHints":{"allow":["GET"]}}],"collection":[{"href":"https:\/\/www.atul.co.in\/spanish\/wp-json\/wp\/v2\/pages"}],"about":[{"href":"https:\/\/www.atul.co.in\/spanish\/wp-json\/wp\/v2\/types\/page"}],"author":[{"embeddable":true,"href":"https:\/\/www.atul.co.in\/spanish\/wp-json\/wp\/v2\/users\/1"}],"replies":[{"embeddable":true,"href":"https:\/\/www.atul.co.in\/spanish\/wp-json\/wp\/v2\/comments?post=5887"}],"version-history":[{"count":0,"href":"https:\/\/www.atul.co.in\/spanish\/wp-json\/wp\/v2\/pages\/5887\/revisions"}],"wp:attachment":[{"href":"https:\/\/www.atul.co.in\/spanish\/wp-json\/wp\/v2\/media?parent=5887"}],"curies":[{"name":"wp","href":"https:\/\/api.w.org\/{rel}","templated":true}]}}