{"id":6,"date":"2017-01-16T15:18:23","date_gmt":"2017-01-16T15:18:23","guid":{"rendered":"http:\/\/localhost\/ethinos\/atul\/?page_id=6"},"modified":"2025-04-10T09:00:18","modified_gmt":"2025-04-10T03:30:18","slug":"home","status":"publish","type":"page","link":"https:\/\/www.atul.co.in\/spanish\/","title":{"rendered":"Home"},"content":{"rendered":"\n<div class=\"businesses\">\n<div class=\"title\">Nuestras Empresas<\/div>\n<div class=\"container\">\n<div class=\"text\">\n<div class=\"sixty\">Para aumentar la atenci\u00f3n, Atul ha colocado dentro de 9 empresas los productos pertenecientes a los dos segmentos en los que informa,<br \/>Qu\u00edmicos para la Ciencia de la Vida y Rendimiento y Otros Qu\u00edmicos.<\/div>\n<\/div>\n<\/div>\n<ul class=\"gridlayout1\">\n<li><a href=\"?page_id=854\"><img loading=\"lazy\" decoding=\"async\" class=\"aligncenter size-full wp-image-23\" src=\"https:\/\/www.atul.co.in\/spanish\/wp-content\/uploads\/2020\/01\/New-Project-15-1.png\" alt=\"\" width=\"800\" height=\"385\" \/>\n<div>\n<h3>Compuestos Arom\u00e1ticos<\/h3>\n<\/div>\n<p><\/a><\/li>\n<li><a href=\"?page_id=861\"><img loading=\"lazy\" decoding=\"async\" class=\"aligncenter size-full wp-image-24\" src=\"https:\/\/www.atul.co.in\/spanish\/wp-content\/uploads\/2019\/01\/New-Project-16.png\" alt=\"\" width=\"800\" height=\"385\" \/>\n<div>\n<h3>Productos Qu\u00edmicos A Granel e Intermediarios<\/h3>\n<\/div>\n<p><\/a><\/li>\n<li><a href=\"?page_id=198\"><img loading=\"lazy\" decoding=\"async\" src=\"https:\/\/www.atul.co.in\/spanish\/wp-content\/uploads\/2019\/01\/New-Project-17.png\" alt=\"\" width=\"800\" height=\"385\" class=\"aligncenter size-full wp-image-4259\" \/>\n<div>\n<h3>Colores<\/h3>\n<\/div>\n<p><\/a><\/li>\n<li><a href=\"?page_id=867\"><img loading=\"lazy\" decoding=\"async\" class=\"aligncenter size-full wp-image-26\" src=\"https:\/\/www.atul.co.in\/spanish\/wp-content\/uploads\/2019\/01\/New-Project-18.png\" alt=\"\" width=\"800\" height=\"385\" \/>\n<div>\n<h3>Protecci\u00f3n de Cultivos y Productos Qu\u00edmicos A Granel<\/h3>\n<\/div>\n<p><\/a><\/li>\n<li><a href=\"?page_id=873\"><img loading=\"lazy\" decoding=\"async\" class=\"aligncenter size-full wp-image-27\" src=\"https:\/\/www.atul.co.in\/spanish\/wp-content\/uploads\/home-floras.jpg\" alt=\"\" width=\"800\" height=\"385\" \/>\n<div>\n<h3>Venta Minorista de Protecci\u00f3n de Cultivos<\/h3>\n<\/div>\n<p><\/a><\/li>\n<li><a href=\"?page_id=879\"><img loading=\"lazy\" decoding=\"async\" class=\"aligncenter size-full wp-image-28\" src=\"https:\/\/www.atul.co.in\/spanish\/wp-content\/uploads\/2019\/01\/New-Project-19.png\" alt=\"\" width=\"800\" height=\"385\" \/>\n<div>\n<h3>Flora<\/h3>\n<\/div>\n<p><\/a><\/li>\n<li><a href=\"?page_id=885\"><img loading=\"lazy\" decoding=\"async\" class=\"aligncenter size-full wp-image-29\" src=\"https:\/\/www.atul.co.in\/spanish\/wp-content\/uploads\/2020\/01\/New-Project-15-2.png\" alt=\"\" width=\"800\" height=\"385\" \/>\n<div>\n<h3>Farmac\u00e9uticos e Intermediarios<\/h3>\n<\/div>\n<p><\/a><\/li>\n<li><a href=\"?page_id=891\"><img loading=\"lazy\" decoding=\"async\" class=\"aligncenter size-full wp-image-30\" src=\"https:\/\/www.atul.co.in\/spanish\/wp-content\/uploads\/2019\/02\/windmill.jpg\" alt=\"\" width=\"800\" height=\"385\" \/>\n<div>\n<h3>Polimeros (Material de Alto REndimiento)<\/h3>\n<\/div>\n<p><\/a><\/li>\n<li><a href=\"?page_id=897\"><img loading=\"lazy\" decoding=\"async\" class=\"aligncenter size-full wp-image-31\" src=\"https:\/\/www.atul.co.in\/spanish\/wp-content\/uploads\/2020\/01\/New-Project-15-3.png\" alt=\"\" width=\"800\" height=\"385\" \/>\n<div>\n<h3>Polymers Venta al por menor<\/h3>\n<\/div>\n<p><\/a><\/li>\n<\/ul>\n<div class=\"clear\"><\/div>\n<\/div>\n<div class=\"clear\"><\/div>\n<div class=\"stats\">\n<div class=\"container\">\n<div class=\"title\">El nombre de Atul es un activo \u00fanico, el cual, junto con otros, representa una rica herencia de valores.<\/div>\n<ul class=\"circle-grid\">\n<li>\n<div class=\"circle-item circle-img-1\">\n<div class=\"circle-info\">\n<h3>desde la<br \/>\nincorporaci\u00f3n<\/h3>\n<\/div>\n<\/div>\n<\/li>\n<li>\n<div class=\"circle-item circle-img-2\">\n<div class=\"circle-info\">\n<h3>y<br \/>\n450 formulas<\/h3>\n<\/div>\n<\/div>\n<\/li>\n<li>\n<div class=\"circle-item circle-img-3\">\n<div class=\"circle-info\">\n<h3>pertenecientes a 27 sectores industriales de 92 paises diferentes<\/h3>\n<\/div>\n<\/div>\n<\/li>\n<li>\n<div class=\"circle-item circle-img-4\">\n<div class=\"circle-info\">\n<h3>esforz\u00e1ndose por lograr la excelencia<\/h3>\n<\/div>\n<\/div>\n<\/li>\n<\/ul>\n<div class=\"clear\"><\/div>\n<\/div>\n<\/div>\n<p><!--eof stats--><\/p>\n<div class=\"clear\"><\/div>\n<div class=\"sustainability\">\n<div class=\"container\">\n<div class=\"title\">Sostenibilidad<\/div>\n<div class=\"text\">La estructura econ\u00f3mico-ambiental-social de sostenibilidad est\u00e1 estrechamente ligada a la filosof\u00eda y prop\u00f3sito de Atul.<\/div>\n<div class=\"link\"><a href=\"?page_id=827\">Explorar<\/a><\/div>\n<div class=\"clear\"><\/div>\n<\/div>\n<\/div>\n<p><!--eof sustainability--><\/p>\n<div class=\"clear\"><\/div>\n<div class=\"life\">\n<div class=\"container\">\n<div class=\"title\">La vida con Atul<\/div>\n<div class=\"text\">En Atul, nos esforzamos en asegurar que se le otorge la oportunidad de perseguir su pasi\u00f3n y aspiraciones a cada miembro de nuestro equipo.<\/div>\n<div class=\"link\"><a href=\"?page_id=830\">Explorar<\/a><\/div>\n<div class=\"clear\"><\/div>\n<\/div>\n<\/div>\n<\/div>\n<\/div>\n","protected":false},"excerpt":{"rendered":"<p>Nuestras Empresas Para aumentar la atenci\u00f3n, Atul ha colocado dentro de 9 empresas los productos pertenecientes a los dos segmentos en los que informa,Qu\u00edmicos para la Ciencia de la Vida y Rendimiento y Otros Qu\u00edmicos. Compuestos Arom\u00e1ticos Productos Qu\u00edmicos A<span class=\"ellipsis\">&hellip;<\/span><\/p>\n<div class=\"read-more\"><a href=\"https:\/\/www.atul.co.in\/spanish\/\">Read more &#8250;<\/a><\/div>\n<p><!-- end of .read-more --><\/p>\n","protected":false},"author":1,"featured_media":0,"parent":0,"menu_order":0,"comment_status":"closed","ping_status":"closed","template":"home-page.php","meta":{"_acf_changed":false,"footnotes":"","_links_to":"","_links_to_target":""},"class_list":["post-6","page","type-page","status-publish","hentry"],"acf":[],"yoast_head":"<!-- This site is optimized with the Yoast SEO plugin v26.8 - https:\/\/yoast.com\/product\/yoast-seo-wordpress\/ -->\n<title>Casa | Atul<\/title>\n<meta name=\"robots\" content=\"index, follow, max-snippet:-1, max-image-preview:large, max-video-preview:-1\" \/>\n<link rel=\"canonical\" href=\"https:\/\/www.atul.co.in\/spanish\/\" \/>\n<meta property=\"og:locale\" content=\"en_US\" \/>\n<meta property=\"og:type\" content=\"article\" \/>\n<meta property=\"og:title\" content=\"Casa | Atul\" \/>\n<meta property=\"og:description\" content=\"Nuestras Empresas Para aumentar la atenci\u00f3n, Atul ha colocado dentro de 9 empresas los productos pertenecientes a los dos segmentos en los que informa,Qu\u00edmicos para la Ciencia de la Vida y Rendimiento y Otros Qu\u00edmicos. Compuestos Arom\u00e1ticos Productos Qu\u00edmicos A&hellip;Read more &#8250;\" \/>\n<meta property=\"og:url\" content=\"https:\/\/www.atul.co.in\/spanish\/\" \/>\n<meta property=\"og:site_name\" content=\"Atul Ltd\" \/>\n<meta property=\"article:modified_time\" content=\"2025-04-10T03:30:18+00:00\" \/>\n<meta property=\"og:image\" content=\"https:\/\/www.atul.co.in\/spanish\/wp-content\/uploads\/2020\/01\/New-Project-15-1.png\" \/>\n<meta name=\"twitter:card\" content=\"summary_large_image\" \/>\n<meta name=\"twitter:label1\" content=\"Est. reading time\" \/>\n\t<meta name=\"twitter:data1\" content=\"3 minutes\" \/>\n<script type=\"application\/ld+json\" class=\"yoast-schema-graph\">{\"@context\":\"https:\/\/schema.org\",\"@graph\":[{\"@type\":\"WebPage\",\"@id\":\"https:\/\/www.atul.co.in\/spanish\/\",\"url\":\"https:\/\/www.atul.co.in\/spanish\/\",\"name\":\"Casa | Atul\",\"isPartOf\":{\"@id\":\"http:\/\/13.127.36.189\/spanish\/#website\"},\"primaryImageOfPage\":{\"@id\":\"https:\/\/www.atul.co.in\/spanish\/#primaryimage\"},\"image\":{\"@id\":\"https:\/\/www.atul.co.in\/spanish\/#primaryimage\"},\"thumbnailUrl\":\"https:\/\/www.atul.co.in\/spanish\/wp-content\/uploads\/2020\/01\/New-Project-15-1.png\",\"datePublished\":\"2017-01-16T15:18:23+00:00\",\"dateModified\":\"2025-04-10T03:30:18+00:00\",\"breadcrumb\":{\"@id\":\"https:\/\/www.atul.co.in\/spanish\/#breadcrumb\"},\"inLanguage\":\"en-US\",\"potentialAction\":[{\"@type\":\"ReadAction\",\"target\":[\"https:\/\/www.atul.co.in\/spanish\/\"]}]},{\"@type\":\"ImageObject\",\"inLanguage\":\"en-US\",\"@id\":\"https:\/\/www.atul.co.in\/spanish\/#primaryimage\",\"url\":\"https:\/\/www.atul.co.in\/spanish\/wp-content\/uploads\/2020\/01\/New-Project-15-1.png\",\"contentUrl\":\"https:\/\/www.atul.co.in\/spanish\/wp-content\/uploads\/2020\/01\/New-Project-15-1.png\"},{\"@type\":\"BreadcrumbList\",\"@id\":\"https:\/\/www.atul.co.in\/spanish\/#breadcrumb\",\"itemListElement\":[{\"@type\":\"ListItem\",\"position\":1,\"name\":\"Home\",\"item\":\"https:\/\/www.atul.co.in\/spanish\/\"},{\"@type\":\"ListItem\",\"position\":2,\"name\":\"Home\"}]},{\"@type\":\"WebSite\",\"@id\":\"http:\/\/13.127.36.189\/spanish\/#website\",\"url\":\"http:\/\/13.127.36.189\/spanish\/\",\"name\":\"Atul Ltd\",\"description\":\"\",\"potentialAction\":[{\"@type\":\"SearchAction\",\"target\":{\"@type\":\"EntryPoint\",\"urlTemplate\":\"http:\/\/13.127.36.189\/spanish\/?s={search_term_string}\"},\"query-input\":{\"@type\":\"PropertyValueSpecification\",\"valueRequired\":true,\"valueName\":\"search_term_string\"}}],\"inLanguage\":\"en-US\"}]}<\/script>\n<!-- \/ Yoast SEO plugin. -->","yoast_head_json":{"title":"Casa | Atul","robots":{"index":"index","follow":"follow","max-snippet":"max-snippet:-1","max-image-preview":"max-image-preview:large","max-video-preview":"max-video-preview:-1"},"canonical":"https:\/\/www.atul.co.in\/spanish\/","og_locale":"en_US","og_type":"article","og_title":"Casa | Atul","og_description":"Nuestras Empresas Para aumentar la atenci\u00f3n, Atul ha colocado dentro de 9 empresas los productos pertenecientes a los dos segmentos en los que informa,Qu\u00edmicos para la Ciencia de la Vida y Rendimiento y Otros Qu\u00edmicos. Compuestos Arom\u00e1ticos Productos Qu\u00edmicos A&hellip;Read more &#8250;","og_url":"https:\/\/www.atul.co.in\/spanish\/","og_site_name":"Atul Ltd","article_modified_time":"2025-04-10T03:30:18+00:00","og_image":[{"url":"https:\/\/www.atul.co.in\/spanish\/wp-content\/uploads\/2020\/01\/New-Project-15-1.png","type":"","width":"","height":""}],"twitter_card":"summary_large_image","twitter_misc":{"Est. reading time":"3 minutes"},"schema":{"@context":"https:\/\/schema.org","@graph":[{"@type":"WebPage","@id":"https:\/\/www.atul.co.in\/spanish\/","url":"https:\/\/www.atul.co.in\/spanish\/","name":"Casa | Atul","isPartOf":{"@id":"http:\/\/13.127.36.189\/spanish\/#website"},"primaryImageOfPage":{"@id":"https:\/\/www.atul.co.in\/spanish\/#primaryimage"},"image":{"@id":"https:\/\/www.atul.co.in\/spanish\/#primaryimage"},"thumbnailUrl":"https:\/\/www.atul.co.in\/spanish\/wp-content\/uploads\/2020\/01\/New-Project-15-1.png","datePublished":"2017-01-16T15:18:23+00:00","dateModified":"2025-04-10T03:30:18+00:00","breadcrumb":{"@id":"https:\/\/www.atul.co.in\/spanish\/#breadcrumb"},"inLanguage":"en-US","potentialAction":[{"@type":"ReadAction","target":["https:\/\/www.atul.co.in\/spanish\/"]}]},{"@type":"ImageObject","inLanguage":"en-US","@id":"https:\/\/www.atul.co.in\/spanish\/#primaryimage","url":"https:\/\/www.atul.co.in\/spanish\/wp-content\/uploads\/2020\/01\/New-Project-15-1.png","contentUrl":"https:\/\/www.atul.co.in\/spanish\/wp-content\/uploads\/2020\/01\/New-Project-15-1.png"},{"@type":"BreadcrumbList","@id":"https:\/\/www.atul.co.in\/spanish\/#breadcrumb","itemListElement":[{"@type":"ListItem","position":1,"name":"Home","item":"https:\/\/www.atul.co.in\/spanish\/"},{"@type":"ListItem","position":2,"name":"Home"}]},{"@type":"WebSite","@id":"http:\/\/13.127.36.189\/spanish\/#website","url":"http:\/\/13.127.36.189\/spanish\/","name":"Atul Ltd","description":"","potentialAction":[{"@type":"SearchAction","target":{"@type":"EntryPoint","urlTemplate":"http:\/\/13.127.36.189\/spanish\/?s={search_term_string}"},"query-input":{"@type":"PropertyValueSpecification","valueRequired":true,"valueName":"search_term_string"}}],"inLanguage":"en-US"}]}},"_links":{"self":[{"href":"https:\/\/www.atul.co.in\/spanish\/wp-json\/wp\/v2\/pages\/6","targetHints":{"allow":["GET"]}}],"collection":[{"href":"https:\/\/www.atul.co.in\/spanish\/wp-json\/wp\/v2\/pages"}],"about":[{"href":"https:\/\/www.atul.co.in\/spanish\/wp-json\/wp\/v2\/types\/page"}],"author":[{"embeddable":true,"href":"https:\/\/www.atul.co.in\/spanish\/wp-json\/wp\/v2\/users\/1"}],"replies":[{"embeddable":true,"href":"https:\/\/www.atul.co.in\/spanish\/wp-json\/wp\/v2\/comments?post=6"}],"version-history":[{"count":0,"href":"https:\/\/www.atul.co.in\/spanish\/wp-json\/wp\/v2\/pages\/6\/revisions"}],"wp:attachment":[{"href":"https:\/\/www.atul.co.in\/spanish\/wp-json\/wp\/v2\/media?parent=6"}],"curies":[{"name":"wp","href":"https:\/\/api.w.org\/{rel}","templated":true}]}}