{"id":830,"date":"2017-01-31T07:21:56","date_gmt":"2017-01-31T07:21:56","guid":{"rendered":"http:\/\/43.242.212.212\/~atulco\/?page_id=830"},"modified":"2020-06-02T16:18:24","modified_gmt":"2020-06-02T10:48:24","slug":"lifewithatul","status":"publish","type":"page","link":"https:\/\/www.atul.co.in\/spanish\/lifewithatul","title":{"rendered":"La vida con Atul"},"content":{"rendered":"<div class=\"container\">\n<div class=\"about-text\">\n<p>En Atul nos esforzamos por crear un entorno laboral, donde acudir a \u00e9l es una alegr\u00eda, no un trabajo. En una epoca donde el estr\u00e9s laboral ha alcanzado su forma m\u00e1s amplificada, nuestra Compa\u00f1ia se distingue por ampliar una oportunidad de bienestar hol\u00edstico. Un ambiente de afinidad, inspiraci\u00f3n y ecuanimidad ayuda a construir un equipo motivado, dispuesto a asumir funciones y responsabilidades desafiantes.<\/p>\n<\/div>\n<\/div>\n<div class=\"space10\"><\/div>\n<p><!--\n\n<div class=\"sep\"><\/div>\n\n--><\/p>\n<div class=\"clear\"><\/div>\n<div class=\"life-with-atul\">\n<div class=\"container\">\n<div class=\"link\"><a href=\"?page_id=985\">Atul<\/a><\/div>\n<div class=\"clear\"><\/div>\n<\/div>\n<\/div>\n<div class=\"ankleshwar\">\n<div class=\"container\">\n<!--div class=\"text\"><\/div-->\n<div class=\"link\"><a href=\"?page_id=987\">Ankleshwar<\/a><\/div>\n<div class=\"clear\"><\/div>\n<\/div>\n<\/div>\n<div class=\"tarapur\">\n<div class=\"container\">\n<!--div class=\"text\"><\/div-->\n<div class=\"link\"><a href=\"?page_id=988\">Tarapur<\/a><\/div>\n<div class=\"clear\"><\/div>\n<\/div>\n<\/div>\n<div class=\"panoli\">\n<div class=\"container\">\n<!--div class=\"text\"><\/div-->\n<div class=\"link\"><a href=\"?page_id=5355\">Panoli<\/a><\/div>\n<div class=\"clear\"><\/div>\n<\/div>\n<\/div>\n<div class=\"global\">\n<div class=\"container\">\n<!--div class=\"text\"><\/div-->\n<div class=\"link\"><a href=\"?page_id=87\">Global<\/a><\/div>\n<div class=\"clear\"><\/div>\n<\/div>\n<\/div>\n","protected":false},"excerpt":{"rendered":"<p>En Atul nos esforzamos por crear un entorno laboral, donde acudir a \u00e9l es una alegr\u00eda, no un trabajo. En una epoca donde el estr\u00e9s laboral ha alcanzado su forma m\u00e1s amplificada, nuestra Compa\u00f1ia se distingue por ampliar una oportunidad<span class=\"ellipsis\">&hellip;<\/span><\/p>\n<div class=\"read-more\"><a href=\"https:\/\/www.atul.co.in\/spanish\/lifewithatul\">Read more &#8250;<\/a><\/div>\n<p><!-- end of .read-more --><\/p>\n","protected":false},"author":1,"featured_media":5594,"parent":0,"menu_order":0,"comment_status":"closed","ping_status":"closed","template":"full-width-page.php","meta":{"_acf_changed":false,"footnotes":"","_links_to":"","_links_to_target":""},"class_list":["post-830","page","type-page","status-publish","has-post-thumbnail","hentry"],"acf":[],"yoast_head":"<!-- This site is optimized with the Yoast SEO plugin v26.8 - https:\/\/yoast.com\/product\/yoast-seo-wordpress\/ -->\n<title>La vida con | Atul<\/title>\n<meta name=\"robots\" content=\"index, follow, max-snippet:-1, max-image-preview:large, max-video-preview:-1\" \/>\n<link rel=\"canonical\" href=\"http:\/\/13.127.36.189\/spanish\/lifewithatul\/\" \/>\n<meta property=\"og:locale\" content=\"en_US\" \/>\n<meta property=\"og:type\" content=\"article\" \/>\n<meta property=\"og:title\" content=\"La vida con | Atul\" \/>\n<meta property=\"og:description\" content=\"En Atul nos esforzamos por crear un entorno laboral, donde acudir a \u00e9l es una alegr\u00eda, no un trabajo. En una epoca donde el estr\u00e9s laboral ha alcanzado su forma m\u00e1s amplificada, nuestra Compa\u00f1ia se distingue por ampliar una oportunidad&hellip;Read more &#8250;\" \/>\n<meta property=\"og:url\" content=\"http:\/\/13.127.36.189\/spanish\/lifewithatul\/\" \/>\n<meta property=\"og:site_name\" content=\"Atul Ltd\" \/>\n<meta property=\"article:modified_time\" content=\"2020-06-02T10:48:24+00:00\" \/>\n<meta property=\"og:image\" content=\"http:\/\/13.127.36.189\/spanish\/wp-content\/uploads\/2017\/01\/life-with-atul-banner-2.jpg\" \/>\n\t<meta property=\"og:image:width\" content=\"1250\" \/>\n\t<meta property=\"og:image:height\" content=\"335\" \/>\n\t<meta property=\"og:image:type\" content=\"image\/jpeg\" \/>\n<meta name=\"twitter:card\" content=\"summary_large_image\" \/>\n<script type=\"application\/ld+json\" class=\"yoast-schema-graph\">{\"@context\":\"https:\/\/schema.org\",\"@graph\":[{\"@type\":\"WebPage\",\"@id\":\"http:\/\/13.127.36.189\/spanish\/lifewithatul\/\",\"url\":\"http:\/\/13.127.36.189\/spanish\/lifewithatul\/\",\"name\":\"La vida con | Atul\",\"isPartOf\":{\"@id\":\"http:\/\/13.127.36.189\/spanish\/#website\"},\"primaryImageOfPage\":{\"@id\":\"http:\/\/13.127.36.189\/spanish\/lifewithatul\/#primaryimage\"},\"image\":{\"@id\":\"http:\/\/13.127.36.189\/spanish\/lifewithatul\/#primaryimage\"},\"thumbnailUrl\":\"https:\/\/www.atul.co.in\/spanish\/wp-content\/uploads\/2017\/01\/life-with-atul-banner-2.jpg\",\"datePublished\":\"2017-01-31T07:21:56+00:00\",\"dateModified\":\"2020-06-02T10:48:24+00:00\",\"breadcrumb\":{\"@id\":\"http:\/\/13.127.36.189\/spanish\/lifewithatul\/#breadcrumb\"},\"inLanguage\":\"en-US\",\"potentialAction\":[{\"@type\":\"ReadAction\",\"target\":[\"http:\/\/13.127.36.189\/spanish\/lifewithatul\/\"]}]},{\"@type\":\"ImageObject\",\"inLanguage\":\"en-US\",\"@id\":\"http:\/\/13.127.36.189\/spanish\/lifewithatul\/#primaryimage\",\"url\":\"https:\/\/www.atul.co.in\/spanish\/wp-content\/uploads\/2017\/01\/life-with-atul-banner-2.jpg\",\"contentUrl\":\"https:\/\/www.atul.co.in\/spanish\/wp-content\/uploads\/2017\/01\/life-with-atul-banner-2.jpg\",\"width\":1250,\"height\":335},{\"@type\":\"BreadcrumbList\",\"@id\":\"http:\/\/13.127.36.189\/spanish\/lifewithatul\/#breadcrumb\",\"itemListElement\":[{\"@type\":\"ListItem\",\"position\":1,\"name\":\"Home\",\"item\":\"https:\/\/www.atul.co.in\/spanish\/\"},{\"@type\":\"ListItem\",\"position\":2,\"name\":\"La vida con Atul\"}]},{\"@type\":\"WebSite\",\"@id\":\"http:\/\/13.127.36.189\/spanish\/#website\",\"url\":\"http:\/\/13.127.36.189\/spanish\/\",\"name\":\"Atul Ltd\",\"description\":\"\",\"potentialAction\":[{\"@type\":\"SearchAction\",\"target\":{\"@type\":\"EntryPoint\",\"urlTemplate\":\"http:\/\/13.127.36.189\/spanish\/?s={search_term_string}\"},\"query-input\":{\"@type\":\"PropertyValueSpecification\",\"valueRequired\":true,\"valueName\":\"search_term_string\"}}],\"inLanguage\":\"en-US\"}]}<\/script>\n<!-- \/ Yoast SEO plugin. -->","yoast_head_json":{"title":"La vida con | Atul","robots":{"index":"index","follow":"follow","max-snippet":"max-snippet:-1","max-image-preview":"max-image-preview:large","max-video-preview":"max-video-preview:-1"},"canonical":"http:\/\/13.127.36.189\/spanish\/lifewithatul\/","og_locale":"en_US","og_type":"article","og_title":"La vida con | Atul","og_description":"En Atul nos esforzamos por crear un entorno laboral, donde acudir a \u00e9l es una alegr\u00eda, no un trabajo. En una epoca donde el estr\u00e9s laboral ha alcanzado su forma m\u00e1s amplificada, nuestra Compa\u00f1ia se distingue por ampliar una oportunidad&hellip;Read more &#8250;","og_url":"http:\/\/13.127.36.189\/spanish\/lifewithatul\/","og_site_name":"Atul Ltd","article_modified_time":"2020-06-02T10:48:24+00:00","og_image":[{"width":1250,"height":335,"url":"http:\/\/13.127.36.189\/spanish\/wp-content\/uploads\/2017\/01\/life-with-atul-banner-2.jpg","type":"image\/jpeg"}],"twitter_card":"summary_large_image","schema":{"@context":"https:\/\/schema.org","@graph":[{"@type":"WebPage","@id":"http:\/\/13.127.36.189\/spanish\/lifewithatul\/","url":"http:\/\/13.127.36.189\/spanish\/lifewithatul\/","name":"La vida con | Atul","isPartOf":{"@id":"http:\/\/13.127.36.189\/spanish\/#website"},"primaryImageOfPage":{"@id":"http:\/\/13.127.36.189\/spanish\/lifewithatul\/#primaryimage"},"image":{"@id":"http:\/\/13.127.36.189\/spanish\/lifewithatul\/#primaryimage"},"thumbnailUrl":"https:\/\/www.atul.co.in\/spanish\/wp-content\/uploads\/2017\/01\/life-with-atul-banner-2.jpg","datePublished":"2017-01-31T07:21:56+00:00","dateModified":"2020-06-02T10:48:24+00:00","breadcrumb":{"@id":"http:\/\/13.127.36.189\/spanish\/lifewithatul\/#breadcrumb"},"inLanguage":"en-US","potentialAction":[{"@type":"ReadAction","target":["http:\/\/13.127.36.189\/spanish\/lifewithatul\/"]}]},{"@type":"ImageObject","inLanguage":"en-US","@id":"http:\/\/13.127.36.189\/spanish\/lifewithatul\/#primaryimage","url":"https:\/\/www.atul.co.in\/spanish\/wp-content\/uploads\/2017\/01\/life-with-atul-banner-2.jpg","contentUrl":"https:\/\/www.atul.co.in\/spanish\/wp-content\/uploads\/2017\/01\/life-with-atul-banner-2.jpg","width":1250,"height":335},{"@type":"BreadcrumbList","@id":"http:\/\/13.127.36.189\/spanish\/lifewithatul\/#breadcrumb","itemListElement":[{"@type":"ListItem","position":1,"name":"Home","item":"https:\/\/www.atul.co.in\/spanish\/"},{"@type":"ListItem","position":2,"name":"La vida con Atul"}]},{"@type":"WebSite","@id":"http:\/\/13.127.36.189\/spanish\/#website","url":"http:\/\/13.127.36.189\/spanish\/","name":"Atul Ltd","description":"","potentialAction":[{"@type":"SearchAction","target":{"@type":"EntryPoint","urlTemplate":"http:\/\/13.127.36.189\/spanish\/?s={search_term_string}"},"query-input":{"@type":"PropertyValueSpecification","valueRequired":true,"valueName":"search_term_string"}}],"inLanguage":"en-US"}]}},"_links":{"self":[{"href":"https:\/\/www.atul.co.in\/spanish\/wp-json\/wp\/v2\/pages\/830","targetHints":{"allow":["GET"]}}],"collection":[{"href":"https:\/\/www.atul.co.in\/spanish\/wp-json\/wp\/v2\/pages"}],"about":[{"href":"https:\/\/www.atul.co.in\/spanish\/wp-json\/wp\/v2\/types\/page"}],"author":[{"embeddable":true,"href":"https:\/\/www.atul.co.in\/spanish\/wp-json\/wp\/v2\/users\/1"}],"replies":[{"embeddable":true,"href":"https:\/\/www.atul.co.in\/spanish\/wp-json\/wp\/v2\/comments?post=830"}],"version-history":[{"count":0,"href":"https:\/\/www.atul.co.in\/spanish\/wp-json\/wp\/v2\/pages\/830\/revisions"}],"wp:featuredmedia":[{"embeddable":true,"href":"https:\/\/www.atul.co.in\/spanish\/wp-json\/wp\/v2\/media\/5594"}],"wp:attachment":[{"href":"https:\/\/www.atul.co.in\/spanish\/wp-json\/wp\/v2\/media?parent=830"}],"curies":[{"name":"wp","href":"https:\/\/api.w.org\/{rel}","templated":true}]}}