{"id":854,"date":"2017-02-02T02:35:17","date_gmt":"2017-02-02T02:35:17","guid":{"rendered":"http:\/\/43.242.212.212\/~atulco\/?page_id=854"},"modified":"2020-06-01T09:19:24","modified_gmt":"2020-06-01T03:49:24","slug":"aromatics","status":"publish","type":"page","link":"https:\/\/www.atul.co.in\/spanish\/aromatics\/","title":{"rendered":"About"},"content":{"rendered":"<div class=\"container\">\n<div class=\"text1\">El mayor fabricante mundial de para Cresol, aldeh\u00eddo para An\u00edsico y alcohol para An\u00edsico<\/div>\n<\/div>\n<div class=\"space20\">&nbsp;<\/div>\n<div class=\"landingimage\"><img loading=\"lazy\" decoding=\"async\" src=\"https:\/\/www.atul.co.in\/spanish\/wp-content\/uploads\/aromatics-lp-new-1-1.jpg\" alt=\"\" width=\"1400\" height=\"531\" class=\"aligncenter size-full wp-image-4055\" srcset=\"https:\/\/www.atul.co.in\/spanish\/wp-content\/uploads\/aromatics-lp-new-1-1.jpg 1400w, https:\/\/www.atul.co.in\/spanish\/wp-content\/uploads\/aromatics-lp-new-1-1-768x291.jpg 768w, https:\/\/www.atul.co.in\/spanish\/wp-content\/uploads\/aromatics-lp-new-1-1-60x23.jpg 60w\" sizes=\"auto, (max-width: 1400px) 100vw, 1400px\" \/><\/div>\n<div class=\"aromatics-highlights\">\n<div class=\"container\">\n<div class=\"space30\"><\/div>\n<div class=\"title\">Esfuerzos pioneros<\/div>\n<div class=\"text\">\n\u00danico fabricante de para Cresol en la India<\/p>\n<p>La \u00fanica planta de para Cresol con descarga cero de l\u00edquido en el mundo<\/p>\n<p>Principal proveedor de sulfato de Manganeso certificado por FAMI-QS<\/p>\n<p>Lanzamiento de ingredientes de aroma, sabor y productos qu\u00edmicos de fragancia<\/p>\n<p>El principal proveedor de las 10 mejores casas de F&#038;F<\/p>\n<p>El mayor fabricante mundial de fenil aceto nitrilo para-Metoxi y de \u00e1cido ac\u00e9tico fenil para-Metoxi<\/p>\n<p>Principal proveedor de productos qu\u00edmicos de papel como el sulfito de Sodio y el sulfato de Sodio<\/p><\/div>\n<div class=\"clear\">&nbsp;<\/div>\n<\/div>\n<\/div>\n<div class=\"aromatics-industry\">\n<div class=\"container\">\n<div class=\"title\">Industrias atendidas<\/div>\n<div class=\"text\">Sirviendo a diversas industrias como la de los Aditivos Qu\u00edmicos, Sabor, Fragancia y Cuidado Personal<\/div>\n<div class=\"link\"><a href=\"https:\/\/www.atul.co.in\/spanish\/aromatics\/industries\">EXPLORAR<\/a><\/div>\n<div class=\"clear\">&nbsp;<\/div>\n<\/div>\n<\/div>\n<div class=\"aromatics-products\">\n<div class=\"container\">\n<div class=\"title\">Productos<\/div>\n<div class=\"text\">Ofreciendo una amplia gama de productos de valor a\u00f1adido<\/div>\n<div class=\"link\"><a href=\"https:\/\/www.atul.co.in\/spanish\/aromatics\/products\/\">EXPLORAR<\/a><\/div>\n<div class=\"clear\">&nbsp;<\/div>\n<\/div>\n<\/div>\n<p><!--\n\n\n<div class=\"updates\">\n\n\n<div class=\"container\">\n\n\n<div class=\"title\"><a href=\"https:\/\/www.atul.co.in\/spanish\/aromatics-updates\/\">Updates<\/a><\/div>\n\n\n[postlist id=1376]\n<\/div>\n\n\n<\/div>\n\n --><br \/>\n<!--eof updates--><\/p>\n","protected":false},"excerpt":{"rendered":"<p>El mayor fabricante mundial de para Cresol, aldeh\u00eddo para An\u00edsico y alcohol para An\u00edsico &nbsp; Esfuerzos pioneros \u00danico fabricante de para Cresol en la India La \u00fanica planta de para Cresol con descarga cero de l\u00edquido en el mundo Principal<span class=\"ellipsis\">&hellip;<\/span><\/p>\n<div class=\"read-more\"><a href=\"https:\/\/www.atul.co.in\/spanish\/aromatics\/\">Read more &#8250;<\/a><\/div>\n<p><!-- end of .read-more --><\/p>\n","protected":false},"author":1,"featured_media":0,"parent":853,"menu_order":0,"comment_status":"closed","ping_status":"closed","template":"aromatics-microsite-pages.php","meta":{"_acf_changed":false,"footnotes":"","_links_to":"","_links_to_target":""},"class_list":["post-854","page","type-page","status-publish","hentry"],"acf":[],"yoast_head":"<!-- This site is optimized with the Yoast SEO plugin v26.8 - https:\/\/yoast.com\/product\/yoast-seo-wordpress\/ -->\n<title>Arom\u00e1ticos | Atul<\/title>\n<meta name=\"robots\" content=\"index, follow, max-snippet:-1, max-image-preview:large, max-video-preview:-1\" \/>\n<link rel=\"canonical\" href=\"http:\/\/13.127.36.189\/spanish\/aromatics\/\" \/>\n<meta property=\"og:locale\" content=\"en_US\" \/>\n<meta property=\"og:type\" content=\"article\" \/>\n<meta property=\"og:title\" content=\"Arom\u00e1ticos | Atul\" \/>\n<meta property=\"og:description\" content=\"El mayor fabricante mundial de para Cresol, aldeh\u00eddo para An\u00edsico y alcohol para An\u00edsico &nbsp; Esfuerzos pioneros \u00danico fabricante de para Cresol en la India La \u00fanica planta de para Cresol con descarga cero de l\u00edquido en el mundo Principal&hellip;Read more &#8250;\" \/>\n<meta property=\"og:url\" content=\"http:\/\/13.127.36.189\/spanish\/aromatics\/\" \/>\n<meta property=\"og:site_name\" content=\"Atul Ltd\" \/>\n<meta property=\"article:modified_time\" content=\"2020-06-01T03:49:24+00:00\" \/>\n<meta property=\"og:image\" content=\"https:\/\/www.atul.co.in\/spanish\/wp-content\/uploads\/aromatics-lp-new-1-1.jpg\" \/>\n<meta name=\"twitter:card\" content=\"summary_large_image\" \/>\n<meta name=\"twitter:label1\" content=\"Est. reading time\" \/>\n\t<meta name=\"twitter:data1\" content=\"1 minute\" \/>\n<script type=\"application\/ld+json\" class=\"yoast-schema-graph\">{\"@context\":\"https:\/\/schema.org\",\"@graph\":[{\"@type\":\"WebPage\",\"@id\":\"http:\/\/13.127.36.189\/spanish\/aromatics\/\",\"url\":\"http:\/\/13.127.36.189\/spanish\/aromatics\/\",\"name\":\"Arom\u00e1ticos | Atul\",\"isPartOf\":{\"@id\":\"http:\/\/13.127.36.189\/spanish\/#website\"},\"primaryImageOfPage\":{\"@id\":\"http:\/\/13.127.36.189\/spanish\/aromatics\/#primaryimage\"},\"image\":{\"@id\":\"http:\/\/13.127.36.189\/spanish\/aromatics\/#primaryimage\"},\"thumbnailUrl\":\"https:\/\/www.atul.co.in\/spanish\/wp-content\/uploads\/aromatics-lp-new-1-1.jpg\",\"datePublished\":\"2017-02-02T02:35:17+00:00\",\"dateModified\":\"2020-06-01T03:49:24+00:00\",\"breadcrumb\":{\"@id\":\"http:\/\/13.127.36.189\/spanish\/aromatics\/#breadcrumb\"},\"inLanguage\":\"en-US\",\"potentialAction\":[{\"@type\":\"ReadAction\",\"target\":[\"http:\/\/13.127.36.189\/spanish\/aromatics\/\"]}]},{\"@type\":\"ImageObject\",\"inLanguage\":\"en-US\",\"@id\":\"http:\/\/13.127.36.189\/spanish\/aromatics\/#primaryimage\",\"url\":\"https:\/\/www.atul.co.in\/spanish\/wp-content\/uploads\/aromatics-lp-new-1-1.jpg\",\"contentUrl\":\"https:\/\/www.atul.co.in\/spanish\/wp-content\/uploads\/aromatics-lp-new-1-1.jpg\",\"width\":1400,\"height\":531},{\"@type\":\"BreadcrumbList\",\"@id\":\"http:\/\/13.127.36.189\/spanish\/aromatics\/#breadcrumb\",\"itemListElement\":[{\"@type\":\"ListItem\",\"position\":1,\"name\":\"Home\",\"item\":\"https:\/\/www.atul.co.in\/spanish\/\"},{\"@type\":\"ListItem\",\"position\":2,\"name\":\"Aromatics\",\"item\":\"\/\"},{\"@type\":\"ListItem\",\"position\":3,\"name\":\"About\"}]},{\"@type\":\"WebSite\",\"@id\":\"http:\/\/13.127.36.189\/spanish\/#website\",\"url\":\"http:\/\/13.127.36.189\/spanish\/\",\"name\":\"Atul Ltd\",\"description\":\"\",\"potentialAction\":[{\"@type\":\"SearchAction\",\"target\":{\"@type\":\"EntryPoint\",\"urlTemplate\":\"http:\/\/13.127.36.189\/spanish\/?s={search_term_string}\"},\"query-input\":{\"@type\":\"PropertyValueSpecification\",\"valueRequired\":true,\"valueName\":\"search_term_string\"}}],\"inLanguage\":\"en-US\"}]}<\/script>\n<!-- \/ Yoast SEO plugin. -->","yoast_head_json":{"title":"Arom\u00e1ticos | Atul","robots":{"index":"index","follow":"follow","max-snippet":"max-snippet:-1","max-image-preview":"max-image-preview:large","max-video-preview":"max-video-preview:-1"},"canonical":"http:\/\/13.127.36.189\/spanish\/aromatics\/","og_locale":"en_US","og_type":"article","og_title":"Arom\u00e1ticos | Atul","og_description":"El mayor fabricante mundial de para Cresol, aldeh\u00eddo para An\u00edsico y alcohol para An\u00edsico &nbsp; Esfuerzos pioneros \u00danico fabricante de para Cresol en la India La \u00fanica planta de para Cresol con descarga cero de l\u00edquido en el mundo Principal&hellip;Read more &#8250;","og_url":"http:\/\/13.127.36.189\/spanish\/aromatics\/","og_site_name":"Atul Ltd","article_modified_time":"2020-06-01T03:49:24+00:00","og_image":[{"url":"https:\/\/www.atul.co.in\/spanish\/wp-content\/uploads\/aromatics-lp-new-1-1.jpg","type":"","width":"","height":""}],"twitter_card":"summary_large_image","twitter_misc":{"Est. reading time":"1 minute"},"schema":{"@context":"https:\/\/schema.org","@graph":[{"@type":"WebPage","@id":"http:\/\/13.127.36.189\/spanish\/aromatics\/","url":"http:\/\/13.127.36.189\/spanish\/aromatics\/","name":"Arom\u00e1ticos | Atul","isPartOf":{"@id":"http:\/\/13.127.36.189\/spanish\/#website"},"primaryImageOfPage":{"@id":"http:\/\/13.127.36.189\/spanish\/aromatics\/#primaryimage"},"image":{"@id":"http:\/\/13.127.36.189\/spanish\/aromatics\/#primaryimage"},"thumbnailUrl":"https:\/\/www.atul.co.in\/spanish\/wp-content\/uploads\/aromatics-lp-new-1-1.jpg","datePublished":"2017-02-02T02:35:17+00:00","dateModified":"2020-06-01T03:49:24+00:00","breadcrumb":{"@id":"http:\/\/13.127.36.189\/spanish\/aromatics\/#breadcrumb"},"inLanguage":"en-US","potentialAction":[{"@type":"ReadAction","target":["http:\/\/13.127.36.189\/spanish\/aromatics\/"]}]},{"@type":"ImageObject","inLanguage":"en-US","@id":"http:\/\/13.127.36.189\/spanish\/aromatics\/#primaryimage","url":"https:\/\/www.atul.co.in\/spanish\/wp-content\/uploads\/aromatics-lp-new-1-1.jpg","contentUrl":"https:\/\/www.atul.co.in\/spanish\/wp-content\/uploads\/aromatics-lp-new-1-1.jpg","width":1400,"height":531},{"@type":"BreadcrumbList","@id":"http:\/\/13.127.36.189\/spanish\/aromatics\/#breadcrumb","itemListElement":[{"@type":"ListItem","position":1,"name":"Home","item":"https:\/\/www.atul.co.in\/spanish\/"},{"@type":"ListItem","position":2,"name":"Aromatics","item":"\/"},{"@type":"ListItem","position":3,"name":"About"}]},{"@type":"WebSite","@id":"http:\/\/13.127.36.189\/spanish\/#website","url":"http:\/\/13.127.36.189\/spanish\/","name":"Atul Ltd","description":"","potentialAction":[{"@type":"SearchAction","target":{"@type":"EntryPoint","urlTemplate":"http:\/\/13.127.36.189\/spanish\/?s={search_term_string}"},"query-input":{"@type":"PropertyValueSpecification","valueRequired":true,"valueName":"search_term_string"}}],"inLanguage":"en-US"}]}},"_links":{"self":[{"href":"https:\/\/www.atul.co.in\/spanish\/wp-json\/wp\/v2\/pages\/854","targetHints":{"allow":["GET"]}}],"collection":[{"href":"https:\/\/www.atul.co.in\/spanish\/wp-json\/wp\/v2\/pages"}],"about":[{"href":"https:\/\/www.atul.co.in\/spanish\/wp-json\/wp\/v2\/types\/page"}],"author":[{"embeddable":true,"href":"https:\/\/www.atul.co.in\/spanish\/wp-json\/wp\/v2\/users\/1"}],"replies":[{"embeddable":true,"href":"https:\/\/www.atul.co.in\/spanish\/wp-json\/wp\/v2\/comments?post=854"}],"version-history":[{"count":0,"href":"https:\/\/www.atul.co.in\/spanish\/wp-json\/wp\/v2\/pages\/854\/revisions"}],"up":[{"embeddable":true,"href":"https:\/\/www.atul.co.in\/spanish\/wp-json\/wp\/v2\/pages\/853"}],"wp:attachment":[{"href":"https:\/\/www.atul.co.in\/spanish\/wp-json\/wp\/v2\/media?parent=854"}],"curies":[{"name":"wp","href":"https:\/\/api.w.org\/{rel}","templated":true}]}}