{"id":861,"date":"2017-02-02T03:35:40","date_gmt":"2017-02-02T03:35:40","guid":{"rendered":"http:\/\/43.242.212.212\/~atulco\/?page_id=861"},"modified":"2020-06-01T09:22:30","modified_gmt":"2020-06-01T03:52:30","slug":"bulkchemicals","status":"publish","type":"page","link":"https:\/\/www.atul.co.in\/spanish\/bulkchemicals","title":{"rendered":"Acerca de"},"content":{"rendered":"<div class=\"container\"><center><\/p>\n<div class=\"text1\">El \u00fanico fabricante integrado de Resorcinol y resina de formaldeh\u00eddo de Resorcinol en la India<\/div>\n<p><\/center><\/div>\n<div class=\"space20\"><\/div>\n<div class=\"landingimage\"><img loading=\"lazy\" decoding=\"async\" src=\"https:\/\/www.atul.co.in\/spanish\/wp-content\/uploads\/BI-LP.jpg\" alt=\"\" width=\"1400\" height=\"531\" class=\"aligncenter size-full wp-image-4056\" srcset=\"https:\/\/www.atul.co.in\/spanish\/wp-content\/uploads\/BI-LP.jpg 1400w, https:\/\/www.atul.co.in\/spanish\/wp-content\/uploads\/BI-LP-768x291.jpg 768w, https:\/\/www.atul.co.in\/spanish\/wp-content\/uploads\/BI-LP-60x23.jpg 60w\" sizes=\"auto, (max-width: 1400px) 100vw, 1400px\" \/><\/div>\n<div class=\"bi-highlights\">\n<div class=\"container\">\n<div class=\"title\">Esfuerzos pioneros<\/div>\n<div class=\"text\">\u00danico fabricante de Resorcinol en la India<\/p>\n<p>\u00danico fabricante integrado de Resorcinol y resina de formaldeh\u00eddo Resorcinol en la India<\/p>\n<p>Principal fabricante de Anisol en la India<\/p>\n<\/div>\n<div class=\"clear\"><\/div>\n<\/div>\n<\/div>\n<div class=\"bulk-chemicals-industry\">\n<div class=\"container\">\n<div class=\"title\">Industrias atendidas<\/div>\n<div class=\"text\">Sirviendo a diversas industrias tales como la de Neum\u00e1ticos y Cuidado Personal<\/div>\n<div class=\"link\"><a href=\"https:\/\/www.atul.co.in\/spanish\/bulkchemicals\/industries\">Explorar<\/a><\/div>\n<div class=\"clear\"><\/div>\n<\/div>\n<\/div>\n<div class=\"bulk-chemicals-products\">\n<div class=\"container\">\n<div class=\"title\">Productos<\/div>\n<div class=\"text\">Ofreciendo una diversa gama de productos qu\u00edmicos: a granel, de rendimiento y especializados<\/div>\n<div class=\"link\"><a href=\"https:\/\/www.atul.co.in\/spanish\/bulkchemicals\/products\">Explorar<\/a><\/div>\n<div class=\"clear\"><\/div>\n<\/div>\n<\/div>\n<p><!--\n\n\n<div class=\"updates\">\n\n\n<div class=\"container\">\n\n\n<div class=\"title\"><a href=\"https:\/\/www.atul.co.in\/spanish\/w4pl\/bi-updates-list\/\">Updates<\/a><\/div>\n\n\n[postlist id=4388]\n\n<\/div>\n\n\n<\/div>\n\n --><br \/>\n<!--eof updates--><\/p>\n","protected":false},"excerpt":{"rendered":"<p>El \u00fanico fabricante integrado de Resorcinol y resina de formaldeh\u00eddo de Resorcinol en la India Esfuerzos pioneros \u00danico fabricante de Resorcinol en la India \u00danico fabricante integrado de Resorcinol y resina de formaldeh\u00eddo Resorcinol en la India Principal fabricante de<span class=\"ellipsis\">&hellip;<\/span><\/p>\n<div class=\"read-more\"><a href=\"https:\/\/www.atul.co.in\/spanish\/bulkchemicals\">Read more &#8250;<\/a><\/div>\n<p><!-- end of .read-more --><\/p>\n","protected":false},"author":1,"featured_media":3973,"parent":0,"menu_order":0,"comment_status":"closed","ping_status":"closed","template":"bulk-chemicals-intermediates-microsite-pages.php","meta":{"_acf_changed":false,"footnotes":"","_links_to":"","_links_to_target":""},"class_list":["post-861","page","type-page","status-publish","has-post-thumbnail","hentry"],"acf":[],"yoast_head":"<!-- This site is optimized with the Yoast SEO plugin v26.8 - https:\/\/yoast.com\/product\/yoast-seo-wordpress\/ -->\n<title>Productos Qu\u00edmicos A Granel e Intermediarios | Atul<\/title>\n<meta name=\"robots\" content=\"index, follow, max-snippet:-1, max-image-preview:large, max-video-preview:-1\" \/>\n<link rel=\"canonical\" href=\"http:\/\/13.127.36.189\/spanish\/bulkchemicals\/\" \/>\n<meta property=\"og:locale\" content=\"en_US\" \/>\n<meta property=\"og:type\" content=\"article\" \/>\n<meta property=\"og:title\" content=\"Productos Qu\u00edmicos A Granel e Intermediarios | Atul\" \/>\n<meta property=\"og:description\" content=\"El \u00fanico fabricante integrado de Resorcinol y resina de formaldeh\u00eddo de Resorcinol en la India Esfuerzos pioneros \u00danico fabricante de Resorcinol en la India \u00danico fabricante integrado de Resorcinol y resina de formaldeh\u00eddo Resorcinol en la India Principal fabricante de&hellip;Read more &#8250;\" \/>\n<meta property=\"og:url\" content=\"http:\/\/13.127.36.189\/spanish\/bulkchemicals\/\" \/>\n<meta property=\"og:site_name\" content=\"Atul Ltd\" \/>\n<meta property=\"article:modified_time\" content=\"2020-06-01T03:52:30+00:00\" \/>\n<meta property=\"og:image\" content=\"http:\/\/13.127.36.189\/spanish\/wp-content\/uploads\/bi-banner.png\" \/>\n\t<meta property=\"og:image:width\" content=\"1400\" \/>\n\t<meta property=\"og:image:height\" content=\"392\" \/>\n\t<meta property=\"og:image:type\" content=\"image\/png\" \/>\n<meta name=\"twitter:card\" content=\"summary_large_image\" \/>\n<script type=\"application\/ld+json\" class=\"yoast-schema-graph\">{\"@context\":\"https:\/\/schema.org\",\"@graph\":[{\"@type\":\"WebPage\",\"@id\":\"http:\/\/13.127.36.189\/spanish\/bulkchemicals\/\",\"url\":\"http:\/\/13.127.36.189\/spanish\/bulkchemicals\/\",\"name\":\"Productos Qu\u00edmicos A Granel e Intermediarios | Atul\",\"isPartOf\":{\"@id\":\"http:\/\/13.127.36.189\/spanish\/#website\"},\"primaryImageOfPage\":{\"@id\":\"http:\/\/13.127.36.189\/spanish\/bulkchemicals\/#primaryimage\"},\"image\":{\"@id\":\"http:\/\/13.127.36.189\/spanish\/bulkchemicals\/#primaryimage\"},\"thumbnailUrl\":\"https:\/\/www.atul.co.in\/spanish\/wp-content\/uploads\/bi-banner.png\",\"datePublished\":\"2017-02-02T03:35:40+00:00\",\"dateModified\":\"2020-06-01T03:52:30+00:00\",\"breadcrumb\":{\"@id\":\"http:\/\/13.127.36.189\/spanish\/bulkchemicals\/#breadcrumb\"},\"inLanguage\":\"en-US\",\"potentialAction\":[{\"@type\":\"ReadAction\",\"target\":[\"http:\/\/13.127.36.189\/spanish\/bulkchemicals\/\"]}]},{\"@type\":\"ImageObject\",\"inLanguage\":\"en-US\",\"@id\":\"http:\/\/13.127.36.189\/spanish\/bulkchemicals\/#primaryimage\",\"url\":\"https:\/\/www.atul.co.in\/spanish\/wp-content\/uploads\/bi-banner.png\",\"contentUrl\":\"https:\/\/www.atul.co.in\/spanish\/wp-content\/uploads\/bi-banner.png\",\"width\":1400,\"height\":392},{\"@type\":\"BreadcrumbList\",\"@id\":\"http:\/\/13.127.36.189\/spanish\/bulkchemicals\/#breadcrumb\",\"itemListElement\":[{\"@type\":\"ListItem\",\"position\":1,\"name\":\"Home\",\"item\":\"https:\/\/www.atul.co.in\/spanish\/\"},{\"@type\":\"ListItem\",\"position\":2,\"name\":\"Acerca de\"}]},{\"@type\":\"WebSite\",\"@id\":\"http:\/\/13.127.36.189\/spanish\/#website\",\"url\":\"http:\/\/13.127.36.189\/spanish\/\",\"name\":\"Atul Ltd\",\"description\":\"\",\"potentialAction\":[{\"@type\":\"SearchAction\",\"target\":{\"@type\":\"EntryPoint\",\"urlTemplate\":\"http:\/\/13.127.36.189\/spanish\/?s={search_term_string}\"},\"query-input\":{\"@type\":\"PropertyValueSpecification\",\"valueRequired\":true,\"valueName\":\"search_term_string\"}}],\"inLanguage\":\"en-US\"}]}<\/script>\n<!-- \/ Yoast SEO plugin. -->","yoast_head_json":{"title":"Productos Qu\u00edmicos A Granel e Intermediarios | Atul","robots":{"index":"index","follow":"follow","max-snippet":"max-snippet:-1","max-image-preview":"max-image-preview:large","max-video-preview":"max-video-preview:-1"},"canonical":"http:\/\/13.127.36.189\/spanish\/bulkchemicals\/","og_locale":"en_US","og_type":"article","og_title":"Productos Qu\u00edmicos A Granel e Intermediarios | Atul","og_description":"El \u00fanico fabricante integrado de Resorcinol y resina de formaldeh\u00eddo de Resorcinol en la India Esfuerzos pioneros \u00danico fabricante de Resorcinol en la India \u00danico fabricante integrado de Resorcinol y resina de formaldeh\u00eddo Resorcinol en la India Principal fabricante de&hellip;Read more &#8250;","og_url":"http:\/\/13.127.36.189\/spanish\/bulkchemicals\/","og_site_name":"Atul Ltd","article_modified_time":"2020-06-01T03:52:30+00:00","og_image":[{"width":1400,"height":392,"url":"http:\/\/13.127.36.189\/spanish\/wp-content\/uploads\/bi-banner.png","type":"image\/png"}],"twitter_card":"summary_large_image","schema":{"@context":"https:\/\/schema.org","@graph":[{"@type":"WebPage","@id":"http:\/\/13.127.36.189\/spanish\/bulkchemicals\/","url":"http:\/\/13.127.36.189\/spanish\/bulkchemicals\/","name":"Productos Qu\u00edmicos A Granel e Intermediarios | Atul","isPartOf":{"@id":"http:\/\/13.127.36.189\/spanish\/#website"},"primaryImageOfPage":{"@id":"http:\/\/13.127.36.189\/spanish\/bulkchemicals\/#primaryimage"},"image":{"@id":"http:\/\/13.127.36.189\/spanish\/bulkchemicals\/#primaryimage"},"thumbnailUrl":"https:\/\/www.atul.co.in\/spanish\/wp-content\/uploads\/bi-banner.png","datePublished":"2017-02-02T03:35:40+00:00","dateModified":"2020-06-01T03:52:30+00:00","breadcrumb":{"@id":"http:\/\/13.127.36.189\/spanish\/bulkchemicals\/#breadcrumb"},"inLanguage":"en-US","potentialAction":[{"@type":"ReadAction","target":["http:\/\/13.127.36.189\/spanish\/bulkchemicals\/"]}]},{"@type":"ImageObject","inLanguage":"en-US","@id":"http:\/\/13.127.36.189\/spanish\/bulkchemicals\/#primaryimage","url":"https:\/\/www.atul.co.in\/spanish\/wp-content\/uploads\/bi-banner.png","contentUrl":"https:\/\/www.atul.co.in\/spanish\/wp-content\/uploads\/bi-banner.png","width":1400,"height":392},{"@type":"BreadcrumbList","@id":"http:\/\/13.127.36.189\/spanish\/bulkchemicals\/#breadcrumb","itemListElement":[{"@type":"ListItem","position":1,"name":"Home","item":"https:\/\/www.atul.co.in\/spanish\/"},{"@type":"ListItem","position":2,"name":"Acerca de"}]},{"@type":"WebSite","@id":"http:\/\/13.127.36.189\/spanish\/#website","url":"http:\/\/13.127.36.189\/spanish\/","name":"Atul Ltd","description":"","potentialAction":[{"@type":"SearchAction","target":{"@type":"EntryPoint","urlTemplate":"http:\/\/13.127.36.189\/spanish\/?s={search_term_string}"},"query-input":{"@type":"PropertyValueSpecification","valueRequired":true,"valueName":"search_term_string"}}],"inLanguage":"en-US"}]}},"_links":{"self":[{"href":"https:\/\/www.atul.co.in\/spanish\/wp-json\/wp\/v2\/pages\/861","targetHints":{"allow":["GET"]}}],"collection":[{"href":"https:\/\/www.atul.co.in\/spanish\/wp-json\/wp\/v2\/pages"}],"about":[{"href":"https:\/\/www.atul.co.in\/spanish\/wp-json\/wp\/v2\/types\/page"}],"author":[{"embeddable":true,"href":"https:\/\/www.atul.co.in\/spanish\/wp-json\/wp\/v2\/users\/1"}],"replies":[{"embeddable":true,"href":"https:\/\/www.atul.co.in\/spanish\/wp-json\/wp\/v2\/comments?post=861"}],"version-history":[{"count":0,"href":"https:\/\/www.atul.co.in\/spanish\/wp-json\/wp\/v2\/pages\/861\/revisions"}],"wp:featuredmedia":[{"embeddable":true,"href":"https:\/\/www.atul.co.in\/spanish\/wp-json\/wp\/v2\/media\/3973"}],"wp:attachment":[{"href":"https:\/\/www.atul.co.in\/spanish\/wp-json\/wp\/v2\/media?parent=861"}],"curies":[{"name":"wp","href":"https:\/\/api.w.org\/{rel}","templated":true}]}}