{"id":873,"date":"2017-02-02T03:58:41","date_gmt":"2017-02-02T03:58:41","guid":{"rendered":"http:\/\/43.242.212.212\/~atulco\/?page_id=873"},"modified":"2020-05-28T11:33:11","modified_gmt":"2020-05-28T06:03:11","slug":"cropcare-retail","status":"publish","type":"page","link":"https:\/\/www.atul.co.in\/spanish\/cropcare-retail","title":{"rendered":"Acerca de"},"content":{"rendered":"<div class=\"container\">\n<div class=\"text1\"><center>Fabricante nacional de productos qu\u00edmicos clave para la protecci\u00f3n de cultivos, tales como 2,4-D, Sulfonilurea, Clodinafop propargyl e Indoxacarb<\/center><\/div>\n<\/div>\n<div class=\"space20\"><\/div>\n<div class=\"landingimage\"><img decoding=\"async\" src=\"https:\/\/www.atul.co.in\/spanish\/wp-content\/uploads\/cp-brand-banner1-1.jpg\" alt=\"\"  class=\"aligncenter size-full wp-image-846\" \/><\/div>\n<div class=\"crop-protection-brands-highlights\">\n<div class=\"container\">\n<div class=\"space25\"><\/div>\n<div class=\"title\">Esfuerzos pioneros<\/div>\n<div class=\"text\">\nAtendiendo a una red de 2 millones de agricultores en la India a trav\u00e9s de m\u00e1s de 2500 distribuidores<\/p>\n<p>Ofreciendo soluciones a agricultores y distribuidores con equipos dedicados y t\u00e9cnicamente calificados<\/p>\n<p>Ofreciendo soluciones rentables para el cuidado de cultivos con productos de calidad para mejorar el rendimiento de la producci\u00f3n<\/p>\n<p>Zura es la marca de 2,4-D m\u00e1s vendida en la India<\/p>\n<p>Presencia en la India con m\u00e1s de 50 productos para el cuidado de cultivos\n<\/p><\/div>\n<div class=\"clear\"><\/div>\n<\/div>\n<\/div>\n<div class=\"crop-protection-brands-industry\">\n<div class=\"container\">\n<div class=\"title\">Cultivos<\/div>\n<div class=\"text\">Atendiendo a una red de unos 2 millones de agricultores en la India a trav\u00e9s de m\u00e1s de 2500 distribuidores<\/div>\n<div class=\"link\"><a href=\"https:\/\/www.atul.co.in\/spanish\/cropcare-retail\/crops\">EXPLORAR<\/a><\/div>\n<div class=\"clear\"><\/div>\n<\/div>\n<\/div>\n<div class=\"crop-protection-brands-products\">\n<div class=\"container\">\n<div class=\"title\">Productos<\/div>\n<div class=\"text\">Ofreciendo soluciones integrales para la protecci\u00f3n de cultivos a trav\u00e9s de m\u00e1s de 50 marcas en toda la India<\/div>\n<div class=\"link\"><a href=\"https:\/\/www.atul.co.in\/spanish\/cropcare-retail\/products\">EXPLORAR<\/a><\/div>\n<div class=\"clear\"><\/div>\n<\/div>\n<\/div>\n<p><!--div class=\"updates\">\n\n\n<div class=\"container\">\n\n\n<div class=\"title\"><a href=\"https:\/\/www.atul.co.in\/spanish\/w4pl\/cp-brand-updates-list\/\">Updates<\/a><\/div>\n\n\n[postlist id=4391]\n\n<\/div>\n\n\n<\/div->\n<!--eof updates--><\/p>\n","protected":false},"excerpt":{"rendered":"<p>Fabricante nacional de productos qu\u00edmicos clave para la protecci\u00f3n de cultivos, tales como 2,4-D, Sulfonilurea, Clodinafop propargyl e Indoxacarb Esfuerzos pioneros Atendiendo a una red de 2 millones de agricultores en la India a trav\u00e9s de m\u00e1s de 2500 distribuidores<span class=\"ellipsis\">&hellip;<\/span><\/p>\n<div class=\"read-more\"><a href=\"https:\/\/www.atul.co.in\/spanish\/cropcare-retail\">Read more &#8250;<\/a><\/div>\n<p><!-- end of .read-more --><\/p>\n","protected":false},"author":1,"featured_media":0,"parent":872,"menu_order":0,"comment_status":"closed","ping_status":"closed","template":"crop-protection-brands-microsite-pages.php","meta":{"_acf_changed":false,"footnotes":"","_links_to":"","_links_to_target":""},"class_list":["post-873","page","type-page","status-publish","hentry"],"acf":[],"yoast_head":"<!-- This site is optimized with the Yoast SEO plugin v26.8 - https:\/\/yoast.com\/product\/yoast-seo-wordpress\/ -->\n<title>Venta Minorista de Protecci\u00f3n de Cultivos | Atul<\/title>\n<meta name=\"robots\" content=\"index, follow, max-snippet:-1, max-image-preview:large, max-video-preview:-1\" \/>\n<link rel=\"canonical\" href=\"http:\/\/13.127.36.189\/spanish\/cropcare-retail\/\" \/>\n<meta property=\"og:locale\" content=\"en_US\" \/>\n<meta property=\"og:type\" content=\"article\" \/>\n<meta property=\"og:title\" content=\"Venta Minorista de Protecci\u00f3n de Cultivos | Atul\" \/>\n<meta property=\"og:description\" content=\"Fabricante nacional de productos qu\u00edmicos clave para la protecci\u00f3n de cultivos, tales como 2,4-D, Sulfonilurea, Clodinafop propargyl e Indoxacarb Esfuerzos pioneros Atendiendo a una red de 2 millones de agricultores en la India a trav\u00e9s de m\u00e1s de 2500 distribuidores&hellip;Read more &#8250;\" \/>\n<meta property=\"og:url\" content=\"http:\/\/13.127.36.189\/spanish\/cropcare-retail\/\" \/>\n<meta property=\"og:site_name\" content=\"Atul Ltd\" \/>\n<meta property=\"article:modified_time\" content=\"2020-05-28T06:03:11+00:00\" \/>\n<meta property=\"og:image\" content=\"https:\/\/www.atul.co.in\/spanish\/wp-content\/uploads\/cp-brand-banner1-1.jpg\" \/>\n<meta name=\"twitter:card\" content=\"summary_large_image\" \/>\n<meta name=\"twitter:label1\" content=\"Est. reading time\" \/>\n\t<meta name=\"twitter:data1\" content=\"1 minute\" \/>\n<script type=\"application\/ld+json\" class=\"yoast-schema-graph\">{\"@context\":\"https:\/\/schema.org\",\"@graph\":[{\"@type\":\"WebPage\",\"@id\":\"http:\/\/13.127.36.189\/spanish\/cropcare-retail\/\",\"url\":\"http:\/\/13.127.36.189\/spanish\/cropcare-retail\/\",\"name\":\"Venta Minorista de Protecci\u00f3n de Cultivos | Atul\",\"isPartOf\":{\"@id\":\"http:\/\/13.127.36.189\/spanish\/#website\"},\"primaryImageOfPage\":{\"@id\":\"http:\/\/13.127.36.189\/spanish\/cropcare-retail\/#primaryimage\"},\"image\":{\"@id\":\"http:\/\/13.127.36.189\/spanish\/cropcare-retail\/#primaryimage\"},\"thumbnailUrl\":\"https:\/\/www.atul.co.in\/spanish\/wp-content\/uploads\/cp-brand-banner1-1.jpg\",\"datePublished\":\"2017-02-02T03:58:41+00:00\",\"dateModified\":\"2020-05-28T06:03:11+00:00\",\"breadcrumb\":{\"@id\":\"http:\/\/13.127.36.189\/spanish\/cropcare-retail\/#breadcrumb\"},\"inLanguage\":\"en-US\",\"potentialAction\":[{\"@type\":\"ReadAction\",\"target\":[\"http:\/\/13.127.36.189\/spanish\/cropcare-retail\/\"]}]},{\"@type\":\"ImageObject\",\"inLanguage\":\"en-US\",\"@id\":\"http:\/\/13.127.36.189\/spanish\/cropcare-retail\/#primaryimage\",\"url\":\"https:\/\/www.atul.co.in\/spanish\/wp-content\/uploads\/cp-brand-banner1-1.jpg\",\"contentUrl\":\"https:\/\/www.atul.co.in\/spanish\/wp-content\/uploads\/cp-brand-banner1-1.jpg\"},{\"@type\":\"BreadcrumbList\",\"@id\":\"http:\/\/13.127.36.189\/spanish\/cropcare-retail\/#breadcrumb\",\"itemListElement\":[{\"@type\":\"ListItem\",\"position\":1,\"name\":\"Home\",\"item\":\"https:\/\/www.atul.co.in\/spanish\/\"},{\"@type\":\"ListItem\",\"position\":2,\"name\":\"Crop Protection Brands\",\"item\":\"\/\"},{\"@type\":\"ListItem\",\"position\":3,\"name\":\"Acerca de\"}]},{\"@type\":\"WebSite\",\"@id\":\"http:\/\/13.127.36.189\/spanish\/#website\",\"url\":\"http:\/\/13.127.36.189\/spanish\/\",\"name\":\"Atul Ltd\",\"description\":\"\",\"potentialAction\":[{\"@type\":\"SearchAction\",\"target\":{\"@type\":\"EntryPoint\",\"urlTemplate\":\"http:\/\/13.127.36.189\/spanish\/?s={search_term_string}\"},\"query-input\":{\"@type\":\"PropertyValueSpecification\",\"valueRequired\":true,\"valueName\":\"search_term_string\"}}],\"inLanguage\":\"en-US\"}]}<\/script>\n<!-- \/ Yoast SEO plugin. -->","yoast_head_json":{"title":"Venta Minorista de Protecci\u00f3n de Cultivos | Atul","robots":{"index":"index","follow":"follow","max-snippet":"max-snippet:-1","max-image-preview":"max-image-preview:large","max-video-preview":"max-video-preview:-1"},"canonical":"http:\/\/13.127.36.189\/spanish\/cropcare-retail\/","og_locale":"en_US","og_type":"article","og_title":"Venta Minorista de Protecci\u00f3n de Cultivos | Atul","og_description":"Fabricante nacional de productos qu\u00edmicos clave para la protecci\u00f3n de cultivos, tales como 2,4-D, Sulfonilurea, Clodinafop propargyl e Indoxacarb Esfuerzos pioneros Atendiendo a una red de 2 millones de agricultores en la India a trav\u00e9s de m\u00e1s de 2500 distribuidores&hellip;Read more &#8250;","og_url":"http:\/\/13.127.36.189\/spanish\/cropcare-retail\/","og_site_name":"Atul Ltd","article_modified_time":"2020-05-28T06:03:11+00:00","og_image":[{"url":"https:\/\/www.atul.co.in\/spanish\/wp-content\/uploads\/cp-brand-banner1-1.jpg","type":"","width":"","height":""}],"twitter_card":"summary_large_image","twitter_misc":{"Est. reading time":"1 minute"},"schema":{"@context":"https:\/\/schema.org","@graph":[{"@type":"WebPage","@id":"http:\/\/13.127.36.189\/spanish\/cropcare-retail\/","url":"http:\/\/13.127.36.189\/spanish\/cropcare-retail\/","name":"Venta Minorista de Protecci\u00f3n de Cultivos | Atul","isPartOf":{"@id":"http:\/\/13.127.36.189\/spanish\/#website"},"primaryImageOfPage":{"@id":"http:\/\/13.127.36.189\/spanish\/cropcare-retail\/#primaryimage"},"image":{"@id":"http:\/\/13.127.36.189\/spanish\/cropcare-retail\/#primaryimage"},"thumbnailUrl":"https:\/\/www.atul.co.in\/spanish\/wp-content\/uploads\/cp-brand-banner1-1.jpg","datePublished":"2017-02-02T03:58:41+00:00","dateModified":"2020-05-28T06:03:11+00:00","breadcrumb":{"@id":"http:\/\/13.127.36.189\/spanish\/cropcare-retail\/#breadcrumb"},"inLanguage":"en-US","potentialAction":[{"@type":"ReadAction","target":["http:\/\/13.127.36.189\/spanish\/cropcare-retail\/"]}]},{"@type":"ImageObject","inLanguage":"en-US","@id":"http:\/\/13.127.36.189\/spanish\/cropcare-retail\/#primaryimage","url":"https:\/\/www.atul.co.in\/spanish\/wp-content\/uploads\/cp-brand-banner1-1.jpg","contentUrl":"https:\/\/www.atul.co.in\/spanish\/wp-content\/uploads\/cp-brand-banner1-1.jpg"},{"@type":"BreadcrumbList","@id":"http:\/\/13.127.36.189\/spanish\/cropcare-retail\/#breadcrumb","itemListElement":[{"@type":"ListItem","position":1,"name":"Home","item":"https:\/\/www.atul.co.in\/spanish\/"},{"@type":"ListItem","position":2,"name":"Crop Protection Brands","item":"\/"},{"@type":"ListItem","position":3,"name":"Acerca de"}]},{"@type":"WebSite","@id":"http:\/\/13.127.36.189\/spanish\/#website","url":"http:\/\/13.127.36.189\/spanish\/","name":"Atul Ltd","description":"","potentialAction":[{"@type":"SearchAction","target":{"@type":"EntryPoint","urlTemplate":"http:\/\/13.127.36.189\/spanish\/?s={search_term_string}"},"query-input":{"@type":"PropertyValueSpecification","valueRequired":true,"valueName":"search_term_string"}}],"inLanguage":"en-US"}]}},"_links":{"self":[{"href":"https:\/\/www.atul.co.in\/spanish\/wp-json\/wp\/v2\/pages\/873","targetHints":{"allow":["GET"]}}],"collection":[{"href":"https:\/\/www.atul.co.in\/spanish\/wp-json\/wp\/v2\/pages"}],"about":[{"href":"https:\/\/www.atul.co.in\/spanish\/wp-json\/wp\/v2\/types\/page"}],"author":[{"embeddable":true,"href":"https:\/\/www.atul.co.in\/spanish\/wp-json\/wp\/v2\/users\/1"}],"replies":[{"embeddable":true,"href":"https:\/\/www.atul.co.in\/spanish\/wp-json\/wp\/v2\/comments?post=873"}],"version-history":[{"count":0,"href":"https:\/\/www.atul.co.in\/spanish\/wp-json\/wp\/v2\/pages\/873\/revisions"}],"up":[{"embeddable":true,"href":"https:\/\/www.atul.co.in\/spanish\/wp-json\/wp\/v2\/pages\/872"}],"wp:attachment":[{"href":"https:\/\/www.atul.co.in\/spanish\/wp-json\/wp\/v2\/media?parent=873"}],"curies":[{"name":"wp","href":"https:\/\/api.w.org\/{rel}","templated":true}]}}