{"id":879,"date":"2017-02-02T04:05:24","date_gmt":"2017-02-02T04:05:24","guid":{"rendered":"http:\/\/43.242.212.212\/~atulco\/?page_id=879"},"modified":"2020-05-28T14:34:39","modified_gmt":"2020-05-28T09:04:39","slug":"floras","status":"publish","type":"page","link":"https:\/\/www.atul.co.in\/spanish\/floras","title":{"rendered":"Acerca de"},"content":{"rendered":"<div class=\"container\">\n<div class=\"text1\">\nEl mayor productor de la India de palmeras datileras desarrolladas a partir de cultivos de tejido, con presencia mundial<\/h4>\n<\/div>\n<\/div>\n<div class=\"space20\"><\/div>\n<div class=\"landingimage\"><img decoding=\"async\" class=\"aligncenter size-full wp-image-846\" src=\"https:\/\/www.atul.co.in\/spanish\/wp-content\/uploads\/floras.jpg\" alt=\"\" \/><\/div>\n<div class=\"floras-highlights\">\n<div class=\"container\">\n<div class=\"title\">Esfuerzos pioneros<\/div>\n<div class=\"text\">El mayor productor del mundo de palmeras datileras desarrolladas a partir de cultivos de tejido, junto con sus filiales en la India y el Reino Unido<\/p>\n<p>Productor de verdaderos bananos desarrollados a partir de cultivos de tejido<\/p>\n<p>Productor de aceites esenciales para la industria de aromas y fragancias<\/p>\n<p>Atul Rajasthan Date Palms Ltd es el primer y \u00fanico productor aut\u00f3ctono de palmeras datileras desarrolladas a partir de cultivos de tejido, utilizando tecnolog\u00eda extranjera en la India<\/p>\n<p>Primer productor exclusivo de una amplia variedad de d\u00e1tiles frescos y nutritivos y de productos d\u00e1tiles procesados en la India \u2013 &#8220;Date Delights&#8221;<\/p><\/div>\n<div class=\"clear\"><\/div>\n<\/div>\n<\/div>\n<div class=\"floras-industry\">\n<div class=\"container\">\n<div class=\"title\">Industrias atendidas<\/div>\n<div class=\"text\">Pioneros en la industria agrobiotecnol\u00f3gica para la producci\u00f3n de palmeras datileras desarrolladas a partir de cultivos de tejido<\/div>\n<div class=\"link\"><a href=\"https:\/\/www.atul.co.in\/spanish\/floras\/industries\/\">EXPLORAR<\/a><\/div>\n<div class=\"clear\"><\/div>\n<\/div>\n<\/div>\n<div class=\"floras-products\">\n<div class=\"container\">\n<div class=\"title\">Productos<\/div>\n<div class=\"text\">Proveedor de soluciones para la cadena de valor de productos d\u00e1tiles, desde la granja hasta el tenedor<\/div>\n<div class=\"link\"><a href=\"https:\/\/www.atul.co.in\/spanish\/floras\/products\/\">EXPLORAR<\/a><\/div>\n<div class=\"clear\"><\/div>\n<\/div>\n<\/div>\n<p><!--\n\n\n<div class=\"updates\">\n\n\n<div class=\"container\">\n\n\n<div class=\"title\"><a href=\"https:\/\/www.atul.co.in\/spanish\/w4pl\/floras-updates-list\/\">Updates<\/a><\/div>\n\n\n[postlist id=4392]\n\n<\/div>\n\n\n<\/div>\n\n --><br \/>\n<!--eof updates--><\/p>\n","protected":false},"excerpt":{"rendered":"<p>El mayor productor de la India de palmeras datileras desarrolladas a partir de cultivos de tejido, con presencia mundial Esfuerzos pioneros El mayor productor del mundo de palmeras datileras desarrolladas a partir de cultivos de tejido, junto con sus filiales<span class=\"ellipsis\">&hellip;<\/span><\/p>\n<div class=\"read-more\"><a href=\"https:\/\/www.atul.co.in\/spanish\/floras\">Read more &#8250;<\/a><\/div>\n<p><!-- end of .read-more --><\/p>\n","protected":false},"author":1,"featured_media":0,"parent":878,"menu_order":0,"comment_status":"closed","ping_status":"closed","template":"floras-microsite-pages.php","meta":{"_acf_changed":false,"footnotes":"","_links_to":"","_links_to_target":""},"class_list":["post-879","page","type-page","status-publish","hentry"],"acf":[],"yoast_head":"<!-- This site is optimized with the Yoast SEO plugin v26.8 - https:\/\/yoast.com\/product\/yoast-seo-wordpress\/ -->\n<title>Flora | Atul<\/title>\n<meta name=\"robots\" content=\"index, follow, max-snippet:-1, max-image-preview:large, max-video-preview:-1\" \/>\n<link rel=\"canonical\" href=\"http:\/\/13.127.36.189\/spanish\/floras\/\" \/>\n<meta property=\"og:locale\" content=\"en_US\" \/>\n<meta property=\"og:type\" content=\"article\" \/>\n<meta property=\"og:title\" content=\"Flora | Atul\" \/>\n<meta property=\"og:description\" content=\"El mayor productor de la India de palmeras datileras desarrolladas a partir de cultivos de tejido, con presencia mundial Esfuerzos pioneros El mayor productor del mundo de palmeras datileras desarrolladas a partir de cultivos de tejido, junto con sus filiales&hellip;Read more &#8250;\" \/>\n<meta property=\"og:url\" content=\"http:\/\/13.127.36.189\/spanish\/floras\/\" \/>\n<meta property=\"og:site_name\" content=\"Atul Ltd\" \/>\n<meta property=\"article:modified_time\" content=\"2020-05-28T09:04:39+00:00\" \/>\n<meta property=\"og:image\" content=\"https:\/\/www.atul.co.in\/spanish\/wp-content\/uploads\/floras.jpg\" \/>\n<meta name=\"twitter:card\" content=\"summary_large_image\" \/>\n<meta name=\"twitter:label1\" content=\"Est. reading time\" \/>\n\t<meta name=\"twitter:data1\" content=\"1 minute\" \/>\n<script type=\"application\/ld+json\" class=\"yoast-schema-graph\">{\"@context\":\"https:\/\/schema.org\",\"@graph\":[{\"@type\":\"WebPage\",\"@id\":\"http:\/\/13.127.36.189\/spanish\/floras\/\",\"url\":\"http:\/\/13.127.36.189\/spanish\/floras\/\",\"name\":\"Flora | Atul\",\"isPartOf\":{\"@id\":\"http:\/\/13.127.36.189\/spanish\/#website\"},\"primaryImageOfPage\":{\"@id\":\"http:\/\/13.127.36.189\/spanish\/floras\/#primaryimage\"},\"image\":{\"@id\":\"http:\/\/13.127.36.189\/spanish\/floras\/#primaryimage\"},\"thumbnailUrl\":\"https:\/\/www.atul.co.in\/spanish\/wp-content\/uploads\/floras.jpg\",\"datePublished\":\"2017-02-02T04:05:24+00:00\",\"dateModified\":\"2020-05-28T09:04:39+00:00\",\"breadcrumb\":{\"@id\":\"http:\/\/13.127.36.189\/spanish\/floras\/#breadcrumb\"},\"inLanguage\":\"en-US\",\"potentialAction\":[{\"@type\":\"ReadAction\",\"target\":[\"http:\/\/13.127.36.189\/spanish\/floras\/\"]}]},{\"@type\":\"ImageObject\",\"inLanguage\":\"en-US\",\"@id\":\"http:\/\/13.127.36.189\/spanish\/floras\/#primaryimage\",\"url\":\"https:\/\/www.atul.co.in\/spanish\/wp-content\/uploads\/floras.jpg\",\"contentUrl\":\"https:\/\/www.atul.co.in\/spanish\/wp-content\/uploads\/floras.jpg\"},{\"@type\":\"BreadcrumbList\",\"@id\":\"http:\/\/13.127.36.189\/spanish\/floras\/#breadcrumb\",\"itemListElement\":[{\"@type\":\"ListItem\",\"position\":1,\"name\":\"Home\",\"item\":\"https:\/\/www.atul.co.in\/spanish\/\"},{\"@type\":\"ListItem\",\"position\":2,\"name\":\"Floras\",\"item\":\"\/\"},{\"@type\":\"ListItem\",\"position\":3,\"name\":\"Acerca de\"}]},{\"@type\":\"WebSite\",\"@id\":\"http:\/\/13.127.36.189\/spanish\/#website\",\"url\":\"http:\/\/13.127.36.189\/spanish\/\",\"name\":\"Atul Ltd\",\"description\":\"\",\"potentialAction\":[{\"@type\":\"SearchAction\",\"target\":{\"@type\":\"EntryPoint\",\"urlTemplate\":\"http:\/\/13.127.36.189\/spanish\/?s={search_term_string}\"},\"query-input\":{\"@type\":\"PropertyValueSpecification\",\"valueRequired\":true,\"valueName\":\"search_term_string\"}}],\"inLanguage\":\"en-US\"}]}<\/script>\n<!-- \/ Yoast SEO plugin. -->","yoast_head_json":{"title":"Flora | Atul","robots":{"index":"index","follow":"follow","max-snippet":"max-snippet:-1","max-image-preview":"max-image-preview:large","max-video-preview":"max-video-preview:-1"},"canonical":"http:\/\/13.127.36.189\/spanish\/floras\/","og_locale":"en_US","og_type":"article","og_title":"Flora | Atul","og_description":"El mayor productor de la India de palmeras datileras desarrolladas a partir de cultivos de tejido, con presencia mundial Esfuerzos pioneros El mayor productor del mundo de palmeras datileras desarrolladas a partir de cultivos de tejido, junto con sus filiales&hellip;Read more &#8250;","og_url":"http:\/\/13.127.36.189\/spanish\/floras\/","og_site_name":"Atul Ltd","article_modified_time":"2020-05-28T09:04:39+00:00","og_image":[{"url":"https:\/\/www.atul.co.in\/spanish\/wp-content\/uploads\/floras.jpg","type":"","width":"","height":""}],"twitter_card":"summary_large_image","twitter_misc":{"Est. reading time":"1 minute"},"schema":{"@context":"https:\/\/schema.org","@graph":[{"@type":"WebPage","@id":"http:\/\/13.127.36.189\/spanish\/floras\/","url":"http:\/\/13.127.36.189\/spanish\/floras\/","name":"Flora | Atul","isPartOf":{"@id":"http:\/\/13.127.36.189\/spanish\/#website"},"primaryImageOfPage":{"@id":"http:\/\/13.127.36.189\/spanish\/floras\/#primaryimage"},"image":{"@id":"http:\/\/13.127.36.189\/spanish\/floras\/#primaryimage"},"thumbnailUrl":"https:\/\/www.atul.co.in\/spanish\/wp-content\/uploads\/floras.jpg","datePublished":"2017-02-02T04:05:24+00:00","dateModified":"2020-05-28T09:04:39+00:00","breadcrumb":{"@id":"http:\/\/13.127.36.189\/spanish\/floras\/#breadcrumb"},"inLanguage":"en-US","potentialAction":[{"@type":"ReadAction","target":["http:\/\/13.127.36.189\/spanish\/floras\/"]}]},{"@type":"ImageObject","inLanguage":"en-US","@id":"http:\/\/13.127.36.189\/spanish\/floras\/#primaryimage","url":"https:\/\/www.atul.co.in\/spanish\/wp-content\/uploads\/floras.jpg","contentUrl":"https:\/\/www.atul.co.in\/spanish\/wp-content\/uploads\/floras.jpg"},{"@type":"BreadcrumbList","@id":"http:\/\/13.127.36.189\/spanish\/floras\/#breadcrumb","itemListElement":[{"@type":"ListItem","position":1,"name":"Home","item":"https:\/\/www.atul.co.in\/spanish\/"},{"@type":"ListItem","position":2,"name":"Floras","item":"\/"},{"@type":"ListItem","position":3,"name":"Acerca de"}]},{"@type":"WebSite","@id":"http:\/\/13.127.36.189\/spanish\/#website","url":"http:\/\/13.127.36.189\/spanish\/","name":"Atul Ltd","description":"","potentialAction":[{"@type":"SearchAction","target":{"@type":"EntryPoint","urlTemplate":"http:\/\/13.127.36.189\/spanish\/?s={search_term_string}"},"query-input":{"@type":"PropertyValueSpecification","valueRequired":true,"valueName":"search_term_string"}}],"inLanguage":"en-US"}]}},"_links":{"self":[{"href":"https:\/\/www.atul.co.in\/spanish\/wp-json\/wp\/v2\/pages\/879","targetHints":{"allow":["GET"]}}],"collection":[{"href":"https:\/\/www.atul.co.in\/spanish\/wp-json\/wp\/v2\/pages"}],"about":[{"href":"https:\/\/www.atul.co.in\/spanish\/wp-json\/wp\/v2\/types\/page"}],"author":[{"embeddable":true,"href":"https:\/\/www.atul.co.in\/spanish\/wp-json\/wp\/v2\/users\/1"}],"replies":[{"embeddable":true,"href":"https:\/\/www.atul.co.in\/spanish\/wp-json\/wp\/v2\/comments?post=879"}],"version-history":[{"count":0,"href":"https:\/\/www.atul.co.in\/spanish\/wp-json\/wp\/v2\/pages\/879\/revisions"}],"up":[{"embeddable":true,"href":"https:\/\/www.atul.co.in\/spanish\/wp-json\/wp\/v2\/pages\/878"}],"wp:attachment":[{"href":"https:\/\/www.atul.co.in\/spanish\/wp-json\/wp\/v2\/media?parent=879"}],"curies":[{"name":"wp","href":"https:\/\/api.w.org\/{rel}","templated":true}]}}