{"id":891,"date":"2017-02-02T04:19:02","date_gmt":"2017-02-02T04:19:02","guid":{"rendered":"http:\/\/43.242.212.212\/~atulco\/?page_id=891"},"modified":"2020-06-11T13:22:40","modified_gmt":"2020-06-11T07:52:40","slug":"polymers","status":"publish","type":"page","link":"https:\/\/www.atul.co.in\/spanish\/polymers","title":{"rendered":"Acerca de"},"content":{"rendered":"<div class=\"container\">\n<div class=\"text1\"><center>El mayor fabricante del mundo de 3,3&#8242;-Diaminodifenil sulfona y 4,4&#8242;-Diaminodifenil sulfona <\/center><\/div>\n<\/div>\n<div class=\"space20\"><\/div>\n<div class=\"landingimage\"><img loading=\"lazy\" decoding=\"async\" src=\"https:\/\/www.atul.co.in\/spanish\/wp-content\/uploads\/po-pm-main-1.jpg\" alt=\"\" width=\"1497\" height=\"254\" class=\"aligncenter size-full wp-image-3588\" srcset=\"https:\/\/www.atul.co.in\/spanish\/wp-content\/uploads\/po-pm-main-1.jpg 1497w, https:\/\/www.atul.co.in\/spanish\/wp-content\/uploads\/po-pm-main-1-768x130.jpg 768w, https:\/\/www.atul.co.in\/spanish\/wp-content\/uploads\/po-pm-main-1-60x10.jpg 60w\" sizes=\"auto, (max-width: 1497px) 100vw, 1497px\" \/><\/div>\n<div class=\"polymers-performance-materials-highlights\">\n<div class=\"container\">\n<div class=\"space10\"><\/div>\n<div class=\"title\">Esfuerzos pioneros<\/div>\n<div class=\"text\">\nA nivel mundial, el mayor fabricante de 3,3-DDS y 4,4-DDS<\/p>\n<p>El sistema epox\u00eddico se fabrica y se vende bajo la marca LAPOX<\/p>\n<p>Uno de los mayores fabricantes de resinas epox\u00eddicas, diluyentes y agentes de curado de la India <\/p>\n<p>Mayor productor de resina epox\u00eddica y agentes de curado de aminas arom\u00e1ticas no Bis A de la India<\/p>\n<p>Resinas multifuncionales para aplicaciones avanzadas de compuestos en el sector aeroespacial y de defensa<\/p>\n<p>Acreditaci\u00f3n GL para sistemas epox\u00eddicos para la fabricaci\u00f3n de palas de viento<\/p>\n<p>Laboratorio acreditado por la NABL para pruebas y an\u00e1lisis de epoxi (en curso)\n<\/p><\/div>\n<div class=\"clear\"><\/div>\n<\/div>\n<\/div>\n<div class=\"polymers-performance-materials-industry\">\n<div class=\"container\">\n<div class=\"title\">Industrias atendidas<\/div>\n<div class=\"text\">Ofreciendo sistemas epox\u00eddicos de alto rendimiento para diversas industrias como la de los adhesivos, revestimientos, compuestos, construcci\u00f3n, electricidad y electr\u00f3nica.<\/div>\n<div class=\"link\"><a href=\"https:\/\/www.atul.co.in\/spanish\/polymers\/industries\">EXPLORAR<\/a><\/div>\n<div class=\"clear\"><\/div>\n<\/div>\n<\/div>\n<div class=\"polymers-performance-materials-products\">\n<div class=\"container\">\n<div class=\"title\">Productos<\/div>\n<div class=\"text\">Ofreciendo una gama de resinas epox\u00eddicas, agentes de curado y diluyentes reactivos para abordar diversas aplicaciones de la industria<\/div>\n<div class=\"link\"><a href=\"https:\/\/www.atul.co.in\/spanish\/polymers\/products\">EXPLORAR<\/a><\/div>\n<div class=\"clear\"><\/div>\n<\/div>\n<\/div>\n<div class=\"polymers-performance-materials-library\">\n<div class=\"container\">\n<div class=\"title\">Biblioteca<\/div>\n<div class=\"text\">Vea nuestros cat\u00e1logos de productos para saber m\u00e1s sobre lo que ofrecemos<\/div>\n<div class=\"link\"><a href=\"https:\/\/www.atul.co.in\/spanish\/polymers\/library\">EXPLORAR<\/a><\/div>\n<div class=\"clear\">&nbsp;<\/div>\n<\/div>\n<\/div>\n<p><!--\n\n\n<div class=\"updates\">\n\n\n<div class=\"container\">\n\n\n<div class=\"title\"><a href=\"https:\/\/www.atul.co.in\/spanish\/w4pl\/popm-updates-list\/\">Updates<\/a><\/div>\n\n\n[postlist id=4394]\n\n<\/div>\n\n\n<\/div>\n\n --><br \/>\n<!--eof updates--><\/p>\n","protected":false},"excerpt":{"rendered":"<p>El mayor fabricante del mundo de 3,3&#8242;-Diaminodifenil sulfona y 4,4&#8242;-Diaminodifenil sulfona Esfuerzos pioneros A nivel mundial, el mayor fabricante de 3,3-DDS y 4,4-DDS El sistema epox\u00eddico se fabrica y se vende bajo la marca LAPOX Uno de los mayores fabricantes<span class=\"ellipsis\">&hellip;<\/span><\/p>\n<div class=\"read-more\"><a href=\"https:\/\/www.atul.co.in\/spanish\/polymers\">Read more &#8250;<\/a><\/div>\n<p><!-- end of .read-more --><\/p>\n","protected":false},"author":1,"featured_media":0,"parent":890,"menu_order":0,"comment_status":"closed","ping_status":"closed","template":"polymers-performance-materials-microsite-pages.php","meta":{"_acf_changed":false,"footnotes":"","_links_to":"","_links_to_target":""},"class_list":["post-891","page","type-page","status-publish","hentry"],"acf":[],"yoast_head":"<!-- This site is optimized with the Yoast SEO plugin v26.8 - https:\/\/yoast.com\/product\/yoast-seo-wordpress\/ -->\n<title>Polimeros (Material de Alto REndimiento) | Atul<\/title>\n<meta name=\"robots\" content=\"index, follow, max-snippet:-1, max-image-preview:large, max-video-preview:-1\" \/>\n<link rel=\"canonical\" href=\"http:\/\/13.127.36.189\/spanish\/polymers\/\" \/>\n<meta property=\"og:locale\" content=\"en_US\" \/>\n<meta property=\"og:type\" content=\"article\" \/>\n<meta property=\"og:title\" content=\"Polimeros (Material de Alto REndimiento) | Atul\" \/>\n<meta property=\"og:description\" content=\"El mayor fabricante del mundo de 3,3&#8242;-Diaminodifenil sulfona y 4,4&#8242;-Diaminodifenil sulfona Esfuerzos pioneros A nivel mundial, el mayor fabricante de 3,3-DDS y 4,4-DDS El sistema epox\u00eddico se fabrica y se vende bajo la marca LAPOX Uno de los mayores fabricantes&hellip;Read more &#8250;\" \/>\n<meta property=\"og:url\" content=\"http:\/\/13.127.36.189\/spanish\/polymers\/\" \/>\n<meta property=\"og:site_name\" content=\"Atul Ltd\" \/>\n<meta property=\"article:modified_time\" content=\"2020-06-11T07:52:40+00:00\" \/>\n<meta property=\"og:image\" content=\"https:\/\/www.atul.co.in\/spanish\/wp-content\/uploads\/po-pm-main-1.jpg\" \/>\n<meta name=\"twitter:card\" content=\"summary_large_image\" \/>\n<meta name=\"twitter:label1\" content=\"Est. reading time\" \/>\n\t<meta name=\"twitter:data1\" content=\"1 minute\" \/>\n<script type=\"application\/ld+json\" class=\"yoast-schema-graph\">{\"@context\":\"https:\/\/schema.org\",\"@graph\":[{\"@type\":\"WebPage\",\"@id\":\"http:\/\/13.127.36.189\/spanish\/polymers\/\",\"url\":\"http:\/\/13.127.36.189\/spanish\/polymers\/\",\"name\":\"Polimeros (Material de Alto REndimiento) | Atul\",\"isPartOf\":{\"@id\":\"http:\/\/13.127.36.189\/spanish\/#website\"},\"primaryImageOfPage\":{\"@id\":\"http:\/\/13.127.36.189\/spanish\/polymers\/#primaryimage\"},\"image\":{\"@id\":\"http:\/\/13.127.36.189\/spanish\/polymers\/#primaryimage\"},\"thumbnailUrl\":\"https:\/\/www.atul.co.in\/spanish\/wp-content\/uploads\/po-pm-main-1.jpg\",\"datePublished\":\"2017-02-02T04:19:02+00:00\",\"dateModified\":\"2020-06-11T07:52:40+00:00\",\"breadcrumb\":{\"@id\":\"http:\/\/13.127.36.189\/spanish\/polymers\/#breadcrumb\"},\"inLanguage\":\"en-US\",\"potentialAction\":[{\"@type\":\"ReadAction\",\"target\":[\"http:\/\/13.127.36.189\/spanish\/polymers\/\"]}]},{\"@type\":\"ImageObject\",\"inLanguage\":\"en-US\",\"@id\":\"http:\/\/13.127.36.189\/spanish\/polymers\/#primaryimage\",\"url\":\"https:\/\/www.atul.co.in\/spanish\/wp-content\/uploads\/po-pm-main-1.jpg\",\"contentUrl\":\"https:\/\/www.atul.co.in\/spanish\/wp-content\/uploads\/po-pm-main-1.jpg\"},{\"@type\":\"BreadcrumbList\",\"@id\":\"http:\/\/13.127.36.189\/spanish\/polymers\/#breadcrumb\",\"itemListElement\":[{\"@type\":\"ListItem\",\"position\":1,\"name\":\"Home\",\"item\":\"https:\/\/www.atul.co.in\/spanish\/\"},{\"@type\":\"ListItem\",\"position\":2,\"name\":\"Polymers Performance Materials\",\"item\":\"\/\"},{\"@type\":\"ListItem\",\"position\":3,\"name\":\"Acerca de\"}]},{\"@type\":\"WebSite\",\"@id\":\"http:\/\/13.127.36.189\/spanish\/#website\",\"url\":\"http:\/\/13.127.36.189\/spanish\/\",\"name\":\"Atul Ltd\",\"description\":\"\",\"potentialAction\":[{\"@type\":\"SearchAction\",\"target\":{\"@type\":\"EntryPoint\",\"urlTemplate\":\"http:\/\/13.127.36.189\/spanish\/?s={search_term_string}\"},\"query-input\":{\"@type\":\"PropertyValueSpecification\",\"valueRequired\":true,\"valueName\":\"search_term_string\"}}],\"inLanguage\":\"en-US\"}]}<\/script>\n<!-- \/ Yoast SEO plugin. -->","yoast_head_json":{"title":"Polimeros (Material de Alto REndimiento) | Atul","robots":{"index":"index","follow":"follow","max-snippet":"max-snippet:-1","max-image-preview":"max-image-preview:large","max-video-preview":"max-video-preview:-1"},"canonical":"http:\/\/13.127.36.189\/spanish\/polymers\/","og_locale":"en_US","og_type":"article","og_title":"Polimeros (Material de Alto REndimiento) | Atul","og_description":"El mayor fabricante del mundo de 3,3&#8242;-Diaminodifenil sulfona y 4,4&#8242;-Diaminodifenil sulfona Esfuerzos pioneros A nivel mundial, el mayor fabricante de 3,3-DDS y 4,4-DDS El sistema epox\u00eddico se fabrica y se vende bajo la marca LAPOX Uno de los mayores fabricantes&hellip;Read more &#8250;","og_url":"http:\/\/13.127.36.189\/spanish\/polymers\/","og_site_name":"Atul Ltd","article_modified_time":"2020-06-11T07:52:40+00:00","og_image":[{"url":"https:\/\/www.atul.co.in\/spanish\/wp-content\/uploads\/po-pm-main-1.jpg","type":"","width":"","height":""}],"twitter_card":"summary_large_image","twitter_misc":{"Est. reading time":"1 minute"},"schema":{"@context":"https:\/\/schema.org","@graph":[{"@type":"WebPage","@id":"http:\/\/13.127.36.189\/spanish\/polymers\/","url":"http:\/\/13.127.36.189\/spanish\/polymers\/","name":"Polimeros (Material de Alto REndimiento) | Atul","isPartOf":{"@id":"http:\/\/13.127.36.189\/spanish\/#website"},"primaryImageOfPage":{"@id":"http:\/\/13.127.36.189\/spanish\/polymers\/#primaryimage"},"image":{"@id":"http:\/\/13.127.36.189\/spanish\/polymers\/#primaryimage"},"thumbnailUrl":"https:\/\/www.atul.co.in\/spanish\/wp-content\/uploads\/po-pm-main-1.jpg","datePublished":"2017-02-02T04:19:02+00:00","dateModified":"2020-06-11T07:52:40+00:00","breadcrumb":{"@id":"http:\/\/13.127.36.189\/spanish\/polymers\/#breadcrumb"},"inLanguage":"en-US","potentialAction":[{"@type":"ReadAction","target":["http:\/\/13.127.36.189\/spanish\/polymers\/"]}]},{"@type":"ImageObject","inLanguage":"en-US","@id":"http:\/\/13.127.36.189\/spanish\/polymers\/#primaryimage","url":"https:\/\/www.atul.co.in\/spanish\/wp-content\/uploads\/po-pm-main-1.jpg","contentUrl":"https:\/\/www.atul.co.in\/spanish\/wp-content\/uploads\/po-pm-main-1.jpg"},{"@type":"BreadcrumbList","@id":"http:\/\/13.127.36.189\/spanish\/polymers\/#breadcrumb","itemListElement":[{"@type":"ListItem","position":1,"name":"Home","item":"https:\/\/www.atul.co.in\/spanish\/"},{"@type":"ListItem","position":2,"name":"Polymers Performance Materials","item":"\/"},{"@type":"ListItem","position":3,"name":"Acerca de"}]},{"@type":"WebSite","@id":"http:\/\/13.127.36.189\/spanish\/#website","url":"http:\/\/13.127.36.189\/spanish\/","name":"Atul Ltd","description":"","potentialAction":[{"@type":"SearchAction","target":{"@type":"EntryPoint","urlTemplate":"http:\/\/13.127.36.189\/spanish\/?s={search_term_string}"},"query-input":{"@type":"PropertyValueSpecification","valueRequired":true,"valueName":"search_term_string"}}],"inLanguage":"en-US"}]}},"_links":{"self":[{"href":"https:\/\/www.atul.co.in\/spanish\/wp-json\/wp\/v2\/pages\/891","targetHints":{"allow":["GET"]}}],"collection":[{"href":"https:\/\/www.atul.co.in\/spanish\/wp-json\/wp\/v2\/pages"}],"about":[{"href":"https:\/\/www.atul.co.in\/spanish\/wp-json\/wp\/v2\/types\/page"}],"author":[{"embeddable":true,"href":"https:\/\/www.atul.co.in\/spanish\/wp-json\/wp\/v2\/users\/1"}],"replies":[{"embeddable":true,"href":"https:\/\/www.atul.co.in\/spanish\/wp-json\/wp\/v2\/comments?post=891"}],"version-history":[{"count":0,"href":"https:\/\/www.atul.co.in\/spanish\/wp-json\/wp\/v2\/pages\/891\/revisions"}],"up":[{"embeddable":true,"href":"https:\/\/www.atul.co.in\/spanish\/wp-json\/wp\/v2\/pages\/890"}],"wp:attachment":[{"href":"https:\/\/www.atul.co.in\/spanish\/wp-json\/wp\/v2\/media?parent=891"}],"curies":[{"name":"wp","href":"https:\/\/api.w.org\/{rel}","templated":true}]}}