{"id":893,"date":"2017-02-02T04:22:40","date_gmt":"2017-02-02T04:22:40","guid":{"rendered":"http:\/\/43.242.212.212\/~atulco\/?page_id=893"},"modified":"2020-06-11T13:26:07","modified_gmt":"2020-06-11T07:56:07","slug":"polymersproducts","status":"publish","type":"page","link":"https:\/\/www.atul.co.in\/spanish\/polymers\/products","title":{"rendered":"Productos"},"content":{"rendered":"<div class=\"container\">\n<div class=\"text2\">Ofreciendo grados modificados, especializados y multifuncionales de epoxis para diversas aplicaciones<\/div>\n<div class=\"space20\"><\/div>\n<ul class=\"gridlayout2\">\n<li><a href=\"https:\/\/www.atul.co.in\/spanish\/businesses\/polymers\/product-search?_sfm_po_pm_product_product_group=Epoxy%20resins\"><img loading=\"lazy\" decoding=\"async\" src=\"https:\/\/www.atul.co.in\/spanish\/wp-content\/uploads\/2017\/08\/Resins.jpg\" alt=\"\" width=\"412\" height=\"354\" class=\"aligncenter size-full wp-image-847\" \/>\n<div>\n<h3>Resinas epox\u00eddicas<\/h3>\n<\/div>\n<p><\/a><\/li>\n<li><a href=\"https:\/\/www.atul.co.in\/spanish\/businesses\/polymers\/product-search?_sfm_po_pm_product_product_group=Specialty%20epoxy%20resins\"><img loading=\"lazy\" decoding=\"async\" src=\"https:\/\/www.atul.co.in\/spanish\/wp-content\/uploads\/2017\/08\/Specialty-epoxy-resins.jpg\" alt=\"\" width=\"412\" height=\"354\" class=\"aligncenter size-full wp-image-847\" \/>\n<div>\n<h3>Resinas epox\u00eddicas especiales<\/h3>\n<\/div>\n<p><\/a><\/li>\n<li><a href=\"https:\/\/www.atul.co.in\/spanish\/businesses\/polymers\/product-search?_sfm_po_pm_product_product_group=Reactive%20diluents\"><img loading=\"lazy\" decoding=\"async\" src=\"https:\/\/www.atul.co.in\/spanish\/wp-content\/uploads\/2017\/08\/Reactive-diluents.jpg\" alt=\"\" width=\"412\" height=\"354\" class=\"aligncenter size-full wp-image-847\" \/>\n<div>\n<h3>Reacci\u00f3n diluida<\/h3>\n<\/div>\n<p><\/a><\/li>\n<li><a href=\"https:\/\/www.atul.co.in\/spanish\/businesses\/polymers\/product-search?_sfm_po_pm_product_product_group=Curing%20agents\"><img loading=\"lazy\" decoding=\"async\" src=\"https:\/\/www.atul.co.in\/spanish\/wp-content\/uploads\/2017\/08\/Curing-agents.jpg\" alt=\"\" width=\"412\" height=\"354\" class=\"aligncenter size-full wp-image-847\" \/>\n<div>\n<h3>Agentes curativos<\/h3>\n<\/div>\n<p><\/a><\/li>\n<li><a href=\"https:\/\/www.atul.co.in\/spanish\/businesses\/polymers\/product-search?_sfm_po_pm_product_product_group=Accelerators and catalysts\"><img loading=\"lazy\" decoding=\"async\" src=\"https:\/\/www.atul.co.in\/spanish\/wp-content\/uploads\/2017\/08\/Accelerators-and-catalysts.jpg\" alt=\"\" width=\"412\" height=\"354\" class=\"aligncenter size-full wp-image-847\" \/>\n<div>\n<h3>Aceleradores y catalizadores<\/h3>\n<\/div>\n<p><\/a><\/li>\n<li><a href=\"https:\/\/www.atul.co.in\/spanish\/businesses\/polymers\/product-search?_sfm_po_pm_product_product_group=Formulations\"><img loading=\"lazy\" decoding=\"async\" src=\"https:\/\/www.atul.co.in\/spanish\/wp-content\/uploads\/2017\/08\/Formulations.jpg\" alt=\"\" width=\"412\" height=\"354\" class=\"aligncenter size-full wp-image-847\" \/>\n<div>\n<h3>F\u00f3rmulas<\/h3>\n<\/div>\n<p><\/a><\/li>\n<li><a href=\"https:\/\/www.atul.co.in\/spanish\/businesses\/polymers\/product-search?_sfm_po_pm_product_product_group=Sulfones\"><img loading=\"lazy\" decoding=\"async\" src=\"https:\/\/www.atul.co.in\/spanish\/wp-content\/uploads\/2018\/04\/sulfones-2.jpg\" alt=\"\" width=\"412\" height=\"354\" class=\"aligncenter size-full wp-image-847\" \/>\n<div>\n<h3>Sulfones<\/h3>\n<\/div>\n<p><\/a><\/li>\n<\/ul>\n<\/div>\n<div class=\"clear\"><\/div>\n<div class=\"space20\"><\/div>\n","protected":false},"excerpt":{"rendered":"<p>Ofreciendo grados modificados, especializados y multifuncionales de epoxis para diversas aplicaciones Resinas epox\u00eddicas Resinas epox\u00eddicas especiales Reacci\u00f3n diluida Agentes curativos Aceleradores y catalizadores F\u00f3rmulas Sulfones<\/p>\n","protected":false},"author":1,"featured_media":0,"parent":890,"menu_order":0,"comment_status":"closed","ping_status":"closed","template":"polymers-performance-materials-microsite-pages.php","meta":{"_acf_changed":false,"footnotes":"","_links_to":"","_links_to_target":""},"class_list":["post-893","page","type-page","status-publish","hentry"],"acf":[],"yoast_head":"<!-- This site is optimized with the Yoast SEO plugin v26.8 - https:\/\/yoast.com\/product\/yoast-seo-wordpress\/ -->\n<title>Productos Polimeros (Material de Alto REndimiento) | Atul<\/title>\n<meta name=\"robots\" content=\"index, follow, max-snippet:-1, max-image-preview:large, max-video-preview:-1\" \/>\n<link rel=\"canonical\" href=\"https:\/\/www.atul.co.in\/spanish\/polymers\/products\/\" \/>\n<meta property=\"og:locale\" content=\"en_US\" \/>\n<meta property=\"og:type\" content=\"article\" \/>\n<meta property=\"og:title\" content=\"Productos Polimeros (Material de Alto REndimiento) | Atul\" \/>\n<meta property=\"og:description\" content=\"Ofreciendo grados modificados, especializados y multifuncionales de epoxis para diversas aplicaciones Resinas epox\u00eddicas Resinas epox\u00eddicas especiales Reacci\u00f3n diluida Agentes curativos Aceleradores y catalizadores F\u00f3rmulas Sulfones\" \/>\n<meta property=\"og:url\" content=\"https:\/\/www.atul.co.in\/spanish\/polymers\/products\/\" \/>\n<meta property=\"og:site_name\" content=\"Atul Ltd\" \/>\n<meta property=\"article:modified_time\" content=\"2020-06-11T07:56:07+00:00\" \/>\n<meta property=\"og:image\" content=\"https:\/\/www.atul.co.in\/spanish\/wp-content\/uploads\/2017\/08\/Resins.jpg\" \/>\n<meta name=\"twitter:card\" content=\"summary_large_image\" \/>\n<script type=\"application\/ld+json\" class=\"yoast-schema-graph\">{\"@context\":\"https:\/\/schema.org\",\"@graph\":[{\"@type\":\"WebPage\",\"@id\":\"https:\/\/www.atul.co.in\/spanish\/polymers\/products\/\",\"url\":\"https:\/\/www.atul.co.in\/spanish\/polymers\/products\/\",\"name\":\"Productos Polimeros (Material de Alto REndimiento) | Atul\",\"isPartOf\":{\"@id\":\"http:\/\/13.127.36.189\/spanish\/#website\"},\"primaryImageOfPage\":{\"@id\":\"https:\/\/www.atul.co.in\/spanish\/polymers\/products\/#primaryimage\"},\"image\":{\"@id\":\"https:\/\/www.atul.co.in\/spanish\/polymers\/products\/#primaryimage\"},\"thumbnailUrl\":\"https:\/\/www.atul.co.in\/spanish\/wp-content\/uploads\/2017\/08\/Resins.jpg\",\"datePublished\":\"2017-02-02T04:22:40+00:00\",\"dateModified\":\"2020-06-11T07:56:07+00:00\",\"breadcrumb\":{\"@id\":\"https:\/\/www.atul.co.in\/spanish\/polymers\/products\/#breadcrumb\"},\"inLanguage\":\"en-US\",\"potentialAction\":[{\"@type\":\"ReadAction\",\"target\":[\"https:\/\/www.atul.co.in\/spanish\/polymers\/products\/\"]}]},{\"@type\":\"ImageObject\",\"inLanguage\":\"en-US\",\"@id\":\"https:\/\/www.atul.co.in\/spanish\/polymers\/products\/#primaryimage\",\"url\":\"https:\/\/www.atul.co.in\/spanish\/wp-content\/uploads\/2017\/08\/Resins.jpg\",\"contentUrl\":\"https:\/\/www.atul.co.in\/spanish\/wp-content\/uploads\/2017\/08\/Resins.jpg\"},{\"@type\":\"BreadcrumbList\",\"@id\":\"https:\/\/www.atul.co.in\/spanish\/polymers\/products\/#breadcrumb\",\"itemListElement\":[{\"@type\":\"ListItem\",\"position\":1,\"name\":\"Home\",\"item\":\"https:\/\/www.atul.co.in\/spanish\/\"},{\"@type\":\"ListItem\",\"position\":2,\"name\":\"Polymers Performance Materials\",\"item\":\"\/\"},{\"@type\":\"ListItem\",\"position\":3,\"name\":\"Productos\"}]},{\"@type\":\"WebSite\",\"@id\":\"http:\/\/13.127.36.189\/spanish\/#website\",\"url\":\"http:\/\/13.127.36.189\/spanish\/\",\"name\":\"Atul Ltd\",\"description\":\"\",\"potentialAction\":[{\"@type\":\"SearchAction\",\"target\":{\"@type\":\"EntryPoint\",\"urlTemplate\":\"http:\/\/13.127.36.189\/spanish\/?s={search_term_string}\"},\"query-input\":{\"@type\":\"PropertyValueSpecification\",\"valueRequired\":true,\"valueName\":\"search_term_string\"}}],\"inLanguage\":\"en-US\"}]}<\/script>\n<!-- \/ Yoast SEO plugin. -->","yoast_head_json":{"title":"Productos Polimeros (Material de Alto REndimiento) | Atul","robots":{"index":"index","follow":"follow","max-snippet":"max-snippet:-1","max-image-preview":"max-image-preview:large","max-video-preview":"max-video-preview:-1"},"canonical":"https:\/\/www.atul.co.in\/spanish\/polymers\/products\/","og_locale":"en_US","og_type":"article","og_title":"Productos Polimeros (Material de Alto REndimiento) | Atul","og_description":"Ofreciendo grados modificados, especializados y multifuncionales de epoxis para diversas aplicaciones Resinas epox\u00eddicas Resinas epox\u00eddicas especiales Reacci\u00f3n diluida Agentes curativos Aceleradores y catalizadores F\u00f3rmulas Sulfones","og_url":"https:\/\/www.atul.co.in\/spanish\/polymers\/products\/","og_site_name":"Atul Ltd","article_modified_time":"2020-06-11T07:56:07+00:00","og_image":[{"url":"https:\/\/www.atul.co.in\/spanish\/wp-content\/uploads\/2017\/08\/Resins.jpg","type":"","width":"","height":""}],"twitter_card":"summary_large_image","schema":{"@context":"https:\/\/schema.org","@graph":[{"@type":"WebPage","@id":"https:\/\/www.atul.co.in\/spanish\/polymers\/products\/","url":"https:\/\/www.atul.co.in\/spanish\/polymers\/products\/","name":"Productos Polimeros (Material de Alto REndimiento) | Atul","isPartOf":{"@id":"http:\/\/13.127.36.189\/spanish\/#website"},"primaryImageOfPage":{"@id":"https:\/\/www.atul.co.in\/spanish\/polymers\/products\/#primaryimage"},"image":{"@id":"https:\/\/www.atul.co.in\/spanish\/polymers\/products\/#primaryimage"},"thumbnailUrl":"https:\/\/www.atul.co.in\/spanish\/wp-content\/uploads\/2017\/08\/Resins.jpg","datePublished":"2017-02-02T04:22:40+00:00","dateModified":"2020-06-11T07:56:07+00:00","breadcrumb":{"@id":"https:\/\/www.atul.co.in\/spanish\/polymers\/products\/#breadcrumb"},"inLanguage":"en-US","potentialAction":[{"@type":"ReadAction","target":["https:\/\/www.atul.co.in\/spanish\/polymers\/products\/"]}]},{"@type":"ImageObject","inLanguage":"en-US","@id":"https:\/\/www.atul.co.in\/spanish\/polymers\/products\/#primaryimage","url":"https:\/\/www.atul.co.in\/spanish\/wp-content\/uploads\/2017\/08\/Resins.jpg","contentUrl":"https:\/\/www.atul.co.in\/spanish\/wp-content\/uploads\/2017\/08\/Resins.jpg"},{"@type":"BreadcrumbList","@id":"https:\/\/www.atul.co.in\/spanish\/polymers\/products\/#breadcrumb","itemListElement":[{"@type":"ListItem","position":1,"name":"Home","item":"https:\/\/www.atul.co.in\/spanish\/"},{"@type":"ListItem","position":2,"name":"Polymers Performance Materials","item":"\/"},{"@type":"ListItem","position":3,"name":"Productos"}]},{"@type":"WebSite","@id":"http:\/\/13.127.36.189\/spanish\/#website","url":"http:\/\/13.127.36.189\/spanish\/","name":"Atul Ltd","description":"","potentialAction":[{"@type":"SearchAction","target":{"@type":"EntryPoint","urlTemplate":"http:\/\/13.127.36.189\/spanish\/?s={search_term_string}"},"query-input":{"@type":"PropertyValueSpecification","valueRequired":true,"valueName":"search_term_string"}}],"inLanguage":"en-US"}]}},"_links":{"self":[{"href":"https:\/\/www.atul.co.in\/spanish\/wp-json\/wp\/v2\/pages\/893","targetHints":{"allow":["GET"]}}],"collection":[{"href":"https:\/\/www.atul.co.in\/spanish\/wp-json\/wp\/v2\/pages"}],"about":[{"href":"https:\/\/www.atul.co.in\/spanish\/wp-json\/wp\/v2\/types\/page"}],"author":[{"embeddable":true,"href":"https:\/\/www.atul.co.in\/spanish\/wp-json\/wp\/v2\/users\/1"}],"replies":[{"embeddable":true,"href":"https:\/\/www.atul.co.in\/spanish\/wp-json\/wp\/v2\/comments?post=893"}],"version-history":[{"count":0,"href":"https:\/\/www.atul.co.in\/spanish\/wp-json\/wp\/v2\/pages\/893\/revisions"}],"up":[{"embeddable":true,"href":"https:\/\/www.atul.co.in\/spanish\/wp-json\/wp\/v2\/pages\/890"}],"wp:attachment":[{"href":"https:\/\/www.atul.co.in\/spanish\/wp-json\/wp\/v2\/media?parent=893"}],"curies":[{"name":"wp","href":"https:\/\/api.w.org\/{rel}","templated":true}]}}