{"id":897,"date":"2017-02-02T04:24:52","date_gmt":"2017-02-02T04:24:52","guid":{"rendered":"http:\/\/43.242.212.212\/~atulco\/?page_id=897"},"modified":"2020-06-11T09:58:20","modified_gmt":"2020-06-11T04:28:20","slug":"polymers-retail","status":"publish","type":"page","link":"https:\/\/www.atul.co.in\/spanish\/polymers-retail","title":{"rendered":"Acerca de"},"content":{"rendered":"<div class=\"container\">\n<div class=\"text1\"><center>Entre los mayores fabricantes de resinas y endurecedores epox\u00eddicos de la India <\/center><\/div>\n<\/div>\n<div class=\"space20\"><\/div>\n<div class=\"landingimage\"><img loading=\"lazy\" decoding=\"async\" src=\"https:\/\/www.atul.co.in\/spanish\/wp-content\/uploads\/2017\/02\/polymer-retail-lp-banner-img-1.jpg\" alt=\"\" width=\"1400\" height=\"531\" class=\"aligncenter size-full wp-image-5340\" srcset=\"https:\/\/www.atul.co.in\/spanish\/wp-content\/uploads\/2017\/02\/polymer-retail-lp-banner-img-1.jpg 1400w, https:\/\/www.atul.co.in\/spanish\/wp-content\/uploads\/2017\/02\/polymer-retail-lp-banner-img-1-768x291.jpg 768w, https:\/\/www.atul.co.in\/spanish\/wp-content\/uploads\/2017\/02\/polymer-retail-lp-banner-img-1-60x23.jpg 60w\" sizes=\"auto, (max-width: 1400px) 100vw, 1400px\" \/><!--img src=\"https:\/\/www.atul.co.in\/spanish\/wp-content\/uploads\/2017\/02\/polymer-retail-lp-banner-img.jpg\" alt=\"\" width=\"1400\" height=\"531\" class=\"aligncenter size-full wp-image-5073\" \/--><\/div>\n<div class=\"polymers-retail-highlights\">\n<div class=\"container\">\n<div class=\"space25\"><\/div>\n<div class=\"title\">Esfuerzos pioneros<\/div>\n<div class=\"text\">\nPioneros en la fabricaci\u00f3n de epox\u00eddicos de la India<\/p>\n<p>Entre los mayores fabricantes de resinas y endurecedores epox\u00eddicos de la India<\/p>\n<p>Ofreciendo m\u00e1s de 450 productos de calidad mundial bajo la marca de nombre Lapox\u00ae con una aplicaci\u00f3n en brazaletes,<\/p>\n<p>Lapox\u00ae tiene una presencia en India y se puede conseguir f\u00e1cilmente en los puntos de venta pertinentes<\/p>\n<p>El equipo de Lapox\u00ae entrena a los usuarios para que desarrollen las habilidades necesarias para manejar sistemas epox\u00eddicos especializados<\/p>\n<p>Polygrip\u00ae, adquirida por Atul en 2010, est\u00e1 entre las marcas m\u00e1s vendidas de caucho sint\u00e9tico y adhesivos a base de poliuretano en la India.<\/p>\n<p>Atul ha lanzado recientemente Lacare\u00ae &#8211; una gama de productos de mantenimiento de fabricaci\u00f3n nacional\n<\/p><\/div>\n<div class=\"clear\"><\/div>\n<\/div>\n<\/div>\n<div class=\"polymers-retail-industry\">\n<div class=\"container\">\n<div class=\"title\">Industrias atendidas<\/div>\n<div class=\"text\">Los productos Lapox\u00ae , Polygrip\u00ae y Lacare\u00ae sirven a diversas industrias como la de el procesamiento de piedras, la construcci\u00f3n, el calzado y la tapicer\u00eda.<\/div>\n<div class=\"link\"><a href=\"https:\/\/www.atul.co.in\/spanish\/polymers-retail\/industries\">EXPLORAR<\/a><\/div>\n<div class=\"clear\"><\/div>\n<\/div>\n<\/div>\n<div class=\"polymers-retail-products\">\n<div class=\"container\">\n<div class=\"title\">Marcas<\/div>\n<div class=\"text\">M\u00e1s de 65 a\u00f1os de experiencias en la fabricacion de ep\u00f3xidos<\/div>\n<div class=\"link\"><a href=\"https:\/\/www.atul.co.in\/spanish\/polymers-retail\/products\/\">EXPLORAR<\/a><\/div>\n<div class=\"clear\"><\/div>\n<\/div>\n<\/div>\n","protected":false},"excerpt":{"rendered":"<p>Entre los mayores fabricantes de resinas y endurecedores epox\u00eddicos de la India Esfuerzos pioneros Pioneros en la fabricaci\u00f3n de epox\u00eddicos de la India Entre los mayores fabricantes de resinas y endurecedores epox\u00eddicos de la India Ofreciendo m\u00e1s de 450 productos<span class=\"ellipsis\">&hellip;<\/span><\/p>\n<div class=\"read-more\"><a href=\"https:\/\/www.atul.co.in\/spanish\/polymers-retail\">Read more &#8250;<\/a><\/div>\n<p><!-- end of .read-more --><\/p>\n","protected":false},"author":1,"featured_media":0,"parent":896,"menu_order":0,"comment_status":"closed","ping_status":"closed","template":"polymers-retail-microsite-pages.php","meta":{"_acf_changed":false,"footnotes":"","_links_to":"","_links_to_target":""},"class_list":["post-897","page","type-page","status-publish","hentry"],"acf":[],"yoast_head":"<!-- This site is optimized with the Yoast SEO plugin v26.8 - https:\/\/yoast.com\/product\/yoast-seo-wordpress\/ -->\n<title>Polymers Venta al por menor | Atul<\/title>\n<meta name=\"robots\" content=\"index, follow, max-snippet:-1, max-image-preview:large, max-video-preview:-1\" \/>\n<link rel=\"canonical\" href=\"http:\/\/13.127.36.189\/spanish\/polymers-retail\/\" \/>\n<meta property=\"og:locale\" content=\"en_US\" \/>\n<meta property=\"og:type\" content=\"article\" \/>\n<meta property=\"og:title\" content=\"Polymers Venta al por menor | Atul\" \/>\n<meta property=\"og:description\" content=\"Entre los mayores fabricantes de resinas y endurecedores epox\u00eddicos de la India Esfuerzos pioneros Pioneros en la fabricaci\u00f3n de epox\u00eddicos de la India Entre los mayores fabricantes de resinas y endurecedores epox\u00eddicos de la India Ofreciendo m\u00e1s de 450 productos&hellip;Read more &#8250;\" \/>\n<meta property=\"og:url\" content=\"http:\/\/13.127.36.189\/spanish\/polymers-retail\/\" \/>\n<meta property=\"og:site_name\" content=\"Atul Ltd\" \/>\n<meta property=\"article:modified_time\" content=\"2020-06-11T04:28:20+00:00\" \/>\n<meta property=\"og:image\" content=\"https:\/\/www.atul.co.in\/spanish\/wp-content\/uploads\/2017\/02\/polymer-retail-lp-banner-img-1.jpg\" \/>\n<meta name=\"twitter:card\" content=\"summary_large_image\" \/>\n<meta name=\"twitter:label1\" content=\"Est. reading time\" \/>\n\t<meta name=\"twitter:data1\" content=\"1 minute\" \/>\n<script type=\"application\/ld+json\" class=\"yoast-schema-graph\">{\"@context\":\"https:\/\/schema.org\",\"@graph\":[{\"@type\":\"WebPage\",\"@id\":\"http:\/\/13.127.36.189\/spanish\/polymers-retail\/\",\"url\":\"http:\/\/13.127.36.189\/spanish\/polymers-retail\/\",\"name\":\"Polymers Venta al por menor | Atul\",\"isPartOf\":{\"@id\":\"http:\/\/13.127.36.189\/spanish\/#website\"},\"primaryImageOfPage\":{\"@id\":\"http:\/\/13.127.36.189\/spanish\/polymers-retail\/#primaryimage\"},\"image\":{\"@id\":\"http:\/\/13.127.36.189\/spanish\/polymers-retail\/#primaryimage\"},\"thumbnailUrl\":\"https:\/\/www.atul.co.in\/spanish\/wp-content\/uploads\/2017\/02\/polymer-retail-lp-banner-img-1.jpg\",\"datePublished\":\"2017-02-02T04:24:52+00:00\",\"dateModified\":\"2020-06-11T04:28:20+00:00\",\"breadcrumb\":{\"@id\":\"http:\/\/13.127.36.189\/spanish\/polymers-retail\/#breadcrumb\"},\"inLanguage\":\"en-US\",\"potentialAction\":[{\"@type\":\"ReadAction\",\"target\":[\"http:\/\/13.127.36.189\/spanish\/polymers-retail\/\"]}]},{\"@type\":\"ImageObject\",\"inLanguage\":\"en-US\",\"@id\":\"http:\/\/13.127.36.189\/spanish\/polymers-retail\/#primaryimage\",\"url\":\"https:\/\/www.atul.co.in\/spanish\/wp-content\/uploads\/2017\/02\/polymer-retail-lp-banner-img-1.jpg\",\"contentUrl\":\"https:\/\/www.atul.co.in\/spanish\/wp-content\/uploads\/2017\/02\/polymer-retail-lp-banner-img-1.jpg\"},{\"@type\":\"BreadcrumbList\",\"@id\":\"http:\/\/13.127.36.189\/spanish\/polymers-retail\/#breadcrumb\",\"itemListElement\":[{\"@type\":\"ListItem\",\"position\":1,\"name\":\"Home\",\"item\":\"https:\/\/www.atul.co.in\/spanish\/\"},{\"@type\":\"ListItem\",\"position\":2,\"name\":\"Polymers Retail\",\"item\":\"\/\"},{\"@type\":\"ListItem\",\"position\":3,\"name\":\"Acerca de\"}]},{\"@type\":\"WebSite\",\"@id\":\"http:\/\/13.127.36.189\/spanish\/#website\",\"url\":\"http:\/\/13.127.36.189\/spanish\/\",\"name\":\"Atul Ltd\",\"description\":\"\",\"potentialAction\":[{\"@type\":\"SearchAction\",\"target\":{\"@type\":\"EntryPoint\",\"urlTemplate\":\"http:\/\/13.127.36.189\/spanish\/?s={search_term_string}\"},\"query-input\":{\"@type\":\"PropertyValueSpecification\",\"valueRequired\":true,\"valueName\":\"search_term_string\"}}],\"inLanguage\":\"en-US\"}]}<\/script>\n<!-- \/ Yoast SEO plugin. -->","yoast_head_json":{"title":"Polymers Venta al por menor | Atul","robots":{"index":"index","follow":"follow","max-snippet":"max-snippet:-1","max-image-preview":"max-image-preview:large","max-video-preview":"max-video-preview:-1"},"canonical":"http:\/\/13.127.36.189\/spanish\/polymers-retail\/","og_locale":"en_US","og_type":"article","og_title":"Polymers Venta al por menor | Atul","og_description":"Entre los mayores fabricantes de resinas y endurecedores epox\u00eddicos de la India Esfuerzos pioneros Pioneros en la fabricaci\u00f3n de epox\u00eddicos de la India Entre los mayores fabricantes de resinas y endurecedores epox\u00eddicos de la India Ofreciendo m\u00e1s de 450 productos&hellip;Read more &#8250;","og_url":"http:\/\/13.127.36.189\/spanish\/polymers-retail\/","og_site_name":"Atul Ltd","article_modified_time":"2020-06-11T04:28:20+00:00","og_image":[{"url":"https:\/\/www.atul.co.in\/spanish\/wp-content\/uploads\/2017\/02\/polymer-retail-lp-banner-img-1.jpg","type":"","width":"","height":""}],"twitter_card":"summary_large_image","twitter_misc":{"Est. reading time":"1 minute"},"schema":{"@context":"https:\/\/schema.org","@graph":[{"@type":"WebPage","@id":"http:\/\/13.127.36.189\/spanish\/polymers-retail\/","url":"http:\/\/13.127.36.189\/spanish\/polymers-retail\/","name":"Polymers Venta al por menor | Atul","isPartOf":{"@id":"http:\/\/13.127.36.189\/spanish\/#website"},"primaryImageOfPage":{"@id":"http:\/\/13.127.36.189\/spanish\/polymers-retail\/#primaryimage"},"image":{"@id":"http:\/\/13.127.36.189\/spanish\/polymers-retail\/#primaryimage"},"thumbnailUrl":"https:\/\/www.atul.co.in\/spanish\/wp-content\/uploads\/2017\/02\/polymer-retail-lp-banner-img-1.jpg","datePublished":"2017-02-02T04:24:52+00:00","dateModified":"2020-06-11T04:28:20+00:00","breadcrumb":{"@id":"http:\/\/13.127.36.189\/spanish\/polymers-retail\/#breadcrumb"},"inLanguage":"en-US","potentialAction":[{"@type":"ReadAction","target":["http:\/\/13.127.36.189\/spanish\/polymers-retail\/"]}]},{"@type":"ImageObject","inLanguage":"en-US","@id":"http:\/\/13.127.36.189\/spanish\/polymers-retail\/#primaryimage","url":"https:\/\/www.atul.co.in\/spanish\/wp-content\/uploads\/2017\/02\/polymer-retail-lp-banner-img-1.jpg","contentUrl":"https:\/\/www.atul.co.in\/spanish\/wp-content\/uploads\/2017\/02\/polymer-retail-lp-banner-img-1.jpg"},{"@type":"BreadcrumbList","@id":"http:\/\/13.127.36.189\/spanish\/polymers-retail\/#breadcrumb","itemListElement":[{"@type":"ListItem","position":1,"name":"Home","item":"https:\/\/www.atul.co.in\/spanish\/"},{"@type":"ListItem","position":2,"name":"Polymers Retail","item":"\/"},{"@type":"ListItem","position":3,"name":"Acerca de"}]},{"@type":"WebSite","@id":"http:\/\/13.127.36.189\/spanish\/#website","url":"http:\/\/13.127.36.189\/spanish\/","name":"Atul Ltd","description":"","potentialAction":[{"@type":"SearchAction","target":{"@type":"EntryPoint","urlTemplate":"http:\/\/13.127.36.189\/spanish\/?s={search_term_string}"},"query-input":{"@type":"PropertyValueSpecification","valueRequired":true,"valueName":"search_term_string"}}],"inLanguage":"en-US"}]}},"_links":{"self":[{"href":"https:\/\/www.atul.co.in\/spanish\/wp-json\/wp\/v2\/pages\/897","targetHints":{"allow":["GET"]}}],"collection":[{"href":"https:\/\/www.atul.co.in\/spanish\/wp-json\/wp\/v2\/pages"}],"about":[{"href":"https:\/\/www.atul.co.in\/spanish\/wp-json\/wp\/v2\/types\/page"}],"author":[{"embeddable":true,"href":"https:\/\/www.atul.co.in\/spanish\/wp-json\/wp\/v2\/users\/1"}],"replies":[{"embeddable":true,"href":"https:\/\/www.atul.co.in\/spanish\/wp-json\/wp\/v2\/comments?post=897"}],"version-history":[{"count":0,"href":"https:\/\/www.atul.co.in\/spanish\/wp-json\/wp\/v2\/pages\/897\/revisions"}],"up":[{"embeddable":true,"href":"https:\/\/www.atul.co.in\/spanish\/wp-json\/wp\/v2\/pages\/896"}],"wp:attachment":[{"href":"https:\/\/www.atul.co.in\/spanish\/wp-json\/wp\/v2\/media?parent=897"}],"curies":[{"name":"wp","href":"https:\/\/api.w.org\/{rel}","templated":true}]}}