{"id":898,"date":"2017-02-02T04:26:20","date_gmt":"2017-02-02T04:26:20","guid":{"rendered":"http:\/\/43.242.212.212\/~atulco\/?page_id=898"},"modified":"2020-06-11T13:29:49","modified_gmt":"2020-06-11T07:59:49","slug":"polymers-retailindustries","status":"publish","type":"page","link":"https:\/\/www.atul.co.in\/spanish\/polymers-retail\/industries","title":{"rendered":"Industrias"},"content":{"rendered":"<div class=\"container\">\n<div class=\"text2\">Lapox crea lazos fuertes e irrompibles<\/div>\n<div class=\"space20\"><\/div>\n<ul class=\"gridlayout2\">\n<li><a href=\"https:\/\/www.atul.co.in\/spanish\/businesses\/polymers-retail\/product-search\/?_sfm_polymer_retail_industry=Construction\"><img loading=\"lazy\" decoding=\"async\" src=\"https:\/\/www.atul.co.in\/spanish\/wp-content\/uploads\/2017\/08\/construction-2.jpg\" alt=\"\" width=\"412\" height=\"354\" class=\"aligncenter size-full wp-image-5153\" srcset=\"https:\/\/www.atul.co.in\/spanish\/wp-content\/uploads\/2017\/08\/construction-2.jpg 412w, https:\/\/www.atul.co.in\/spanish\/wp-content\/uploads\/2017\/08\/construction-2-60x52.jpg 60w\" sizes=\"auto, (max-width: 412px) 100vw, 412px\" \/>\n<div>\n<h3>Construcci\u00f3n<\/h3>\n<\/div>\n<p><\/a><\/li>\n<li><a href=\"https:\/\/www.atul.co.in\/spanish\/businesses\/polymers-retail\/product-search\/?_sfm_polymer_retail_industry=Handicraft\"><img loading=\"lazy\" decoding=\"async\" src=\"https:\/\/www.atul.co.in\/spanish\/wp-content\/uploads\/2017\/08\/handicraft.jpg\" alt=\"\" width=\"412\" height=\"354\" class=\"aligncenter size-full wp-image-847\" \/>\n<div>\n<h3>Artesan\u00edas<\/h3>\n<\/div>\n<p><\/a><\/li>\n<li><a href=\"https:\/\/www.atul.co.in\/spanish\/businesses\/polymers-retail\/product-search\/?_sfm_polymer_retail_industry=Stone%20Care\"><img loading=\"lazy\" decoding=\"async\" src=\"https:\/\/www.atul.co.in\/spanish\/wp-content\/uploads\/2017\/08\/stone-care.jpg\" alt=\"\" width=\"412\" height=\"354\" class=\"aligncenter size-full wp-image-847\" \/>\n<div>\n<h3>Cuidado de la piedra<\/h3>\n<\/div>\n<p><\/a><\/li>\n<li><a href=\"https:\/\/www.atul.co.in\/spanish\/businesses\/polymers-retail\/product-search\/?_sfm_polymer_retail_industry=Automobile\"><img loading=\"lazy\" decoding=\"async\" src=\"https:\/\/www.atul.co.in\/spanish\/wp-content\/uploads\/2017\/08\/automobile.jpg\" alt=\"\" width=\"412\" height=\"354\" class=\"aligncenter size-full wp-image-847\" \/>\n<div>\n<h3>Automotriz<\/h3>\n<\/div>\n<p><\/a><\/li>\n<li><a href=\"https:\/\/www.atul.co.in\/spanish\/businesses\/polymers-retail\/product-search\/?_sfm_polymer_retail_industry=Footwear\"><img loading=\"lazy\" decoding=\"async\" src=\"https:\/\/www.atul.co.in\/spanish\/wp-content\/uploads\/2017\/08\/footwear.jpg\" alt=\"\" width=\"412\" height=\"354\" class=\"aligncenter size-full wp-image-847\" \/>\n<div>\n<h3>Calzado<\/h3>\n<\/div>\n<p><\/a><\/li>\n<li><a href=\"https:\/\/www.atul.co.in\/spanish\/businesses\/polymers-retail\/product-search\/?_sfm_polymer_retail_industry=Upholstery\"><img loading=\"lazy\" decoding=\"async\" src=\"https:\/\/www.atul.co.in\/spanish\/wp-content\/uploads\/2017\/08\/upholstery.jpg\" alt=\"\" width=\"412\" height=\"354\" class=\"aligncenter size-full wp-image-5155\" srcset=\"https:\/\/www.atul.co.in\/spanish\/wp-content\/uploads\/2017\/08\/upholstery.jpg 412w, https:\/\/www.atul.co.in\/spanish\/wp-content\/uploads\/2017\/08\/upholstery-60x52.jpg 60w\" sizes=\"auto, (max-width: 412px) 100vw, 412px\" \/>\n<div>\n<h3>Tapicer\u00eda<\/h3>\n<\/div>\n<p><\/a><\/li>\n<li><a href=\"https:\/\/www.atul.co.in\/spanish\/businesses\/polymers-retail\/product-search\/?_sfm_polymer_retail_industry=Leather\"><img loading=\"lazy\" decoding=\"async\" src=\"https:\/\/www.atul.co.in\/spanish\/wp-content\/uploads\/2017\/08\/leather-1.jpg\" alt=\"\" width=\"412\" height=\"354\" class=\"aligncenter size-full wp-image-847\" \/>\n<div>\n<h3>Cueros<\/h3>\n<\/div>\n<p><\/a><\/li>\n<li><a href=\"https:\/\/www.atul.co.in\/spanish\/businesses\/polymers-retail\/product-search\/?_sfm_polymer_retail_industry=Carpet\"><img loading=\"lazy\" decoding=\"async\" src=\"https:\/\/www.atul.co.in\/spanish\/wp-content\/uploads\/2017\/08\/carpet.jpg\" alt=\"\" width=\"412\" height=\"354\" class=\"aligncenter size-full wp-image-847\" \/>\n<div>\n<h3>Alfombra<\/h3>\n<\/div>\n<p><\/a><\/li>\n<li><a href=\"https:\/\/www.atul.co.in\/spanish\/businesses\/polymers-retail\/product-search\/?_sfm_polymer_retail_industry=Furniture\"><img loading=\"lazy\" decoding=\"async\" src=\"https:\/\/www.atul.co.in\/spanish\/wp-content\/uploads\/2017\/08\/furniture.jpg\" alt=\"\" width=\"412\" height=\"354\" class=\"aligncenter size-full wp-image-847\" \/>\n<div>\n<h3>Mobiliario<\/h3>\n<\/div>\n<p><\/a><\/li>\n<li><a href=\"https:\/\/www.atul.co.in\/spanish\/businesses\/polymers-retail\/product-search\/?_sfm_polymer_retail_industry=HVAC (Heating, Ventilation and Air Conditioning)\"><img loading=\"lazy\" decoding=\"async\" src=\"https:\/\/www.atul.co.in\/spanish\/wp-content\/uploads\/2017\/08\/HVAC.jpg\" alt=\"\" width=\"412\" height=\"354\" class=\"aligncenter size-full wp-image-847\" \/>\n<div>\n<h3>HVAC<\/h3>\n<\/div>\n<p><\/a><\/li>\n<li><a href=\"https:\/\/www.atul.co.in\/spanish\/businesses\/polymers-retail\/product-search\/?_sfm_polymer_retail_industry=Packaging\"><img loading=\"lazy\" decoding=\"async\" src=\"https:\/\/www.atul.co.in\/spanish\/wp-content\/uploads\/2017\/02\/packaging-1-1.jpg\" alt=\"\" width=\"412\" height=\"354\" class=\"aligncenter size-full wp-image-5341\" srcset=\"https:\/\/www.atul.co.in\/spanish\/wp-content\/uploads\/2017\/02\/packaging-1-1.jpg 412w, https:\/\/www.atul.co.in\/spanish\/wp-content\/uploads\/2017\/02\/packaging-1-1-60x52.jpg 60w\" sizes=\"auto, (max-width: 412px) 100vw, 412px\" \/><!--img src=\"https:\/\/www.atul.co.in\/spanish\/wp-content\/uploads\/2017\/08\/packaging-1.jpg\" alt=\"\" width=\"412\" height=\"354\" class=\"aligncenter size-full wp-image-847\" \/-->\n<div>\n<h3>Embalajes<\/h3>\n<\/div>\n<p><\/a><\/li>\n<li><a href=\"https:\/\/www.atul.co.in\/spanish\/businesses\/polymers-retail\/product-search\/?_sfm_polymer_retail_industry=Apparel\"><img loading=\"lazy\" decoding=\"async\" src=\"https:\/\/www.atul.co.in\/spanish\/wp-content\/uploads\/2017\/08\/apparel.jpg\" alt=\"\" width=\"412\" height=\"354\" class=\"aligncenter size-full wp-image-5156\" srcset=\"https:\/\/www.atul.co.in\/spanish\/wp-content\/uploads\/2017\/08\/apparel.jpg 412w, https:\/\/www.atul.co.in\/spanish\/wp-content\/uploads\/2017\/08\/apparel-60x52.jpg 60w\" sizes=\"auto, (max-width: 412px) 100vw, 412px\" \/>\n<div>\n<h3>Vestimenta<\/h3>\n<\/div>\n<p><\/a><\/li>\n<\/ul>\n<\/div>\n<div class=\"clear\"><\/div>\n<div class=\"space20\"><\/div>\n","protected":false},"excerpt":{"rendered":"<p>Lapox crea lazos fuertes e irrompibles Construcci\u00f3n Artesan\u00edas Cuidado de la piedra Automotriz Calzado Tapicer\u00eda Cueros Alfombra Mobiliario HVAC Embalajes Vestimenta<\/p>\n","protected":false},"author":1,"featured_media":0,"parent":896,"menu_order":0,"comment_status":"closed","ping_status":"closed","template":"polymers-retail-microsite-pages.php","meta":{"_acf_changed":false,"footnotes":"","_links_to":"","_links_to_target":""},"class_list":["post-898","page","type-page","status-publish","hentry"],"acf":[],"yoast_head":"<!-- This site is optimized with the Yoast SEO plugin v26.8 - https:\/\/yoast.com\/product\/yoast-seo-wordpress\/ -->\n<title>Industrias Polymers Venta al por menor | Atul<\/title>\n<meta name=\"robots\" content=\"index, follow, max-snippet:-1, max-image-preview:large, max-video-preview:-1\" \/>\n<link rel=\"canonical\" href=\"https:\/\/www.atul.co.in\/spanish\/polymers-retail\/industries\/\" \/>\n<meta property=\"og:locale\" content=\"en_US\" \/>\n<meta property=\"og:type\" content=\"article\" \/>\n<meta property=\"og:title\" content=\"Industrias Polymers Venta al por menor | Atul\" \/>\n<meta property=\"og:description\" content=\"Lapox crea lazos fuertes e irrompibles Construcci\u00f3n Artesan\u00edas Cuidado de la piedra Automotriz Calzado Tapicer\u00eda Cueros Alfombra Mobiliario HVAC Embalajes Vestimenta\" \/>\n<meta property=\"og:url\" content=\"https:\/\/www.atul.co.in\/spanish\/polymers-retail\/industries\/\" \/>\n<meta property=\"og:site_name\" content=\"Atul Ltd\" \/>\n<meta property=\"article:modified_time\" content=\"2020-06-11T07:59:49+00:00\" \/>\n<meta property=\"og:image\" content=\"https:\/\/www.atul.co.in\/spanish\/wp-content\/uploads\/2017\/08\/construction-2.jpg\" \/>\n<meta name=\"twitter:card\" content=\"summary_large_image\" \/>\n<script type=\"application\/ld+json\" class=\"yoast-schema-graph\">{\"@context\":\"https:\/\/schema.org\",\"@graph\":[{\"@type\":\"WebPage\",\"@id\":\"https:\/\/www.atul.co.in\/spanish\/polymers-retail\/industries\/\",\"url\":\"https:\/\/www.atul.co.in\/spanish\/polymers-retail\/industries\/\",\"name\":\"Industrias Polymers Venta al por menor | Atul\",\"isPartOf\":{\"@id\":\"http:\/\/13.127.36.189\/spanish\/#website\"},\"primaryImageOfPage\":{\"@id\":\"https:\/\/www.atul.co.in\/spanish\/polymers-retail\/industries\/#primaryimage\"},\"image\":{\"@id\":\"https:\/\/www.atul.co.in\/spanish\/polymers-retail\/industries\/#primaryimage\"},\"thumbnailUrl\":\"https:\/\/www.atul.co.in\/spanish\/wp-content\/uploads\/2017\/08\/construction-2.jpg\",\"datePublished\":\"2017-02-02T04:26:20+00:00\",\"dateModified\":\"2020-06-11T07:59:49+00:00\",\"breadcrumb\":{\"@id\":\"https:\/\/www.atul.co.in\/spanish\/polymers-retail\/industries\/#breadcrumb\"},\"inLanguage\":\"en-US\",\"potentialAction\":[{\"@type\":\"ReadAction\",\"target\":[\"https:\/\/www.atul.co.in\/spanish\/polymers-retail\/industries\/\"]}]},{\"@type\":\"ImageObject\",\"inLanguage\":\"en-US\",\"@id\":\"https:\/\/www.atul.co.in\/spanish\/polymers-retail\/industries\/#primaryimage\",\"url\":\"https:\/\/www.atul.co.in\/spanish\/wp-content\/uploads\/2017\/08\/construction-2.jpg\",\"contentUrl\":\"https:\/\/www.atul.co.in\/spanish\/wp-content\/uploads\/2017\/08\/construction-2.jpg\"},{\"@type\":\"BreadcrumbList\",\"@id\":\"https:\/\/www.atul.co.in\/spanish\/polymers-retail\/industries\/#breadcrumb\",\"itemListElement\":[{\"@type\":\"ListItem\",\"position\":1,\"name\":\"Home\",\"item\":\"https:\/\/www.atul.co.in\/spanish\/\"},{\"@type\":\"ListItem\",\"position\":2,\"name\":\"Polymers Retail\",\"item\":\"\/\"},{\"@type\":\"ListItem\",\"position\":3,\"name\":\"Industrias\"}]},{\"@type\":\"WebSite\",\"@id\":\"http:\/\/13.127.36.189\/spanish\/#website\",\"url\":\"http:\/\/13.127.36.189\/spanish\/\",\"name\":\"Atul Ltd\",\"description\":\"\",\"potentialAction\":[{\"@type\":\"SearchAction\",\"target\":{\"@type\":\"EntryPoint\",\"urlTemplate\":\"http:\/\/13.127.36.189\/spanish\/?s={search_term_string}\"},\"query-input\":{\"@type\":\"PropertyValueSpecification\",\"valueRequired\":true,\"valueName\":\"search_term_string\"}}],\"inLanguage\":\"en-US\"}]}<\/script>\n<!-- \/ Yoast SEO plugin. -->","yoast_head_json":{"title":"Industrias Polymers Venta al por menor | Atul","robots":{"index":"index","follow":"follow","max-snippet":"max-snippet:-1","max-image-preview":"max-image-preview:large","max-video-preview":"max-video-preview:-1"},"canonical":"https:\/\/www.atul.co.in\/spanish\/polymers-retail\/industries\/","og_locale":"en_US","og_type":"article","og_title":"Industrias Polymers Venta al por menor | Atul","og_description":"Lapox crea lazos fuertes e irrompibles Construcci\u00f3n Artesan\u00edas Cuidado de la piedra Automotriz Calzado Tapicer\u00eda Cueros Alfombra Mobiliario HVAC Embalajes Vestimenta","og_url":"https:\/\/www.atul.co.in\/spanish\/polymers-retail\/industries\/","og_site_name":"Atul Ltd","article_modified_time":"2020-06-11T07:59:49+00:00","og_image":[{"url":"https:\/\/www.atul.co.in\/spanish\/wp-content\/uploads\/2017\/08\/construction-2.jpg","type":"","width":"","height":""}],"twitter_card":"summary_large_image","schema":{"@context":"https:\/\/schema.org","@graph":[{"@type":"WebPage","@id":"https:\/\/www.atul.co.in\/spanish\/polymers-retail\/industries\/","url":"https:\/\/www.atul.co.in\/spanish\/polymers-retail\/industries\/","name":"Industrias Polymers Venta al por menor | Atul","isPartOf":{"@id":"http:\/\/13.127.36.189\/spanish\/#website"},"primaryImageOfPage":{"@id":"https:\/\/www.atul.co.in\/spanish\/polymers-retail\/industries\/#primaryimage"},"image":{"@id":"https:\/\/www.atul.co.in\/spanish\/polymers-retail\/industries\/#primaryimage"},"thumbnailUrl":"https:\/\/www.atul.co.in\/spanish\/wp-content\/uploads\/2017\/08\/construction-2.jpg","datePublished":"2017-02-02T04:26:20+00:00","dateModified":"2020-06-11T07:59:49+00:00","breadcrumb":{"@id":"https:\/\/www.atul.co.in\/spanish\/polymers-retail\/industries\/#breadcrumb"},"inLanguage":"en-US","potentialAction":[{"@type":"ReadAction","target":["https:\/\/www.atul.co.in\/spanish\/polymers-retail\/industries\/"]}]},{"@type":"ImageObject","inLanguage":"en-US","@id":"https:\/\/www.atul.co.in\/spanish\/polymers-retail\/industries\/#primaryimage","url":"https:\/\/www.atul.co.in\/spanish\/wp-content\/uploads\/2017\/08\/construction-2.jpg","contentUrl":"https:\/\/www.atul.co.in\/spanish\/wp-content\/uploads\/2017\/08\/construction-2.jpg"},{"@type":"BreadcrumbList","@id":"https:\/\/www.atul.co.in\/spanish\/polymers-retail\/industries\/#breadcrumb","itemListElement":[{"@type":"ListItem","position":1,"name":"Home","item":"https:\/\/www.atul.co.in\/spanish\/"},{"@type":"ListItem","position":2,"name":"Polymers Retail","item":"\/"},{"@type":"ListItem","position":3,"name":"Industrias"}]},{"@type":"WebSite","@id":"http:\/\/13.127.36.189\/spanish\/#website","url":"http:\/\/13.127.36.189\/spanish\/","name":"Atul Ltd","description":"","potentialAction":[{"@type":"SearchAction","target":{"@type":"EntryPoint","urlTemplate":"http:\/\/13.127.36.189\/spanish\/?s={search_term_string}"},"query-input":{"@type":"PropertyValueSpecification","valueRequired":true,"valueName":"search_term_string"}}],"inLanguage":"en-US"}]}},"_links":{"self":[{"href":"https:\/\/www.atul.co.in\/spanish\/wp-json\/wp\/v2\/pages\/898","targetHints":{"allow":["GET"]}}],"collection":[{"href":"https:\/\/www.atul.co.in\/spanish\/wp-json\/wp\/v2\/pages"}],"about":[{"href":"https:\/\/www.atul.co.in\/spanish\/wp-json\/wp\/v2\/types\/page"}],"author":[{"embeddable":true,"href":"https:\/\/www.atul.co.in\/spanish\/wp-json\/wp\/v2\/users\/1"}],"replies":[{"embeddable":true,"href":"https:\/\/www.atul.co.in\/spanish\/wp-json\/wp\/v2\/comments?post=898"}],"version-history":[{"count":0,"href":"https:\/\/www.atul.co.in\/spanish\/wp-json\/wp\/v2\/pages\/898\/revisions"}],"up":[{"embeddable":true,"href":"https:\/\/www.atul.co.in\/spanish\/wp-json\/wp\/v2\/pages\/896"}],"wp:attachment":[{"href":"https:\/\/www.atul.co.in\/spanish\/wp-json\/wp\/v2\/media?parent=898"}],"curies":[{"name":"wp","href":"https:\/\/api.w.org\/{rel}","templated":true}]}}