{"id":987,"date":"2017-02-08T07:49:08","date_gmt":"2017-02-08T07:49:08","guid":{"rendered":"http:\/\/43.242.212.212\/~atulco\/?page_id=987"},"modified":"2020-05-30T11:47:14","modified_gmt":"2020-05-30T06:17:14","slug":"lifewithatulankleshwar","status":"publish","type":"page","link":"https:\/\/www.atul.co.in\/spanish\/lifewithatul\/ankleshwar","title":{"rendered":"Ankleshwar"},"content":{"rendered":"<div class=\"about-text\">\n<p align=\"justify\">Cerca de 230 personas trabajan en la sede de Ankleshwar (Gujurat). Extendida a lo largo de 33 acres, la sede fue adquirida por Atul en 1988. Es la \u00fanica facilidad de fabricaci\u00f3n de paraCresol con descarga cero de l\u00edquido en el mundo. Con facilidades dedicadas a la sulfonaci\u00f3n continua, fusi\u00f3n a alta temperatura, hidrogenaci\u00f3n catal\u00edtica, oxidaci\u00f3n, el fraccionamiento continuo y otros procesos qu\u00edmicos, se fabrica una gama de cresoles, productos intermedios y sustancias qu\u00edmicas arom\u00e1ticas. Esta bien equipada con instalaciones de almacenamiento de agua, calderas, torres de refrigeraci\u00f3n, plantas de salmuera, compresores de aire, una planta de nitr\u00f3geno, y sistema dedicado de hidrantes para incendios, una planta para tratamiento de aguas residuales, una planta de \u00f3smosis inversa y un evaporador multiusos.<\/p>\n<p align=\"justify\">Una colonia residencial con viviendas para los empleados y sus familiares, una casa de hu\u00e9spedes y un ayuntamiento se encuentran a una corta distancia del edificio de manufactura.<\/p>\n","protected":false},"excerpt":{"rendered":"<p>Cerca de 230 personas trabajan en la sede de Ankleshwar (Gujurat). Extendida a lo largo de 33 acres, la sede fue adquirida por Atul en 1988. Es la \u00fanica facilidad de fabricaci\u00f3n de paraCresol con descarga cero de l\u00edquido en<span class=\"ellipsis\">&hellip;<\/span><\/p>\n<div class=\"read-more\"><a href=\"https:\/\/www.atul.co.in\/spanish\/lifewithatul\/ankleshwar\">Read more &#8250;<\/a><\/div>\n<p><!-- end of .read-more --><\/p>\n","protected":false},"author":1,"featured_media":5596,"parent":830,"menu_order":0,"comment_status":"closed","ping_status":"closed","template":"","meta":{"_acf_changed":false,"footnotes":"","_links_to":"","_links_to_target":""},"class_list":["post-987","page","type-page","status-publish","has-post-thumbnail","hentry"],"acf":[],"yoast_head":"<!-- This site is optimized with the Yoast SEO plugin v26.8 - https:\/\/yoast.com\/product\/yoast-seo-wordpress\/ -->\n<title>La vida con Atul | Ankleshwar<\/title>\n<meta name=\"robots\" content=\"index, follow, max-snippet:-1, max-image-preview:large, max-video-preview:-1\" \/>\n<link rel=\"canonical\" href=\"https:\/\/www.atul.co.in\/spanish\/lifewithatul\/ankleshwar\/\" \/>\n<meta property=\"og:locale\" content=\"en_US\" \/>\n<meta property=\"og:type\" content=\"article\" \/>\n<meta property=\"og:title\" content=\"La vida con Atul | Ankleshwar\" \/>\n<meta property=\"og:description\" content=\"Cerca de 230 personas trabajan en la sede de Ankleshwar (Gujurat). Extendida a lo largo de 33 acres, la sede fue adquirida por Atul en 1988. Es la \u00fanica facilidad de fabricaci\u00f3n de paraCresol con descarga cero de l\u00edquido en&hellip;Read more &#8250;\" \/>\n<meta property=\"og:url\" content=\"https:\/\/www.atul.co.in\/spanish\/lifewithatul\/ankleshwar\/\" \/>\n<meta property=\"og:site_name\" content=\"Atul Ltd\" \/>\n<meta property=\"article:modified_time\" content=\"2020-05-30T06:17:14+00:00\" \/>\n<meta property=\"og:image\" content=\"https:\/\/www.atul.co.in\/spanish\/wp-content\/uploads\/2017\/02\/life-with-atul-ankleshwar.jpg\" \/>\n\t<meta property=\"og:image:width\" content=\"1250\" \/>\n\t<meta property=\"og:image:height\" content=\"335\" \/>\n\t<meta property=\"og:image:type\" content=\"image\/jpeg\" \/>\n<meta name=\"twitter:card\" content=\"summary_large_image\" \/>\n<meta name=\"twitter:label1\" content=\"Est. reading time\" \/>\n\t<meta name=\"twitter:data1\" content=\"1 minute\" \/>\n<script type=\"application\/ld+json\" class=\"yoast-schema-graph\">{\"@context\":\"https:\/\/schema.org\",\"@graph\":[{\"@type\":\"WebPage\",\"@id\":\"https:\/\/www.atul.co.in\/spanish\/lifewithatul\/ankleshwar\/\",\"url\":\"https:\/\/www.atul.co.in\/spanish\/lifewithatul\/ankleshwar\/\",\"name\":\"La vida con Atul | Ankleshwar\",\"isPartOf\":{\"@id\":\"http:\/\/13.127.36.189\/spanish\/#website\"},\"primaryImageOfPage\":{\"@id\":\"https:\/\/www.atul.co.in\/spanish\/lifewithatul\/ankleshwar\/#primaryimage\"},\"image\":{\"@id\":\"https:\/\/www.atul.co.in\/spanish\/lifewithatul\/ankleshwar\/#primaryimage\"},\"thumbnailUrl\":\"https:\/\/www.atul.co.in\/spanish\/wp-content\/uploads\/2017\/02\/life-with-atul-ankleshwar.jpg\",\"datePublished\":\"2017-02-08T07:49:08+00:00\",\"dateModified\":\"2020-05-30T06:17:14+00:00\",\"breadcrumb\":{\"@id\":\"https:\/\/www.atul.co.in\/spanish\/lifewithatul\/ankleshwar\/#breadcrumb\"},\"inLanguage\":\"en-US\",\"potentialAction\":[{\"@type\":\"ReadAction\",\"target\":[\"https:\/\/www.atul.co.in\/spanish\/lifewithatul\/ankleshwar\/\"]}]},{\"@type\":\"ImageObject\",\"inLanguage\":\"en-US\",\"@id\":\"https:\/\/www.atul.co.in\/spanish\/lifewithatul\/ankleshwar\/#primaryimage\",\"url\":\"https:\/\/www.atul.co.in\/spanish\/wp-content\/uploads\/2017\/02\/life-with-atul-ankleshwar.jpg\",\"contentUrl\":\"https:\/\/www.atul.co.in\/spanish\/wp-content\/uploads\/2017\/02\/life-with-atul-ankleshwar.jpg\",\"width\":1250,\"height\":335},{\"@type\":\"BreadcrumbList\",\"@id\":\"https:\/\/www.atul.co.in\/spanish\/lifewithatul\/ankleshwar\/#breadcrumb\",\"itemListElement\":[{\"@type\":\"ListItem\",\"position\":1,\"name\":\"Home\",\"item\":\"https:\/\/www.atul.co.in\/spanish\/\"},{\"@type\":\"ListItem\",\"position\":2,\"name\":\"La vida con Atul\",\"item\":\"http:\/\/13.127.36.189\/spanish\/lifewithatul\/\"},{\"@type\":\"ListItem\",\"position\":3,\"name\":\"Ankleshwar\"}]},{\"@type\":\"WebSite\",\"@id\":\"http:\/\/13.127.36.189\/spanish\/#website\",\"url\":\"http:\/\/13.127.36.189\/spanish\/\",\"name\":\"Atul Ltd\",\"description\":\"\",\"potentialAction\":[{\"@type\":\"SearchAction\",\"target\":{\"@type\":\"EntryPoint\",\"urlTemplate\":\"http:\/\/13.127.36.189\/spanish\/?s={search_term_string}\"},\"query-input\":{\"@type\":\"PropertyValueSpecification\",\"valueRequired\":true,\"valueName\":\"search_term_string\"}}],\"inLanguage\":\"en-US\"}]}<\/script>\n<!-- \/ Yoast SEO plugin. -->","yoast_head_json":{"title":"La vida con Atul | Ankleshwar","robots":{"index":"index","follow":"follow","max-snippet":"max-snippet:-1","max-image-preview":"max-image-preview:large","max-video-preview":"max-video-preview:-1"},"canonical":"https:\/\/www.atul.co.in\/spanish\/lifewithatul\/ankleshwar\/","og_locale":"en_US","og_type":"article","og_title":"La vida con Atul | Ankleshwar","og_description":"Cerca de 230 personas trabajan en la sede de Ankleshwar (Gujurat). Extendida a lo largo de 33 acres, la sede fue adquirida por Atul en 1988. Es la \u00fanica facilidad de fabricaci\u00f3n de paraCresol con descarga cero de l\u00edquido en&hellip;Read more &#8250;","og_url":"https:\/\/www.atul.co.in\/spanish\/lifewithatul\/ankleshwar\/","og_site_name":"Atul Ltd","article_modified_time":"2020-05-30T06:17:14+00:00","og_image":[{"width":1250,"height":335,"url":"https:\/\/www.atul.co.in\/spanish\/wp-content\/uploads\/2017\/02\/life-with-atul-ankleshwar.jpg","type":"image\/jpeg"}],"twitter_card":"summary_large_image","twitter_misc":{"Est. reading time":"1 minute"},"schema":{"@context":"https:\/\/schema.org","@graph":[{"@type":"WebPage","@id":"https:\/\/www.atul.co.in\/spanish\/lifewithatul\/ankleshwar\/","url":"https:\/\/www.atul.co.in\/spanish\/lifewithatul\/ankleshwar\/","name":"La vida con Atul | Ankleshwar","isPartOf":{"@id":"http:\/\/13.127.36.189\/spanish\/#website"},"primaryImageOfPage":{"@id":"https:\/\/www.atul.co.in\/spanish\/lifewithatul\/ankleshwar\/#primaryimage"},"image":{"@id":"https:\/\/www.atul.co.in\/spanish\/lifewithatul\/ankleshwar\/#primaryimage"},"thumbnailUrl":"https:\/\/www.atul.co.in\/spanish\/wp-content\/uploads\/2017\/02\/life-with-atul-ankleshwar.jpg","datePublished":"2017-02-08T07:49:08+00:00","dateModified":"2020-05-30T06:17:14+00:00","breadcrumb":{"@id":"https:\/\/www.atul.co.in\/spanish\/lifewithatul\/ankleshwar\/#breadcrumb"},"inLanguage":"en-US","potentialAction":[{"@type":"ReadAction","target":["https:\/\/www.atul.co.in\/spanish\/lifewithatul\/ankleshwar\/"]}]},{"@type":"ImageObject","inLanguage":"en-US","@id":"https:\/\/www.atul.co.in\/spanish\/lifewithatul\/ankleshwar\/#primaryimage","url":"https:\/\/www.atul.co.in\/spanish\/wp-content\/uploads\/2017\/02\/life-with-atul-ankleshwar.jpg","contentUrl":"https:\/\/www.atul.co.in\/spanish\/wp-content\/uploads\/2017\/02\/life-with-atul-ankleshwar.jpg","width":1250,"height":335},{"@type":"BreadcrumbList","@id":"https:\/\/www.atul.co.in\/spanish\/lifewithatul\/ankleshwar\/#breadcrumb","itemListElement":[{"@type":"ListItem","position":1,"name":"Home","item":"https:\/\/www.atul.co.in\/spanish\/"},{"@type":"ListItem","position":2,"name":"La vida con Atul","item":"http:\/\/13.127.36.189\/spanish\/lifewithatul\/"},{"@type":"ListItem","position":3,"name":"Ankleshwar"}]},{"@type":"WebSite","@id":"http:\/\/13.127.36.189\/spanish\/#website","url":"http:\/\/13.127.36.189\/spanish\/","name":"Atul Ltd","description":"","potentialAction":[{"@type":"SearchAction","target":{"@type":"EntryPoint","urlTemplate":"http:\/\/13.127.36.189\/spanish\/?s={search_term_string}"},"query-input":{"@type":"PropertyValueSpecification","valueRequired":true,"valueName":"search_term_string"}}],"inLanguage":"en-US"}]}},"_links":{"self":[{"href":"https:\/\/www.atul.co.in\/spanish\/wp-json\/wp\/v2\/pages\/987","targetHints":{"allow":["GET"]}}],"collection":[{"href":"https:\/\/www.atul.co.in\/spanish\/wp-json\/wp\/v2\/pages"}],"about":[{"href":"https:\/\/www.atul.co.in\/spanish\/wp-json\/wp\/v2\/types\/page"}],"author":[{"embeddable":true,"href":"https:\/\/www.atul.co.in\/spanish\/wp-json\/wp\/v2\/users\/1"}],"replies":[{"embeddable":true,"href":"https:\/\/www.atul.co.in\/spanish\/wp-json\/wp\/v2\/comments?post=987"}],"version-history":[{"count":0,"href":"https:\/\/www.atul.co.in\/spanish\/wp-json\/wp\/v2\/pages\/987\/revisions"}],"up":[{"embeddable":true,"href":"https:\/\/www.atul.co.in\/spanish\/wp-json\/wp\/v2\/pages\/830"}],"wp:featuredmedia":[{"embeddable":true,"href":"https:\/\/www.atul.co.in\/spanish\/wp-json\/wp\/v2\/media\/5596"}],"wp:attachment":[{"href":"https:\/\/www.atul.co.in\/spanish\/wp-json\/wp\/v2\/media?parent=987"}],"curies":[{"name":"wp","href":"https:\/\/api.w.org\/{rel}","templated":true}]}}