{"id":997,"date":"2017-02-08T08:05:08","date_gmt":"2017-02-08T08:05:08","guid":{"rendered":"http:\/\/43.242.212.212\/~atulco\/?page_id=997"},"modified":"2020-06-02T22:18:27","modified_gmt":"2020-06-02T16:48:27","slug":"mediagallery","status":"publish","type":"page","link":"https:\/\/www.atul.co.in\/spanish\/media\/gallery","title":{"rendered":"Galer\u00eda"},"content":{"rendered":"<div class=\"breadcrumb\"><a href=\"?page_id=843\">Medios de comunicaci\u00f3n<\/a> <span>&rsaquo;<\/span> Galer\u00eda<\/div>\n[ngg_images source=&#8221;galleries&#8221; container_ids=&#8221;2&#8243; display_type=&#8221;photocrati-nextgen_pro_thumbnail_grid&#8221; override_thumbnail_settings=&#8221;0&#8243; thumbnail_width=&#8221;240&#8243; thumbnail_height=&#8221;160&#8243; thumbnail_crop=&#8221;1&#8243; images_per_page=&#8221;50&#8243; border_size=&#8221;0&#8243; border_color=&#8221;#eeeeee&#8221; spacing=&#8221;2&#8243; number_of_columns=&#8221;0&#8243; display_type_view=&#8221;default&#8221; ngg_triggers_display=&#8221;never&#8221; captions_enabled=&#8221;1&#8243; captions_display_sharing=&#8221;1&#8243; captions_display_title=&#8221;1&#8243; captions_display_description=&#8221;1&#8243; captions_animation=&#8221;slideup&#8221; order_by=&#8221;sortorder&#8221; order_direction=&#8221;ASC&#8221; returns=&#8221;included&#8221; maximum_entity_count=&#8221;500&#8243;]\n<div class=\"clear\"><\/div>\n<div class=\"space40\"><\/div>\n","protected":false},"excerpt":{"rendered":"<p>Medios de comunicaci\u00f3n &rsaquo; Galer\u00eda [ngg_images source=&#8221;galleries&#8221; container_ids=&#8221;2&#8243; display_type=&#8221;photocrati-nextgen_pro_thumbnail_grid&#8221; override_thumbnail_settings=&#8221;0&#8243; thumbnail_width=&#8221;240&#8243; thumbnail_height=&#8221;160&#8243; thumbnail_crop=&#8221;1&#8243; images_per_page=&#8221;50&#8243; border_size=&#8221;0&#8243; border_color=&#8221;#eeeeee&#8221; spacing=&#8221;2&#8243; number_of_columns=&#8221;0&#8243; display_type_view=&#8221;default&#8221; ngg_triggers_display=&#8221;never&#8221; captions_enabled=&#8221;1&#8243; captions_display_sharing=&#8221;1&#8243; captions_display_title=&#8221;1&#8243; captions_display_description=&#8221;1&#8243; captions_animation=&#8221;slideup&#8221; order_by=&#8221;sortorder&#8221; order_direction=&#8221;ASC&#8221; returns=&#8221;included&#8221; maximum_entity_count=&#8221;500&#8243;]<\/p>\n","protected":false},"author":1,"featured_media":5609,"parent":843,"menu_order":0,"comment_status":"closed","ping_status":"closed","template":"page-withoutfilter.php","meta":{"_acf_changed":false,"footnotes":"","_links_to":"","_links_to_target":""},"class_list":["post-997","page","type-page","status-publish","has-post-thumbnail","hentry"],"acf":[],"yoast_head":"<!-- This site is optimized with the Yoast SEO plugin v26.8 - https:\/\/yoast.com\/product\/yoast-seo-wordpress\/ -->\n<title>Medios de comunicaci\u00f3n | Galer\u00eda | Atul<\/title>\n<meta name=\"robots\" content=\"index, follow, max-snippet:-1, max-image-preview:large, max-video-preview:-1\" \/>\n<link rel=\"canonical\" href=\"https:\/\/www.atul.co.in\/spanish\/media\/gallery\/\" \/>\n<meta property=\"og:locale\" content=\"en_US\" \/>\n<meta property=\"og:type\" content=\"article\" \/>\n<meta property=\"og:title\" content=\"Medios de comunicaci\u00f3n | Galer\u00eda | Atul\" \/>\n<meta property=\"og:description\" content=\"Medios de comunicaci\u00f3n &rsaquo; Galer\u00eda [ngg_images source=&#8221;galleries&#8221; container_ids=&#8221;2&#8243; display_type=&#8221;photocrati-nextgen_pro_thumbnail_grid&#8221; override_thumbnail_settings=&#8221;0&#8243; thumbnail_width=&#8221;240&#8243; thumbnail_height=&#8221;160&#8243; thumbnail_crop=&#8221;1&#8243; images_per_page=&#8221;50&#8243; border_size=&#8221;0&#8243; border_color=&#8221;#eeeeee&#8221; spacing=&#8221;2&#8243; number_of_columns=&#8221;0&#8243; display_type_view=&#8221;default&#8221; ngg_triggers_display=&#8221;never&#8221; captions_enabled=&#8221;1&#8243; captions_display_sharing=&#8221;1&#8243; captions_display_title=&#8221;1&#8243; captions_display_description=&#8221;1&#8243; captions_animation=&#8221;slideup&#8221; order_by=&#8221;sortorder&#8221; order_direction=&#8221;ASC&#8221; returns=&#8221;included&#8221; maximum_entity_count=&#8221;500&#8243;]\" \/>\n<meta property=\"og:url\" content=\"https:\/\/www.atul.co.in\/spanish\/media\/gallery\/\" \/>\n<meta property=\"og:site_name\" content=\"Atul Ltd\" \/>\n<meta property=\"article:modified_time\" content=\"2020-06-02T16:48:27+00:00\" \/>\n<meta property=\"og:image\" content=\"https:\/\/www.atul.co.in\/spanish\/wp-content\/uploads\/2017\/02\/gallery-banner-1.jpg\" \/>\n\t<meta property=\"og:image:width\" content=\"1250\" \/>\n\t<meta property=\"og:image:height\" content=\"335\" \/>\n\t<meta property=\"og:image:type\" content=\"image\/jpeg\" \/>\n<meta name=\"twitter:card\" content=\"summary_large_image\" \/>\n<script type=\"application\/ld+json\" class=\"yoast-schema-graph\">{\"@context\":\"https:\/\/schema.org\",\"@graph\":[{\"@type\":\"WebPage\",\"@id\":\"https:\/\/www.atul.co.in\/spanish\/media\/gallery\/\",\"url\":\"https:\/\/www.atul.co.in\/spanish\/media\/gallery\/\",\"name\":\"Medios de comunicaci\u00f3n | Galer\u00eda | Atul\",\"isPartOf\":{\"@id\":\"http:\/\/13.127.36.189\/spanish\/#website\"},\"primaryImageOfPage\":{\"@id\":\"https:\/\/www.atul.co.in\/spanish\/media\/gallery\/#primaryimage\"},\"image\":{\"@id\":\"https:\/\/www.atul.co.in\/spanish\/media\/gallery\/#primaryimage\"},\"thumbnailUrl\":\"https:\/\/www.atul.co.in\/spanish\/wp-content\/uploads\/2017\/02\/gallery-banner-1.jpg\",\"datePublished\":\"2017-02-08T08:05:08+00:00\",\"dateModified\":\"2020-06-02T16:48:27+00:00\",\"breadcrumb\":{\"@id\":\"https:\/\/www.atul.co.in\/spanish\/media\/gallery\/#breadcrumb\"},\"inLanguage\":\"en-US\",\"potentialAction\":[{\"@type\":\"ReadAction\",\"target\":[\"https:\/\/www.atul.co.in\/spanish\/media\/gallery\/\"]}]},{\"@type\":\"ImageObject\",\"inLanguage\":\"en-US\",\"@id\":\"https:\/\/www.atul.co.in\/spanish\/media\/gallery\/#primaryimage\",\"url\":\"https:\/\/www.atul.co.in\/spanish\/wp-content\/uploads\/2017\/02\/gallery-banner-1.jpg\",\"contentUrl\":\"https:\/\/www.atul.co.in\/spanish\/wp-content\/uploads\/2017\/02\/gallery-banner-1.jpg\",\"width\":1250,\"height\":335},{\"@type\":\"BreadcrumbList\",\"@id\":\"https:\/\/www.atul.co.in\/spanish\/media\/gallery\/#breadcrumb\",\"itemListElement\":[{\"@type\":\"ListItem\",\"position\":1,\"name\":\"Home\",\"item\":\"https:\/\/www.atul.co.in\/spanish\/\"},{\"@type\":\"ListItem\",\"position\":2,\"name\":\"Medios de comunicaci\u00f3n\",\"item\":\"https:\/\/www.atul.co.in\/spanish\/media\/\"},{\"@type\":\"ListItem\",\"position\":3,\"name\":\"Galer\u00eda\"}]},{\"@type\":\"WebSite\",\"@id\":\"http:\/\/13.127.36.189\/spanish\/#website\",\"url\":\"http:\/\/13.127.36.189\/spanish\/\",\"name\":\"Atul Ltd\",\"description\":\"\",\"potentialAction\":[{\"@type\":\"SearchAction\",\"target\":{\"@type\":\"EntryPoint\",\"urlTemplate\":\"http:\/\/13.127.36.189\/spanish\/?s={search_term_string}\"},\"query-input\":{\"@type\":\"PropertyValueSpecification\",\"valueRequired\":true,\"valueName\":\"search_term_string\"}}],\"inLanguage\":\"en-US\"}]}<\/script>\n<!-- \/ Yoast SEO plugin. -->","yoast_head_json":{"title":"Medios de comunicaci\u00f3n | Galer\u00eda | Atul","robots":{"index":"index","follow":"follow","max-snippet":"max-snippet:-1","max-image-preview":"max-image-preview:large","max-video-preview":"max-video-preview:-1"},"canonical":"https:\/\/www.atul.co.in\/spanish\/media\/gallery\/","og_locale":"en_US","og_type":"article","og_title":"Medios de comunicaci\u00f3n | Galer\u00eda | Atul","og_description":"Medios de comunicaci\u00f3n &rsaquo; Galer\u00eda [ngg_images source=&#8221;galleries&#8221; container_ids=&#8221;2&#8243; display_type=&#8221;photocrati-nextgen_pro_thumbnail_grid&#8221; override_thumbnail_settings=&#8221;0&#8243; thumbnail_width=&#8221;240&#8243; thumbnail_height=&#8221;160&#8243; thumbnail_crop=&#8221;1&#8243; images_per_page=&#8221;50&#8243; border_size=&#8221;0&#8243; border_color=&#8221;#eeeeee&#8221; spacing=&#8221;2&#8243; number_of_columns=&#8221;0&#8243; display_type_view=&#8221;default&#8221; ngg_triggers_display=&#8221;never&#8221; captions_enabled=&#8221;1&#8243; captions_display_sharing=&#8221;1&#8243; captions_display_title=&#8221;1&#8243; captions_display_description=&#8221;1&#8243; captions_animation=&#8221;slideup&#8221; order_by=&#8221;sortorder&#8221; order_direction=&#8221;ASC&#8221; returns=&#8221;included&#8221; maximum_entity_count=&#8221;500&#8243;]","og_url":"https:\/\/www.atul.co.in\/spanish\/media\/gallery\/","og_site_name":"Atul Ltd","article_modified_time":"2020-06-02T16:48:27+00:00","og_image":[{"width":1250,"height":335,"url":"https:\/\/www.atul.co.in\/spanish\/wp-content\/uploads\/2017\/02\/gallery-banner-1.jpg","type":"image\/jpeg"}],"twitter_card":"summary_large_image","schema":{"@context":"https:\/\/schema.org","@graph":[{"@type":"WebPage","@id":"https:\/\/www.atul.co.in\/spanish\/media\/gallery\/","url":"https:\/\/www.atul.co.in\/spanish\/media\/gallery\/","name":"Medios de comunicaci\u00f3n | Galer\u00eda | Atul","isPartOf":{"@id":"http:\/\/13.127.36.189\/spanish\/#website"},"primaryImageOfPage":{"@id":"https:\/\/www.atul.co.in\/spanish\/media\/gallery\/#primaryimage"},"image":{"@id":"https:\/\/www.atul.co.in\/spanish\/media\/gallery\/#primaryimage"},"thumbnailUrl":"https:\/\/www.atul.co.in\/spanish\/wp-content\/uploads\/2017\/02\/gallery-banner-1.jpg","datePublished":"2017-02-08T08:05:08+00:00","dateModified":"2020-06-02T16:48:27+00:00","breadcrumb":{"@id":"https:\/\/www.atul.co.in\/spanish\/media\/gallery\/#breadcrumb"},"inLanguage":"en-US","potentialAction":[{"@type":"ReadAction","target":["https:\/\/www.atul.co.in\/spanish\/media\/gallery\/"]}]},{"@type":"ImageObject","inLanguage":"en-US","@id":"https:\/\/www.atul.co.in\/spanish\/media\/gallery\/#primaryimage","url":"https:\/\/www.atul.co.in\/spanish\/wp-content\/uploads\/2017\/02\/gallery-banner-1.jpg","contentUrl":"https:\/\/www.atul.co.in\/spanish\/wp-content\/uploads\/2017\/02\/gallery-banner-1.jpg","width":1250,"height":335},{"@type":"BreadcrumbList","@id":"https:\/\/www.atul.co.in\/spanish\/media\/gallery\/#breadcrumb","itemListElement":[{"@type":"ListItem","position":1,"name":"Home","item":"https:\/\/www.atul.co.in\/spanish\/"},{"@type":"ListItem","position":2,"name":"Medios de comunicaci\u00f3n","item":"https:\/\/www.atul.co.in\/spanish\/media\/"},{"@type":"ListItem","position":3,"name":"Galer\u00eda"}]},{"@type":"WebSite","@id":"http:\/\/13.127.36.189\/spanish\/#website","url":"http:\/\/13.127.36.189\/spanish\/","name":"Atul Ltd","description":"","potentialAction":[{"@type":"SearchAction","target":{"@type":"EntryPoint","urlTemplate":"http:\/\/13.127.36.189\/spanish\/?s={search_term_string}"},"query-input":{"@type":"PropertyValueSpecification","valueRequired":true,"valueName":"search_term_string"}}],"inLanguage":"en-US"}]}},"_links":{"self":[{"href":"https:\/\/www.atul.co.in\/spanish\/wp-json\/wp\/v2\/pages\/997","targetHints":{"allow":["GET"]}}],"collection":[{"href":"https:\/\/www.atul.co.in\/spanish\/wp-json\/wp\/v2\/pages"}],"about":[{"href":"https:\/\/www.atul.co.in\/spanish\/wp-json\/wp\/v2\/types\/page"}],"author":[{"embeddable":true,"href":"https:\/\/www.atul.co.in\/spanish\/wp-json\/wp\/v2\/users\/1"}],"replies":[{"embeddable":true,"href":"https:\/\/www.atul.co.in\/spanish\/wp-json\/wp\/v2\/comments?post=997"}],"version-history":[{"count":0,"href":"https:\/\/www.atul.co.in\/spanish\/wp-json\/wp\/v2\/pages\/997\/revisions"}],"up":[{"embeddable":true,"href":"https:\/\/www.atul.co.in\/spanish\/wp-json\/wp\/v2\/pages\/843"}],"wp:featuredmedia":[{"embeddable":true,"href":"https:\/\/www.atul.co.in\/spanish\/wp-json\/wp\/v2\/media\/5609"}],"wp:attachment":[{"href":"https:\/\/www.atul.co.in\/spanish\/wp-json\/wp\/v2\/media?parent=997"}],"curies":[{"name":"wp","href":"https:\/\/api.w.org\/{rel}","templated":true}]}}